{"id":1085553,"date":"2026-02-23T12:55:15","date_gmt":"2026-02-23T11:55:15","guid":{"rendered":"https:\/\/www.claret.cat\/llibre\/la-lily-mitjalluna-3-el-secret-de-kalash-9788448871611\/"},"modified":"2026-02-23T13:31:55","modified_gmt":"2026-02-23T12:31:55","slug":"la-lily-mitjalluna-3-el-secret-de-kalash-9788448871611","status":"publish","type":"product","link":"https:\/\/www.claret.cat\/es\/libro\/la-lily-mitjalluna-3-el-secret-de-kalash-9788448871611\/","title":{"rendered":"LA LILY MITJALLUNA 3 &#8211; EL SECRET DE KALASH"},"content":{"rendered":"<p>La Lily Mitjalluna i les seves amigues tornen amb una nova aventura plena de m\u00e0gia, misteri i amistat, escrita i il\u00b7lustrada per Xavi Bonet. Una hist\u00f2ria que ens transporta fins als confins del m\u00f3n m\u00e0gic i als secrets m\u00e9s ben guardats del seu passat. Despr\u00e9s d&#8221;haver-se trobat amb les bruixes del Samhain, la Lily continua buscant respostes sobre la seva pedra de poder. Aquesta vegada, un antic mapa la guiar\u00e0 fins a les muntanyes del Kalash, un territori perdut on s&#8221;amaga una energia ancestral. All\u00e0 descobriran l&#8221;Arbre de la Vida Eterna i coneixeran nous amics -i enemics- que posaran a prova el seu coratge, la seva m\u00e0gia i la for\u00e7a del seu vincle. Per\u00f2 les llegendes no sempre expliquen tota la veritat\u2026 Aviat, la Lily aprendr\u00e0 que no hi ha encanteri m\u00e9s poder\u00f3s que el que neix del cor. Una nova aventura de la Lily Mitjalluna *Tercer t\u00edtol de la s\u00e8rie Lily Mitjalluna, el c\u00f2mic infantil de fantasia creat per Xavi Bonet, il\u00b7lustrador dels llibres de Harry Potter publicats per Salamandra.<br \/>*Una hist\u00f2ria que combina m\u00e0gia, natura i amistat, perfecta per a lectors i lectores d&#8221;entre 7 i 10 anys.<br \/>*Amb escenaris inspiradors, criatures meravelloses i missatges sobre la confian\u00e7a, el treball en equip i el poder interior.<br \/>*Ideal per a primers lectors i fans de c\u00f2mics com Els diaris de la Cirera o Las Sisters. PER QU\u00c8 \u00c9S BO LLEGIR C\u00d2MICS? *Afavoreixen la iniciaci\u00f3 a la lectura d&#8221;una manera \u00e0gil, divertida, atractiva i visual gr\u00e0cies a les frases curtes i l&#8221;ajuda de les imatges.<br \/>*Contribueixen a millorar la confian\u00e7a d&#8221;aquells primers lectors que no s&#8221;enganxen a la lectura.<br \/>*Ajuda a consolidar l&#8221;h\u00e0bit de lectura.<br \/>*Fomentar i enriqueix la imaginaci\u00f3 i la creativitat.<br \/>*Facilita la comprensi\u00f3 lectora i ajuda a millorar el vocabulari gr\u00e0cies a qu\u00e8 les vinyetes permeten associar r\u00e0pidament les paraules amb el seu significat. LLEGIR C\u00d2MIC \u00c9S LLEGIR!<\/p>\n","protected":false},"excerpt":{"rendered":"<p>XAVIER BONET<\/p>\n","protected":false},"featured_media":1085554,"template":"","meta":{"_acf_changed":false,"om_disable_all_campaigns":false,"rs_blank_template":"","rs_page_bg_color":"","slide_template_v7":"","inline_featured_image":false,"_monsterinsights_skip_tracking":false,"_monsterinsights_sitenote_active":false,"_monsterinsights_sitenote_note":"","_monsterinsights_sitenote_category":0},"product_brand":[],"product_cat":[133,364,134,363],"product_tag":[],"class_list":{"0":"post-1085553","1":"product","2":"type-product","3":"status-publish","4":"has-post-thumbnail","6":"product_cat-lectures-per-adolescents-12-18-anys","7":"product_cat-comics-infantil-3_infantil-juvenil-spa","8":"product_cat-comics","9":"product_cat-lecturas-por-adolescentes-12-18-anos","11":"first","12":"instock","13":"taxable","14":"shipping-taxable","15":"purchasable","16":"product-type-simple"},"acf":{"autor":"XAVIER BONET","codart":"844887161","libros-coleccion":"BEASCOA","ediciones":"1","encuadernacion":"Carton\u00e9","fecha_de_publicacion":"01\/02\/2026","novedad":"1","paginas":"70","subtitulo":"","orden":"0","portada":"0","idioma":"cat","booktrailer":"","resenas":"","editorial":[{"ID":6141,"post_author":"3","post_date":"2022-07-28 17:45:46","post_date_gmt":"2022-07-28 15:45:46","post_content":"","post_title":"BEASCOA","post_excerpt":"","post_status":"publish","comment_status":"closed","ping_status":"closed","post_password":"","post_name":"beascoa","to_ping":"","pinged":"","post_modified":"2022-07-28 17:45:46","post_modified_gmt":"2022-07-28 15:45:46","post_content_filtered":"","post_parent":0,"guid":"http:\/\/dev.claret.cat\/editorial\/beascoa\/","menu_order":0,"post_type":"editorial","post_mime_type":"","comment_count":"0","filter":"raw"}]},"aioseo_notices":[],"_links":{"self":[{"href":"https:\/\/www.claret.cat\/es\/wp-json\/wp\/v2\/product\/1085553","targetHints":{"allow":["GET"]}}],"collection":[{"href":"https:\/\/www.claret.cat\/es\/wp-json\/wp\/v2\/product"}],"about":[{"href":"https:\/\/www.claret.cat\/es\/wp-json\/wp\/v2\/types\/product"}],"wp:featuredmedia":[{"embeddable":true,"href":"https:\/\/www.claret.cat\/es\/wp-json\/wp\/v2\/media\/1085554"}],"wp:attachment":[{"href":"https:\/\/www.claret.cat\/es\/wp-json\/wp\/v2\/media?parent=1085553"}],"wp:term":[{"taxonomy":"product_brand","embeddable":true,"href":"https:\/\/www.claret.cat\/es\/wp-json\/wp\/v2\/product_brand?post=1085553"},{"taxonomy":"product_cat","embeddable":true,"href":"https:\/\/www.claret.cat\/es\/wp-json\/wp\/v2\/product_cat?post=1085553"},{"taxonomy":"product_tag","embeddable":true,"href":"https:\/\/www.claret.cat\/es\/wp-json\/wp\/v2\/product_tag?post=1085553"}],"curies":[{"name":"wp","href":"https:\/\/api.w.org\/{rel}","templated":true}]}}