{"id":1085556,"date":"2026-02-23T12:55:38","date_gmt":"2026-02-23T11:55:38","guid":{"rendered":"https:\/\/www.claret.cat\/llibre\/gato-de-biblioteca-9788448872786\/"},"modified":"2026-02-23T13:32:05","modified_gmt":"2026-02-23T12:32:05","slug":"gato-de-biblioteca-9788448872786","status":"publish","type":"product","link":"https:\/\/www.claret.cat\/es\/libro\/gato-de-biblioteca-9788448872786\/","title":{"rendered":"GATO DE BIBLIOTECA"},"content":{"rendered":"<p>La bonita historia de un gato que encontr\u00f3 en la biblioteca de los cuentos un lugar feliz donde vivir En el valle de la Primavera hay una biblioteca m\u00e1gica\u2026 y un gato llamado Leo, que cada noche se cuela entre los libros para vivir mil aventuras. Viajando por trenes imposibles, mares profundos y bosques de palabras, Leo descubre que cada libro es una puerta abierta a otros mundos, y que la lectura puede convertir hasta a un gato curioso en un verdadero explorador. Con ilustraciones detalladas, Gato de biblioteca es un homenaje a los libros, a la imaginaci\u00f3n y a los espacios donde los sue\u00f1os toman forma entre estanter\u00edas. Una historia para amantes de la lectura de todas las edades, perfecta para descubrir la magia de leer, so\u00f1ar y compartir historias.<\/p>\n","protected":false},"excerpt":{"rendered":"<p>JI-HYE CHOI<\/p>\n","protected":false},"featured_media":1085557,"template":"","meta":{"_acf_changed":false,"om_disable_all_campaigns":false,"rs_blank_template":"","rs_page_bg_color":"","slide_template_v7":"","inline_featured_image":false,"_monsterinsights_skip_tracking":false,"_monsterinsights_sitenote_active":false,"_monsterinsights_sitenote_note":"","_monsterinsights_sitenote_category":0},"product_brand":[],"product_cat":[132,362],"product_tag":[],"class_list":{"0":"post-1085556","1":"product","2":"type-product","3":"status-publish","4":"has-post-thumbnail","6":"product_cat-lectures-per-preadolescents-6-12-anys","7":"product_cat-libros-preadolescentes-6-12-anos","9":"first","10":"instock","11":"taxable","12":"shipping-taxable","13":"purchasable","14":"product-type-simple"},"acf":{"autor":"JI-HYE CHOI","codart":"844887278","libros-coleccion":"Cuentos infantiles","ediciones":"1","encuadernacion":"Carton\u00e9","fecha_de_publicacion":"01\/02\/2026","novedad":"1","paginas":"32","subtitulo":"","orden":"0","portada":"0","idioma":"spa","booktrailer":"","resenas":"","editorial":[{"ID":6141,"post_author":"3","post_date":"2022-07-28 17:45:46","post_date_gmt":"2022-07-28 15:45:46","post_content":"","post_title":"BEASCOA","post_excerpt":"","post_status":"publish","comment_status":"closed","ping_status":"closed","post_password":"","post_name":"beascoa","to_ping":"","pinged":"","post_modified":"2022-07-28 17:45:46","post_modified_gmt":"2022-07-28 15:45:46","post_content_filtered":"","post_parent":0,"guid":"http:\/\/dev.claret.cat\/editorial\/beascoa\/","menu_order":0,"post_type":"editorial","post_mime_type":"","comment_count":"0","filter":"raw"}]},"aioseo_notices":[],"_links":{"self":[{"href":"https:\/\/www.claret.cat\/es\/wp-json\/wp\/v2\/product\/1085556","targetHints":{"allow":["GET"]}}],"collection":[{"href":"https:\/\/www.claret.cat\/es\/wp-json\/wp\/v2\/product"}],"about":[{"href":"https:\/\/www.claret.cat\/es\/wp-json\/wp\/v2\/types\/product"}],"wp:featuredmedia":[{"embeddable":true,"href":"https:\/\/www.claret.cat\/es\/wp-json\/wp\/v2\/media\/1085557"}],"wp:attachment":[{"href":"https:\/\/www.claret.cat\/es\/wp-json\/wp\/v2\/media?parent=1085556"}],"wp:term":[{"taxonomy":"product_brand","embeddable":true,"href":"https:\/\/www.claret.cat\/es\/wp-json\/wp\/v2\/product_brand?post=1085556"},{"taxonomy":"product_cat","embeddable":true,"href":"https:\/\/www.claret.cat\/es\/wp-json\/wp\/v2\/product_cat?post=1085556"},{"taxonomy":"product_tag","embeddable":true,"href":"https:\/\/www.claret.cat\/es\/wp-json\/wp\/v2\/product_tag?post=1085556"}],"curies":[{"name":"wp","href":"https:\/\/api.w.org\/{rel}","templated":true}]}}