{"id":1085559,"date":"2026-02-23T12:55:55","date_gmt":"2026-02-23T11:55:55","guid":{"rendered":"https:\/\/www.claret.cat\/llibre\/el-ancho-mundo-los-anos-gloriosos-1-9788466376846\/"},"modified":"2026-02-23T13:32:10","modified_gmt":"2026-02-23T12:32:10","slug":"el-ancho-mundo-los-anos-gloriosos-1-9788466376846","status":"publish","type":"product","link":"https:\/\/www.claret.cat\/es\/libro\/el-ancho-mundo-los-anos-gloriosos-1-9788466376846\/","title":{"rendered":"EL ANCHO MUNDO (LOS A\u00d1OS GLORIOSOS 1)"},"content":{"rendered":"<p>Beirut, Par\u00eds, Saig\u00f3n, 1948. Una trepidante saga familiar llena de secretos, peripecias, aventuras amorosas, turbios negocios y cr\u00edmenes. El ancho mundo narra las aventuras, desventuras, peripecias y secretos de los Pelletier, una familia propietaria de una f\u00e1brica de jabones en Beirut, ciudad bajo influencia francesa, con la Guerra de Indochina y el Par\u00eds de la posguerra y la reconstrucci\u00f3n como tel\u00f3n de fondo. Y todo con un toque de exotismo y varios asesinatos. Lemaitre nos cuenta tres historias de amor, dos procesiones, la historia de Buda y Confucio, las peripecias de un periodista ambicioso, una muerte tr\u00e1gica, la vida del gato Joseph, los maltratos de una esposa insoportable, la corrupci\u00f3n de los gobiernos, un descenso a los infiernos&#8230; Una novela magistral, luminosa y oscura a la vez, tierna y dura, llena de vueltas, cautivante, que juega deliciosamente con los c\u00f3digos del follet\u00edn.La cr\u00edtica ha dicho: \u00abPierre Lemaitre es uno de los escritores m\u00e1s interesantes de la narrativa europea contempor\u00e1nea.\u00bb<br \/>La Opini\u00f3n de M\u00e1laga<\/p>\n<p>\u00abEs una novela magistral, luminosa y oscura a la vez, tierna, dura y cautivadora, en la que el escritor franc\u00e9s no escatima personajes ni giros argumentales.\u00bb<br \/>Muy Interesante Espa\u00f1a<\/p>\n<p>\u00abUno de los acontecimientos narrativos del a\u00f1o.\u00bb<br \/>Expansi\u00f3n<\/p>\n<p>\u00abNo hay escritor franc\u00e9s que a\u00fane con m\u00e1s contundencia el aplauso de la cr\u00edtica y la aprobaci\u00f3n de los lectores que Pierre Lemaitre.\u00bb<br \/>Zenda Libros<\/p>\n<p>\u00abPierre Lemaitre cautiva y encandila h\u00e1bilmente allector.\u00bb<br \/>Le Figaro Litt\u00e9raire<\/p>\n<p>\u00abPierre Lemaitre no escatima personajes ni giros argumentales. Dumas no anda lejos y Zola acecha, con Hugo inclinado sobre el hombro de un Lemaitre que se lo pasa en grande y gui\u00f1a el ojo a sus lectores.\u00bb<br \/>T\u00e9l\u00e9rama<\/p>\n<p>\u00abPierre Lemaitre regresa con su prodigiosa inventiva [&#8230;] para hincarle el diente con glotoner\u00eda a las insensateces de una\u00e9poca.\u00bb<br \/>Les \u00c9chos<\/p>\n<p>\u00abTan pronto r\u00edes como lloras: el follet\u00edn convertido en gran arte.\u00bb<br \/>Madame Figaro<\/p>\n<p>\u00abVive, vibra, es trepidante. Es dram\u00e1tica y divertida, tr\u00e1gica y regocijante. Pierre Lemaitre reinventa el arte del follet\u00edn y coloca el list\u00f3n muy alto&#8230;\u00bb<br \/>La Croix<\/p>\n<p>\u00abEs uno de esos libros voluminosos que devoras con avidez pregunt\u00e1ndote qu\u00e9 demonios va a inventar este autor torrencial, que embarca al lector en una incre\u00edble historia de briboner\u00eda parlamentaria, periodismo parisino y asesinatos perpetrados por el mediocre primog\u00e9nito de una familia acomodada, dominado por una mujer decidida y tremendamente lujuriosa. Estamos en el gran mundo de las sagas familiares, en la tradici\u00f3n de Roger Martin du Gard o JulesRomains.\u00bb<br \/>Le Nouvel Observateur<\/p>\n<p>\u00abEl ancho mundo ofrece una visi\u00f3n de la Guerra de Indochina (1946-1954), la guerra de guerrillas en la jungla, las atrocidades de ambos bandos, los atentados del Viet Minh en Saig\u00f3n, uno de los polos geogr\u00e1ficos de la historia, junto con Par\u00eds. En todo momento est\u00e1n presentes el absurdo, la hipocres\u00eda de los dirigentes, el cinismo capitalista y la omnipresencia de los ventajistas de la guerra.\u00bb<br \/>Le Monde des Livres<\/p>\n","protected":false},"excerpt":{"rendered":"<p>PIERRE LEMAITRE<\/p>\n","protected":false},"featured_media":1085560,"template":"","meta":{"_acf_changed":false,"om_disable_all_campaigns":false,"rs_blank_template":"","rs_page_bg_color":"","slide_template_v7":"","inline_featured_image":false,"_monsterinsights_skip_tracking":false,"_monsterinsights_sitenote_active":false,"_monsterinsights_sitenote_note":"","_monsterinsights_sitenote_category":0},"product_brand":[],"product_cat":[127,357],"product_tag":[],"class_list":{"0":"post-1085559","1":"product","2":"type-product","3":"status-publish","4":"has-post-thumbnail","6":"product_cat-novella-contemporania","7":"product_cat-novela-contemporanea","9":"first","10":"instock","11":"taxable","12":"shipping-taxable","13":"purchasable","14":"product-type-simple"},"acf":{"autor":"PIERRE LEMAITRE","codart":"846637684","libros-coleccion":"","ediciones":"1","encuadernacion":"R\u00fastica","fecha_de_publicacion":"01\/02\/2026","novedad":"1","paginas":"590","subtitulo":"LOS A\u00d1OS GLORIOSOS 1","orden":"0","portada":"0","idioma":"spa","booktrailer":"","resenas":"","editorial":[{"ID":6178,"post_author":"3","post_date":"2022-07-28 17:46:34","post_date_gmt":"2022-07-28 15:46:34","post_content":"","post_title":"DEBOLSILLO","post_excerpt":"","post_status":"publish","comment_status":"closed","ping_status":"closed","post_password":"","post_name":"debolsillo","to_ping":"","pinged":"","post_modified":"2022-07-28 17:46:34","post_modified_gmt":"2022-07-28 15:46:34","post_content_filtered":"","post_parent":0,"guid":"http:\/\/dev.claret.cat\/editorial\/debolsillo\/","menu_order":0,"post_type":"editorial","post_mime_type":"","comment_count":"0","filter":"raw"}]},"aioseo_notices":[],"_links":{"self":[{"href":"https:\/\/www.claret.cat\/es\/wp-json\/wp\/v2\/product\/1085559","targetHints":{"allow":["GET"]}}],"collection":[{"href":"https:\/\/www.claret.cat\/es\/wp-json\/wp\/v2\/product"}],"about":[{"href":"https:\/\/www.claret.cat\/es\/wp-json\/wp\/v2\/types\/product"}],"wp:featuredmedia":[{"embeddable":true,"href":"https:\/\/www.claret.cat\/es\/wp-json\/wp\/v2\/media\/1085560"}],"wp:attachment":[{"href":"https:\/\/www.claret.cat\/es\/wp-json\/wp\/v2\/media?parent=1085559"}],"wp:term":[{"taxonomy":"product_brand","embeddable":true,"href":"https:\/\/www.claret.cat\/es\/wp-json\/wp\/v2\/product_brand?post=1085559"},{"taxonomy":"product_cat","embeddable":true,"href":"https:\/\/www.claret.cat\/es\/wp-json\/wp\/v2\/product_cat?post=1085559"},{"taxonomy":"product_tag","embeddable":true,"href":"https:\/\/www.claret.cat\/es\/wp-json\/wp\/v2\/product_tag?post=1085559"}],"curies":[{"name":"wp","href":"https:\/\/api.w.org\/{rel}","templated":true}]}}