{"id":1085568,"date":"2026-02-23T13:00:35","date_gmt":"2026-02-23T12:00:35","guid":{"rendered":"https:\/\/www.claret.cat\/llibre\/els-arxius-de-lares-2-una-alianca-inesperada-9791387598969\/"},"modified":"2026-02-26T16:10:23","modified_gmt":"2026-02-26T15:10:23","slug":"els-arxius-de-lares-2-una-alianca-inesperada-9791387598969","status":"publish","type":"product","link":"https:\/\/www.claret.cat\/es\/libro\/els-arxius-de-lares-2-una-alianca-inesperada-9791387598969\/","title":{"rendered":"ELS ARXIUS DE L\u2019ARES 2 &#8211; UNA ALIAN\u00c7A INESPERADA"},"content":{"rendered":"<p>Lluitar contra els d\u00e9us no era al temari. Pero toca examen final. S\u00f3c la CLEO, i aquest any aquest examen podria ser l&#8217;\u00faltim (literalment).<\/p>\n<p>Despr\u00e9s del que ha passat (i suposo que si est\u00e0s llegint aix\u00f2 \u00e9s perqu\u00e8 SAPS COSES), l&#8217;ARES ens ha portat al LEO i a mi a l&#8217;Acad\u00e8mia Knossos, a la Nova Creta (o hauria de dir el millor lloc per protegir-nos de ZEUS i els seus esbirros?).<\/p>\n<p>Et dir\u00e9 la veritat: pensava que res no podria sorprendre&#8217;m i<\/p>\n<p>Error.<\/p>\n<p>Potser ni tan sols aqu\u00ed estem segurs. I no \u00e9s perqu\u00e8 hi hagi un minotaure rondant o perqu\u00e8 la deessa de la disc\u00f2rdia sigui la directora del centre. Els nostres vells enemics han tornat, i aquesta vegada coneixen els nostres punts febles. El seu objectiu \u00e9s recuperar l&#8217;\u00f2nfal, la font del poder div\u00ed, aix\u00ed que la nostra \u00fanica opci\u00f3 per aturar-los \u00e9s destruir-lo.<\/p>\n<p>Per aix\u00f2, necessitarem alguna cosa m\u00e9s que valentia: una alian\u00e7a que ning\u00fa no va veure venir.<\/p>\n<p>Per\u00f2 potser el veritable poder rau en les decisions que prenem i, aquesta vegada, salvar el m\u00f3n voldr\u00e0 dir confiar en qui menys ens esper\u00e0vem. (Si aix\u00f2 no mereix matr\u00edcula d&#8217;honor, ja no s\u00e9 com aconseguir-la!).<\/p>\n<p>Per qu\u00e8 aquest llibre \u00e9s tan de\u00efficadament incre\u00efble? &#8211; Escrit per V\u00edctor Sabat\u00e9, especialitzat en literatura infantil i juvenil i gran coneixedor de la mitologia i amb les precioses il\u00b7lustracions de Amagoia Aguirre<br \/>&#8211; Una hist\u00f2ria amb noves i al\u00b7lucinants interpretacions d&#8217;un tema estrella: la mitologia.<br \/>&#8211; Els millors ingredients: acci\u00f3, adrenalina i girs mai vistos. I uns personatges que arriben per a arrasar amb els d\u00e9us! Est\u00e0s preparat per a ajudar-los?<br \/>&#8211; Aventures per a tots els p\u00fablics: Noies, nois, benvinguts a l&#8217;equip Ares!<br \/>&#8211; Un univers on els lectors voldran quedar-se per sempre, al m\u00e9s pur estil de fen\u00f2mens com Percy Jackson. *** Aquesta \u00e9s una hist\u00f2ria fora del com\u00fa&#8230; Prepara&#8217;t per lluitar contra d\u00e9us i visitar els llocs m\u00e9s incre\u00efbles en una odissea per salvar el m\u00f3n!<\/p>\n","protected":false},"excerpt":{"rendered":"<p>V\u00cdCTOR SABAT\u00c9<\/p>\n","protected":false},"featured_media":1086644,"template":"","meta":{"_acf_changed":false,"om_disable_all_campaigns":false,"rs_blank_template":"","rs_page_bg_color":"","slide_template_v7":"","inline_featured_image":false,"_monsterinsights_skip_tracking":false,"_monsterinsights_sitenote_active":false,"_monsterinsights_sitenote_note":"","_monsterinsights_sitenote_category":0},"product_brand":[],"product_cat":[132,362],"product_tag":[],"class_list":{"0":"post-1085568","1":"product","2":"type-product","3":"status-publish","4":"has-post-thumbnail","6":"product_cat-lectures-per-preadolescents-6-12-anys","7":"product_cat-libros-preadolescentes-6-12-anos","9":"first","10":"instock","11":"taxable","12":"shipping-taxable","13":"purchasable","14":"product-type-simple"},"acf":{"autor":"V\u00cdCTOR SABAT\u00c9","codart":"138759896","libros-coleccion":"","ediciones":"1","encuadernacion":"Carton\u00e9","fecha_de_publicacion":"01\/02\/2026","novedad":"1","paginas":"260","subtitulo":"","orden":"0","portada":"0","idioma":"cat","booktrailer":"","resenas":"","editorial":[{"ID":1068054,"post_author":"3","post_date":"2025-11-24 16:55:01","post_date_gmt":"2025-11-24 15:55:01","post_content":"","post_title":"8MONTENA","post_excerpt":"","post_status":"publish","comment_status":"closed","ping_status":"closed","post_password":"","post_name":"8montena","to_ping":"","pinged":"","post_modified":"2025-11-24 16:55:01","post_modified_gmt":"2025-11-24 15:55:01","post_content_filtered":"","post_parent":0,"guid":"https:\/\/www.claret.cat\/editorial\/8montena\/","menu_order":0,"post_type":"editorial","post_mime_type":"","comment_count":"0","filter":"raw"}]},"aioseo_notices":[],"_links":{"self":[{"href":"https:\/\/www.claret.cat\/es\/wp-json\/wp\/v2\/product\/1085568","targetHints":{"allow":["GET"]}}],"collection":[{"href":"https:\/\/www.claret.cat\/es\/wp-json\/wp\/v2\/product"}],"about":[{"href":"https:\/\/www.claret.cat\/es\/wp-json\/wp\/v2\/types\/product"}],"wp:featuredmedia":[{"embeddable":true,"href":"https:\/\/www.claret.cat\/es\/wp-json\/wp\/v2\/media\/1086644"}],"wp:attachment":[{"href":"https:\/\/www.claret.cat\/es\/wp-json\/wp\/v2\/media?parent=1085568"}],"wp:term":[{"taxonomy":"product_brand","embeddable":true,"href":"https:\/\/www.claret.cat\/es\/wp-json\/wp\/v2\/product_brand?post=1085568"},{"taxonomy":"product_cat","embeddable":true,"href":"https:\/\/www.claret.cat\/es\/wp-json\/wp\/v2\/product_cat?post=1085568"},{"taxonomy":"product_tag","embeddable":true,"href":"https:\/\/www.claret.cat\/es\/wp-json\/wp\/v2\/product_tag?post=1085568"}],"curies":[{"name":"wp","href":"https:\/\/api.w.org\/{rel}","templated":true}]}}