{"id":1085581,"date":"2026-02-23T13:20:02","date_gmt":"2026-02-23T12:20:02","guid":{"rendered":"https:\/\/www.claret.cat\/llibre\/contrato-social-9791388115004\/"},"modified":"2026-02-23T13:35:17","modified_gmt":"2026-02-23T12:35:17","slug":"contrato-social-9791388115004","status":"publish","type":"product","link":"https:\/\/www.claret.cat\/es\/libro\/contrato-social-9791388115004\/","title":{"rendered":"CONTRATO SOCIAL"},"content":{"rendered":"<p>La obra maestra que redefini\u00f3 el poder: soberan\u00eda, libertad y la base cr\u00edtica de la democracia moderna.<\/p>\n","protected":false},"excerpt":{"rendered":"<p>JEAN-JACQUES ROUSSEAU<\/p>\n","protected":false},"featured_media":1085582,"template":"","meta":{"_acf_changed":false,"om_disable_all_campaigns":false,"rs_blank_template":"","rs_page_bg_color":"","slide_template_v7":"","inline_featured_image":false,"_monsterinsights_skip_tracking":false,"_monsterinsights_sitenote_active":false,"_monsterinsights_sitenote_note":"","_monsterinsights_sitenote_category":0},"product_brand":[],"product_cat":[375,174,373,166,170,441],"product_tag":[],"class_list":{"0":"post-1085581","1":"product","2":"type-product","3":"status-publish","4":"has-post-thumbnail","6":"product_cat-antropologia-filosofia-2_humanidades","7":"product_cat-antropologia","8":"product_cat-autores","9":"product_cat-autors-filosofia","10":"product_cat-politica-i-social","11":"product_cat-politica-y-social","13":"first","14":"instock","15":"taxable","16":"shipping-taxable","17":"purchasable","18":"product-type-simple"},"acf":{"autor":"JEAN-JACQUES ROUSSEAU","codart":"138811500","libros-coleccion":"","ediciones":"1","encuadernacion":"R\u00fastica","fecha_de_publicacion":"01\/02\/2026","novedad":"1","paginas":"172","subtitulo":"","orden":"0","portada":"0","idioma":"spa","booktrailer":"","resenas":"","editorial":[{"ID":261861,"post_author":"3","post_date":"2022-10-24 11:16:47","post_date_gmt":"2022-10-24 09:16:47","post_content":"","post_title":"BIBLIOTECA NUEVA","post_excerpt":"","post_status":"publish","comment_status":"closed","ping_status":"closed","post_password":"","post_name":"biblioteca-nueva","to_ping":"","pinged":"","post_modified":"2022-10-24 11:16:47","post_modified_gmt":"2022-10-24 09:16:47","post_content_filtered":"","post_parent":0,"guid":"http:\/\/dev.claret.cat\/editorial\/biblioteca-nueva\/","menu_order":0,"post_type":"editorial","post_mime_type":"","comment_count":"0","filter":"raw"}]},"aioseo_notices":[],"_links":{"self":[{"href":"https:\/\/www.claret.cat\/es\/wp-json\/wp\/v2\/product\/1085581","targetHints":{"allow":["GET"]}}],"collection":[{"href":"https:\/\/www.claret.cat\/es\/wp-json\/wp\/v2\/product"}],"about":[{"href":"https:\/\/www.claret.cat\/es\/wp-json\/wp\/v2\/types\/product"}],"wp:featuredmedia":[{"embeddable":true,"href":"https:\/\/www.claret.cat\/es\/wp-json\/wp\/v2\/media\/1085582"}],"wp:attachment":[{"href":"https:\/\/www.claret.cat\/es\/wp-json\/wp\/v2\/media?parent=1085581"}],"wp:term":[{"taxonomy":"product_brand","embeddable":true,"href":"https:\/\/www.claret.cat\/es\/wp-json\/wp\/v2\/product_brand?post=1085581"},{"taxonomy":"product_cat","embeddable":true,"href":"https:\/\/www.claret.cat\/es\/wp-json\/wp\/v2\/product_cat?post=1085581"},{"taxonomy":"product_tag","embeddable":true,"href":"https:\/\/www.claret.cat\/es\/wp-json\/wp\/v2\/product_tag?post=1085581"}],"curies":[{"name":"wp","href":"https:\/\/api.w.org\/{rel}","templated":true}]}}