{"id":1085587,"date":"2026-02-23T13:25:02","date_gmt":"2026-02-23T12:25:02","guid":{"rendered":"https:\/\/www.claret.cat\/llibre\/historias-de-vigata-vol-4-9788410435247\/"},"modified":"2026-02-25T18:11:08","modified_gmt":"2026-02-25T17:11:08","slug":"historias-de-vigata-vol-4-9788410435247","status":"publish","type":"product","link":"https:\/\/www.claret.cat\/es\/libro\/historias-de-vigata-vol-4-9788410435247\/","title":{"rendered":"HISTORIAS DE VIG\u00c0TA VOL. 4"},"content":{"rendered":"<p>En este \u00faltimo volumen de Historias de Vig\u00e0ta, Andrea Camilleri vuelve a transportarnos a su universo siciliano desbordante de iron\u00eda, disparate y humanidad. Heredero de la tradici\u00f3n de Boccaccio y del esp\u00edritu fustigador decameronesco, el autor dibuja la vida en este lugar donde la inocencia es a menudo una forma de locura; la honestidad, una obra maestra de la hipocres\u00eda, y el crimen no es m\u00e1s que una travesura del intelecto. Amores, marruller\u00edas, malentendidos y supersticiones se entrecruzan en un zarzal de situaciones disparatadas. Desde la tragicomedia de un cortejo f\u00fanebre convertido en carnaval de pasiones hasta reliquias patri\u00f3ticas que obran milagros literarios, el libro presenta un mosaico de personajes entra\u00f1ables, rid\u00edculos, tiernos, pat\u00e9ticos. Un Camilleri en estado puro, que hace re\u00edr, pensar y -como siempre- nos maravilla.<\/p>\n","protected":false},"excerpt":{"rendered":"<p>ANDREA CAMILLERI<\/p>\n","protected":false},"featured_media":1085640,"template":"","meta":{"_acf_changed":false,"om_disable_all_campaigns":false,"rs_blank_template":"","rs_page_bg_color":"","slide_template_v7":"","inline_featured_image":false,"_monsterinsights_skip_tracking":false,"_monsterinsights_sitenote_active":false,"_monsterinsights_sitenote_note":"","_monsterinsights_sitenote_category":0},"product_brand":[],"product_cat":[127,357],"product_tag":[],"class_list":{"0":"post-1085587","1":"product","2":"type-product","3":"status-publish","4":"has-post-thumbnail","6":"product_cat-novella-contemporania","7":"product_cat-novela-contemporanea","9":"first","10":"instock","11":"taxable","12":"shipping-taxable","13":"purchasable","14":"product-type-simple"},"acf":{"autor":"ANDREA CAMILLERI","codart":"841043524","libros-coleccion":"","ediciones":"1","encuadernacion":"R\u00fastica","fecha_de_publicacion":"01\/02\/2026","novedad":"1","paginas":"278","subtitulo":"","orden":"0","portada":"0","idioma":"spa","booktrailer":"","resenas":"","editorial":[{"ID":992804,"post_author":"3","post_date":"2024-11-20 12:36:47","post_date_gmt":"2024-11-20 11:36:47","post_content":"","post_title":"Altamarea Edici\u00f3n de Libros SL","post_excerpt":"","post_status":"publish","comment_status":"closed","ping_status":"closed","post_password":"","post_name":"altamarea-edicion-de-libros-sl","to_ping":"","pinged":"","post_modified":"2024-11-20 12:36:47","post_modified_gmt":"2024-11-20 11:36:47","post_content_filtered":"","post_parent":0,"guid":"https:\/\/www.claret.cat\/editorial\/altamarea-edicion-de-libros-sl\/","menu_order":0,"post_type":"editorial","post_mime_type":"","comment_count":"0","filter":"raw"}]},"aioseo_notices":[],"_links":{"self":[{"href":"https:\/\/www.claret.cat\/es\/wp-json\/wp\/v2\/product\/1085587","targetHints":{"allow":["GET"]}}],"collection":[{"href":"https:\/\/www.claret.cat\/es\/wp-json\/wp\/v2\/product"}],"about":[{"href":"https:\/\/www.claret.cat\/es\/wp-json\/wp\/v2\/types\/product"}],"wp:featuredmedia":[{"embeddable":true,"href":"https:\/\/www.claret.cat\/es\/wp-json\/wp\/v2\/media\/1085640"}],"wp:attachment":[{"href":"https:\/\/www.claret.cat\/es\/wp-json\/wp\/v2\/media?parent=1085587"}],"wp:term":[{"taxonomy":"product_brand","embeddable":true,"href":"https:\/\/www.claret.cat\/es\/wp-json\/wp\/v2\/product_brand?post=1085587"},{"taxonomy":"product_cat","embeddable":true,"href":"https:\/\/www.claret.cat\/es\/wp-json\/wp\/v2\/product_cat?post=1085587"},{"taxonomy":"product_tag","embeddable":true,"href":"https:\/\/www.claret.cat\/es\/wp-json\/wp\/v2\/product_tag?post=1085587"}],"curies":[{"name":"wp","href":"https:\/\/api.w.org\/{rel}","templated":true}]}}