{"id":1085590,"date":"2026-02-23T13:25:16","date_gmt":"2026-02-23T12:25:16","guid":{"rendered":"https:\/\/www.claret.cat\/llibre\/el-mejor-de-los-tiempos-9788418657900\/"},"modified":"2026-03-05T12:45:15","modified_gmt":"2026-03-05T11:45:15","slug":"el-mejor-de-los-tiempos-9788418657900","status":"publish","type":"product","link":"https:\/\/www.claret.cat\/es\/libro\/el-mejor-de-los-tiempos-9788418657900\/","title":{"rendered":"\u00bfEL MEJOR DE LOS TIEMPOS?"},"content":{"rendered":"<p>Nunca antes la humanidad se hab\u00eda asomado a un abismo tan vasto, ni lo hab\u00eda hecho de forma tan s\u00fabita, al menos en opini\u00f3n del autor. El final de la globalizaci\u00f3n tal como la conoc\u00edamos, la irrupci\u00f3n vertiginosa de la inteligencia artificial, el desgaste de las democracias y el inquietante renacer de las autocracias dibujan un paisaje incierto, a la vez fascinante y temible.<br \/> En esta propuesta, en un tono sereno pero firme, \u00c1lvaro del Casta\u00f1o nos propone volver a mirar hacia dentro. Replantearnos el lugar de la espiritualidad \u2014no como dogma, sino como impulso humano profundo\u2014 para no extraviarnos en medio del v\u00e9rtigo del cambio. Porque si el Homo sapiens pierde esa br\u00fajula interior, corre el riesgo no solo de perderse a s\u00ed mismo, sino de desaparecer por completo. <br \/> Y puede que estemos a tiempo de evitarlo.<\/p>\n","protected":false},"excerpt":{"rendered":"<p>\u00c1LVARO DEL CASTA\u00d1O VILLANUEVA<\/p>\n","protected":false},"featured_media":1088148,"template":"","meta":{"_acf_changed":false,"om_disable_all_campaigns":false,"rs_blank_template":"","rs_page_bg_color":"","slide_template_v7":"","inline_featured_image":false,"_monsterinsights_skip_tracking":false,"_monsterinsights_sitenote_active":false,"_monsterinsights_sitenote_note":"","_monsterinsights_sitenote_category":0},"product_brand":[],"product_cat":[375,174,434,159],"product_tag":[],"class_list":{"0":"post-1085590","1":"product","2":"type-product","3":"status-publish","4":"has-post-thumbnail","6":"product_cat-antropologia-filosofia-2_humanidades","7":"product_cat-antropologia","8":"product_cat-autores-sociologia-2_humanidades","9":"product_cat-autors","11":"first","12":"instock","13":"taxable","14":"shipping-taxable","15":"purchasable","16":"product-type-simple"},"acf":{"autor":"\u00c1LVARO DEL CASTA\u00d1O VILLANUEVA","codart":"841865790","libros-coleccion":"","ediciones":"1","encuadernacion":"R\u00fastica","fecha_de_publicacion":"01\/02\/2026","novedad":"1","paginas":"315","subtitulo":"EL PUENTE HACIA LO DESCONOCIDO","orden":"0","portada":"0","idioma":"spa","booktrailer":"","resenas":"","editorial":[{"ID":147997,"post_author":"3","post_date":"2022-10-14 11:54:50","post_date_gmt":"2022-10-14 09:54:50","post_content":"","post_title":"Editorial La Huerta Grande","post_excerpt":"","post_status":"publish","comment_status":"closed","ping_status":"closed","post_password":"","post_name":"editorial-la-huerta-grande","to_ping":"","pinged":"","post_modified":"2022-10-14 11:54:50","post_modified_gmt":"2022-10-14 09:54:50","post_content_filtered":"","post_parent":0,"guid":"http:\/\/dev.claret.cat\/editorial\/editorial-la-huerta-grande\/","menu_order":0,"post_type":"editorial","post_mime_type":"","comment_count":"0","filter":"raw"}]},"aioseo_notices":[],"_links":{"self":[{"href":"https:\/\/www.claret.cat\/es\/wp-json\/wp\/v2\/product\/1085590","targetHints":{"allow":["GET"]}}],"collection":[{"href":"https:\/\/www.claret.cat\/es\/wp-json\/wp\/v2\/product"}],"about":[{"href":"https:\/\/www.claret.cat\/es\/wp-json\/wp\/v2\/types\/product"}],"wp:featuredmedia":[{"embeddable":true,"href":"https:\/\/www.claret.cat\/es\/wp-json\/wp\/v2\/media\/1088148"}],"wp:attachment":[{"href":"https:\/\/www.claret.cat\/es\/wp-json\/wp\/v2\/media?parent=1085590"}],"wp:term":[{"taxonomy":"product_brand","embeddable":true,"href":"https:\/\/www.claret.cat\/es\/wp-json\/wp\/v2\/product_brand?post=1085590"},{"taxonomy":"product_cat","embeddable":true,"href":"https:\/\/www.claret.cat\/es\/wp-json\/wp\/v2\/product_cat?post=1085590"},{"taxonomy":"product_tag","embeddable":true,"href":"https:\/\/www.claret.cat\/es\/wp-json\/wp\/v2\/product_tag?post=1085590"}],"curies":[{"name":"wp","href":"https:\/\/api.w.org\/{rel}","templated":true}]}}