{"id":1085596,"date":"2026-02-23T13:30:02","date_gmt":"2026-02-23T12:30:02","guid":{"rendered":"https:\/\/www.claret.cat\/llibre\/la-espera-9788419393708\/"},"modified":"2026-02-23T14:35:50","modified_gmt":"2026-02-23T13:35:50","slug":"la-espera-9788419393708","status":"publish","type":"product","link":"https:\/\/www.claret.cat\/es\/libro\/la-espera-9788419393708\/","title":{"rendered":"LA ESPERA"},"content":{"rendered":"<p>En 2015, Mario Trigo viaj\u00f3 por encargo de Alta\u00efr Magazine a Ria\u00f1o para documentar los recientes avistamientos de una camada de lobos. Aquel viaje, concebido como un simple reportaje, se convirti\u00f3 en el germen de La espera: una obra que nos invita a mirar de frente a ese animal esquivo y fascinante que habita por igual nuestro imaginario infantil y nuestras disputas m\u00e1s contempor\u00e1neas.<\/p>\n<p> Mientras el equipo aguarda, inm\u00f3vil, a que el lobo asome entre los pliegues del monte, el lector descubre c\u00f3mo vive, c\u00f3mo caza, c\u00f3mo cr\u00eda y c\u00f3mo se relaciona dentro de la manada; qu\u00e9 lo ha convertido en s\u00edmbolo, en amenaza, en misterio. El retrato del animal se entrelaza con la memoria del pueblo de Ria\u00f1o y con una reflexi\u00f3n \u00edntima sobre el acto de esperar: ya sea la aparici\u00f3n de un lobo, el nacimiento de un hijo o cualquier acontecimiento que transforma para siempre nuestra mirada sobre el mundo.<\/p>\n<p> Un viaje al coraz\u00f3n del lobo y a lo que significa para nosotros.<\/p>\n","protected":false},"excerpt":{"rendered":"<p>MARIO TRIGO<\/p>\n","protected":false},"featured_media":1085646,"template":"","meta":{"_acf_changed":false,"om_disable_all_campaigns":false,"rs_blank_template":"","rs_page_bg_color":"","slide_template_v7":"","inline_featured_image":false,"_monsterinsights_skip_tracking":false,"_monsterinsights_sitenote_active":false,"_monsterinsights_sitenote_note":"","_monsterinsights_sitenote_category":0},"product_brand":[],"product_cat":[108,558],"product_tag":[],"class_list":{"0":"post-1085596","1":"product","2":"type-product","3":"status-publish","4":"has-post-thumbnail","6":"product_cat-comic","7":"product_cat-comic-3_infantil-juvenil-spa-spa","9":"first","10":"instock","11":"taxable","12":"shipping-taxable","13":"purchasable","14":"product-type-simple"},"acf":{"autor":"MARIO TRIGO","codart":"841939370","libros-coleccion":"","ediciones":"1","encuadernacion":"R\u00fastica","fecha_de_publicacion":"01\/02\/2026","novedad":"1","paginas":"176","subtitulo":"AL PRINCIPIO DE LA HISTORIA","orden":"0","portada":"0","idioma":"spa","booktrailer":"","resenas":"","editorial":[{"ID":148197,"post_author":"3","post_date":"2022-10-14 11:56:23","post_date_gmt":"2022-10-14 09:56:23","post_content":"","post_title":"Garbuix Books","post_excerpt":"","post_status":"publish","comment_status":"closed","ping_status":"closed","post_password":"","post_name":"garbuix-books","to_ping":"","pinged":"","post_modified":"2022-10-14 11:56:23","post_modified_gmt":"2022-10-14 09:56:23","post_content_filtered":"","post_parent":0,"guid":"http:\/\/dev.claret.cat\/editorial\/garbuix-books\/","menu_order":0,"post_type":"editorial","post_mime_type":"","comment_count":"0","filter":"raw"}]},"aioseo_notices":[],"_links":{"self":[{"href":"https:\/\/www.claret.cat\/es\/wp-json\/wp\/v2\/product\/1085596","targetHints":{"allow":["GET"]}}],"collection":[{"href":"https:\/\/www.claret.cat\/es\/wp-json\/wp\/v2\/product"}],"about":[{"href":"https:\/\/www.claret.cat\/es\/wp-json\/wp\/v2\/types\/product"}],"wp:featuredmedia":[{"embeddable":true,"href":"https:\/\/www.claret.cat\/es\/wp-json\/wp\/v2\/media\/1085646"}],"wp:attachment":[{"href":"https:\/\/www.claret.cat\/es\/wp-json\/wp\/v2\/media?parent=1085596"}],"wp:term":[{"taxonomy":"product_brand","embeddable":true,"href":"https:\/\/www.claret.cat\/es\/wp-json\/wp\/v2\/product_brand?post=1085596"},{"taxonomy":"product_cat","embeddable":true,"href":"https:\/\/www.claret.cat\/es\/wp-json\/wp\/v2\/product_cat?post=1085596"},{"taxonomy":"product_tag","embeddable":true,"href":"https:\/\/www.claret.cat\/es\/wp-json\/wp\/v2\/product_tag?post=1085596"}],"curies":[{"name":"wp","href":"https:\/\/api.w.org\/{rel}","templated":true}]}}