{"id":1085599,"date":"2026-02-23T13:30:16","date_gmt":"2026-02-23T12:30:16","guid":{"rendered":"https:\/\/www.claret.cat\/llibre\/la-hija-de-goya-9791399161304\/"},"modified":"2026-02-26T12:25:45","modified_gmt":"2026-02-26T11:25:45","slug":"la-hija-de-goya-9791399161304","status":"publish","type":"product","link":"https:\/\/www.claret.cat\/es\/libro\/la-hija-de-goya-9791399161304\/","title":{"rendered":"LA HIJA DE GOYA"},"content":{"rendered":"<p>Rosario Weiss creci\u00f3 a la sombra de un genio. Ahijada \u2014y probable hija\u2014 de Francisco de Goya, comparti\u00f3 con \u00e9l y con su madre, Leocadia, los \u00faltimos a\u00f1os de silencio y exilio del artista aragon\u00e9s. En una Espa\u00f1a dominada por el terror de Fernando VII, entre conspiraciones liberales, sociedades secretas y exilios forzados, Rosario es testigo de un tiempo convulso que abre paso a la modernidad, a la libertad y, en cierto modo, a la democracia.<br \/> A trav\u00e9s de su mirada, el lector accede a un mundo clandestino donde se cruzan literatos como Jos\u00e9 de Espronceda o Leandro Fern\u00e1ndez de Morat\u00edn, y donde arte, pol\u00edtica y literatura conforman la nueva sensibilidad del Romanticismo. Pero esta no es solo una novela hist\u00f3rica ni de intriga: es, adem\u00e1s, la historia de una vocaci\u00f3n, de un amor entre padre e hija y de un romance juvenil imposible.<br \/> Rosario Weiss lucha por conquistar su lugar en un mundo que niega a las mujeres el derecho a crear. Pintora contra su tiempo y contra el olvido, su vida revela tambi\u00e9n un Goya \u00edntimo y desconocido. <\/p>\n<p> Con una prosa evocadora y precisa, Amelia Noguera rescata a una artista injustamente olvidada y compone un relato que une rigor hist\u00f3rico, emoci\u00f3n y belleza narrativa.<\/p>\n","protected":false},"excerpt":{"rendered":"<p>AMELIA NOGUERA<\/p>\n","protected":false},"featured_media":1085642,"template":"","meta":{"_acf_changed":false,"om_disable_all_campaigns":false,"rs_blank_template":"","rs_page_bg_color":"","slide_template_v7":"","inline_featured_image":false,"_monsterinsights_skip_tracking":false,"_monsterinsights_sitenote_active":false,"_monsterinsights_sitenote_note":"","_monsterinsights_sitenote_category":0},"product_brand":[],"product_cat":[130,360],"product_tag":[],"class_list":{"0":"post-1085599","1":"product","2":"type-product","3":"status-publish","4":"has-post-thumbnail","6":"product_cat-novella-historica-i-ficcio","7":"product_cat-novela-historica-y-ficcion","9":"first","10":"instock","11":"taxable","12":"shipping-taxable","13":"purchasable","14":"product-type-simple"},"acf":{"autor":"AMELIA NOGUERA","codart":"139916130","libros-coleccion":"","ediciones":"1","encuadernacion":"R\u00fastica","fecha_de_publicacion":"01\/02\/2026","novedad":"1","paginas":"486","subtitulo":"","orden":"0","portada":"0","idioma":"spa","booktrailer":"","resenas":"","editorial":[{"ID":6225,"post_author":"3","post_date":"2022-07-28 17:47:35","post_date_gmt":"2022-07-28 15:47:35","post_content":"","post_title":"EDITORIAL FUNAMBULISTA","post_excerpt":"","post_status":"publish","comment_status":"closed","ping_status":"closed","post_password":"","post_name":"editorial-funambulista","to_ping":"","pinged":"","post_modified":"2022-07-28 17:47:35","post_modified_gmt":"2022-07-28 15:47:35","post_content_filtered":"","post_parent":0,"guid":"http:\/\/dev.claret.cat\/editorial\/editorial-funambulista\/","menu_order":0,"post_type":"editorial","post_mime_type":"","comment_count":"0","filter":"raw"}]},"aioseo_notices":[],"_links":{"self":[{"href":"https:\/\/www.claret.cat\/es\/wp-json\/wp\/v2\/product\/1085599","targetHints":{"allow":["GET"]}}],"collection":[{"href":"https:\/\/www.claret.cat\/es\/wp-json\/wp\/v2\/product"}],"about":[{"href":"https:\/\/www.claret.cat\/es\/wp-json\/wp\/v2\/types\/product"}],"wp:featuredmedia":[{"embeddable":true,"href":"https:\/\/www.claret.cat\/es\/wp-json\/wp\/v2\/media\/1085642"}],"wp:attachment":[{"href":"https:\/\/www.claret.cat\/es\/wp-json\/wp\/v2\/media?parent=1085599"}],"wp:term":[{"taxonomy":"product_brand","embeddable":true,"href":"https:\/\/www.claret.cat\/es\/wp-json\/wp\/v2\/product_brand?post=1085599"},{"taxonomy":"product_cat","embeddable":true,"href":"https:\/\/www.claret.cat\/es\/wp-json\/wp\/v2\/product_cat?post=1085599"},{"taxonomy":"product_tag","embeddable":true,"href":"https:\/\/www.claret.cat\/es\/wp-json\/wp\/v2\/product_tag?post=1085599"}],"curies":[{"name":"wp","href":"https:\/\/api.w.org\/{rel}","templated":true}]}}