{"id":1085602,"date":"2026-02-23T13:32:24","date_gmt":"2026-02-23T12:32:24","guid":{"rendered":"https:\/\/www.claret.cat\/llibre\/mis-rollos-de-cuarentona-9788419393715\/"},"modified":"2026-02-23T14:35:35","modified_gmt":"2026-02-23T13:35:35","slug":"mis-rollos-de-cuarentona-9788419393715","status":"publish","type":"product","link":"https:\/\/www.claret.cat\/es\/libro\/mis-rollos-de-cuarentona-9788419393715\/","title":{"rendered":"MIS ROLLOS DE CUARENTONA"},"content":{"rendered":"<p>A los cuarenta, muchas mujeres sobreviven haciendo equilibrios entre la maternidad y la carrera profesional, intentando llegar a todo sin morirse en el intento. Aude Picault retrata con sensibilidad y humor la vida de estas mujeres: la carga mental, la relaci\u00f3n con la pareja, los hijos y las expectativas de una sociedad patriarcal&#8230; sin olvidar la ansiedad creciente por cuestiones ecol\u00f3gicas y pol\u00edticas. <\/p>\n<p> Con un trazo delicado y acuarelas que dan vida a cada escena, la autora logra transmitir emociones y situaciones cotidianas con iron\u00eda y ternura. Este c\u00f3mic es un manual autopar\u00f3dico que invita a re\u00edrse del d\u00eda a d\u00eda y a atravesar la crisis de los cuarenta con ligereza y complicidad.<\/p>\n","protected":false},"excerpt":{"rendered":"<p>AUDE PICAULT<\/p>\n","protected":false},"featured_media":1085644,"template":"","meta":{"_acf_changed":false,"om_disable_all_campaigns":false,"rs_blank_template":"","rs_page_bg_color":"","slide_template_v7":"","inline_featured_image":false,"_monsterinsights_skip_tracking":false,"_monsterinsights_sitenote_active":false,"_monsterinsights_sitenote_note":"","_monsterinsights_sitenote_category":0},"product_brand":[],"product_cat":[108,558,114,563],"product_tag":[],"class_list":{"0":"post-1085602","1":"product","2":"type-product","3":"status-publish","4":"has-post-thumbnail","6":"product_cat-comic","7":"product_cat-comic-3_infantil-juvenil-spa-spa","8":"product_cat-humor-grafic","9":"product_cat-humor-grafico","11":"first","12":"instock","13":"taxable","14":"shipping-taxable","15":"purchasable","16":"product-type-simple"},"acf":{"autor":"AUDE PICAULT","codart":"841939371","libros-coleccion":"","ediciones":"1","encuadernacion":"R\u00fastica","fecha_de_publicacion":"01\/02\/2026","novedad":"1","paginas":"120","subtitulo":"","orden":"0","portada":"0","idioma":"spa","booktrailer":"","resenas":"","editorial":[{"ID":148197,"post_author":"3","post_date":"2022-10-14 11:56:23","post_date_gmt":"2022-10-14 09:56:23","post_content":"","post_title":"Garbuix Books","post_excerpt":"","post_status":"publish","comment_status":"closed","ping_status":"closed","post_password":"","post_name":"garbuix-books","to_ping":"","pinged":"","post_modified":"2022-10-14 11:56:23","post_modified_gmt":"2022-10-14 09:56:23","post_content_filtered":"","post_parent":0,"guid":"http:\/\/dev.claret.cat\/editorial\/garbuix-books\/","menu_order":0,"post_type":"editorial","post_mime_type":"","comment_count":"0","filter":"raw"}]},"aioseo_notices":[],"_links":{"self":[{"href":"https:\/\/www.claret.cat\/es\/wp-json\/wp\/v2\/product\/1085602","targetHints":{"allow":["GET"]}}],"collection":[{"href":"https:\/\/www.claret.cat\/es\/wp-json\/wp\/v2\/product"}],"about":[{"href":"https:\/\/www.claret.cat\/es\/wp-json\/wp\/v2\/types\/product"}],"wp:featuredmedia":[{"embeddable":true,"href":"https:\/\/www.claret.cat\/es\/wp-json\/wp\/v2\/media\/1085644"}],"wp:attachment":[{"href":"https:\/\/www.claret.cat\/es\/wp-json\/wp\/v2\/media?parent=1085602"}],"wp:term":[{"taxonomy":"product_brand","embeddable":true,"href":"https:\/\/www.claret.cat\/es\/wp-json\/wp\/v2\/product_brand?post=1085602"},{"taxonomy":"product_cat","embeddable":true,"href":"https:\/\/www.claret.cat\/es\/wp-json\/wp\/v2\/product_cat?post=1085602"},{"taxonomy":"product_tag","embeddable":true,"href":"https:\/\/www.claret.cat\/es\/wp-json\/wp\/v2\/product_tag?post=1085602"}],"curies":[{"name":"wp","href":"https:\/\/api.w.org\/{rel}","templated":true}]}}