{"id":1085621,"date":"2026-02-23T13:40:43","date_gmt":"2026-02-23T12:40:43","guid":{"rendered":"https:\/\/www.claret.cat\/llibre\/el-embrujo-de-shanghai-9788497931748\/"},"modified":"2026-02-25T16:10:48","modified_gmt":"2026-02-25T15:10:48","slug":"el-embrujo-de-shanghai-9788497931748","status":"publish","type":"product","link":"https:\/\/www.claret.cat\/es\/libro\/el-embrujo-de-shanghai-9788497931748\/","title":{"rendered":"EL EMBRUJO DE SHANGHAI"},"content":{"rendered":"<p>UN CL\u00c1SICO. UN MAESTRO. UNA OBRA M\u00c1S VIVA QUE NUNCA. Galardonada en 1993 con el Premio de la Cr\u00edtica, El embrujo de Shanghai es una estremecedora f\u00e1bula sobre los sue\u00f1os y las derrotas de ni\u00f1os y adultos, asfixiados todos por el aire gris de la Barcelona de posguerra. En la Barcelona de la posguerra \u2014ese espacio ya m\u00edtico donde transcurre la narrativa de Mars\u00e9\u2014, el capit\u00e1n Blay, con su cabeza vendada y sus suspicacias sobre los escapes de gas que est\u00e1n a punto de hacer volar toda la ciudad, se pasea por el barrio sacudido a\u00fan por los estertores de la guerra perdida y acompa\u00f1ado por los espectros gimientes de sus hijos muertos. Escoltado por el joven Daniel a trav\u00e9s de aquellas calles p\u00f3stumas, conocer\u00e1 a los hermanos Chac\u00f3n, quienes custodian la verja de entrada de la casa en la que convalece Susana, una adolescente enferma de los pulmones, hija de la se\u00f1ora Anita, bella y ajada taquillera de cine, y de Kim, un revolucionario, huido del pa\u00eds y nimbado por el fulgor m\u00edtico de los furtivos. Pronto llegar\u00e1 a la casa un amigo y compa\u00f1ero de viaje de Kim, Forcat, que narrar\u00e1 la arriesgada aventura que el padre de la ni\u00f1a emprendi\u00f3 en Shanghai, enfrentado a nazis sanguinarios, pistoleros sin piedad y mujeres fatales que le salen al paso en los cabarets m\u00e1s s\u00f3rdidos de la ciudad prohibida. Galardonada en 1993 con el Premio de la Cr\u00edtica, El embrujo de Shanghai es una estremecedora f\u00e1bula sobre los sue\u00f1os y las derrotas de ni\u00f1os y adultos. Sin duda, una de las obras maestras de la narrativa europea del siglo XX.Rese\u00f1as:<br \/>\u00abJam\u00e1s posguerra alguna ha tenido mejor poeta sin escribir un verso\u00bb.<br \/>Manuel V\u00e1zquez Montalb\u00e1n \u00abEn la palabra de Forcat, Shanghai se presenta como el lugar misterioso en el que todas las historias pueden suceder\u00bb.<br \/>V\u00edctor Erice \u00abCon el tiempo, se ha ido adue\u00f1ando del mundo de Mars\u00e9 y de su estilo narrativo una sabidur\u00eda que solo est\u00e1 al alcance de los mejores\u00bb.<br \/>Enrique Vila-Matas \u00abCuando un maestro de la narraci\u00f3n como Juan Mars\u00e9 escribe con ese placer interior, el resultado es una fiesta\u00bb.<br \/>Rosa Montero \u00abJuan Mars\u00e9 es el gran novelista\u00bb.<br \/>Eduardo Mendoza\u00abLa contribuci\u00f3n de Juan Mars\u00e9 a la literatura europea ha sido sistem\u00e1ticamente extraordinaria\u00bb.<br \/>The Times Literary Supplement \u00abViva Juan Mars\u00e9. Siempre\u00bb.<br \/>Jordi \u00c9vole \u00abUn grande. Por su val\u00eda literaria. Por su honradez personal y ciudadana\u00bb.<br \/>Carlos Zan\u00f3n, La Vanguardia\u00abSus libros me cambiaron la vida\u00bb.<br \/>Almudena Grandes \u00abUn novelista pura sangre, un narrador nato, un brillante contador de historias\u00bb.<br \/>Domingo R\u00f3denas de Moya, El Peri\u00f3dico \u00abEl imaginario moral que nos ha legado es hoy m\u00e1s necesario que nunca\u00bb.<br \/>Andreu Jaume, El Pa\u00eds\u00abEl m\u00e1s \u201cnovelista\u201d de los novelistas espa\u00f1oles de la segunda mitad del siglo xx. [&#8230;] Con Mars\u00e9, concluye un mundo\u00bb.<br \/>Nadal Suau, El Cultural<\/p>\n","protected":false},"excerpt":{"rendered":"<p>JUAN MARS\u00c9<\/p>\n","protected":false},"featured_media":1085622,"template":"","meta":{"_acf_changed":false,"om_disable_all_campaigns":false,"rs_blank_template":"","rs_page_bg_color":"","slide_template_v7":"","inline_featured_image":false,"_monsterinsights_skip_tracking":false,"_monsterinsights_sitenote_active":false,"_monsterinsights_sitenote_note":"","_monsterinsights_sitenote_category":0},"product_brand":[],"product_cat":[127,357],"product_tag":[],"class_list":{"0":"post-1085621","1":"product","2":"type-product","3":"status-publish","4":"has-post-thumbnail","6":"product_cat-novella-contemporania","7":"product_cat-novela-contemporanea","9":"first","10":"instock","11":"taxable","12":"shipping-taxable","13":"purchasable","14":"product-type-simple"},"acf":{"autor":"JUAN MARS\u00c9","codart":"849793174","libros-coleccion":"CONTEMPORANEA","ediciones":"1","encuadernacion":"R\u00fastica","fecha_de_publicacion":"01\/12\/2003","novedad":"1","paginas":"248","subtitulo":"","orden":"0","portada":"0","idioma":"spa","booktrailer":"","resenas":"","editorial":[{"ID":6178,"post_author":"3","post_date":"2022-07-28 17:46:34","post_date_gmt":"2022-07-28 15:46:34","post_content":"","post_title":"DEBOLSILLO","post_excerpt":"","post_status":"publish","comment_status":"closed","ping_status":"closed","post_password":"","post_name":"debolsillo","to_ping":"","pinged":"","post_modified":"2022-07-28 17:46:34","post_modified_gmt":"2022-07-28 15:46:34","post_content_filtered":"","post_parent":0,"guid":"http:\/\/dev.claret.cat\/editorial\/debolsillo\/","menu_order":0,"post_type":"editorial","post_mime_type":"","comment_count":"0","filter":"raw"}]},"aioseo_notices":[],"_links":{"self":[{"href":"https:\/\/www.claret.cat\/es\/wp-json\/wp\/v2\/product\/1085621","targetHints":{"allow":["GET"]}}],"collection":[{"href":"https:\/\/www.claret.cat\/es\/wp-json\/wp\/v2\/product"}],"about":[{"href":"https:\/\/www.claret.cat\/es\/wp-json\/wp\/v2\/types\/product"}],"wp:featuredmedia":[{"embeddable":true,"href":"https:\/\/www.claret.cat\/es\/wp-json\/wp\/v2\/media\/1085622"}],"wp:attachment":[{"href":"https:\/\/www.claret.cat\/es\/wp-json\/wp\/v2\/media?parent=1085621"}],"wp:term":[{"taxonomy":"product_brand","embeddable":true,"href":"https:\/\/www.claret.cat\/es\/wp-json\/wp\/v2\/product_brand?post=1085621"},{"taxonomy":"product_cat","embeddable":true,"href":"https:\/\/www.claret.cat\/es\/wp-json\/wp\/v2\/product_cat?post=1085621"},{"taxonomy":"product_tag","embeddable":true,"href":"https:\/\/www.claret.cat\/es\/wp-json\/wp\/v2\/product_tag?post=1085621"}],"curies":[{"name":"wp","href":"https:\/\/api.w.org\/{rel}","templated":true}]}}