{"id":1085683,"date":"2026-02-23T16:45:02","date_gmt":"2026-02-23T15:45:02","guid":{"rendered":"https:\/\/www.claret.cat\/llibre\/el-legado-del-papa-francisco-9788497156790\/"},"modified":"2026-02-24T16:36:36","modified_gmt":"2026-02-24T15:36:36","slug":"el-legado-del-papa-francisco-9788497156790","status":"publish","type":"product","link":"https:\/\/www.claret.cat\/es\/libro\/el-legado-del-papa-francisco-9788497156790\/","title":{"rendered":"EL LEGADO DEL PAPA FRANCISCO"},"content":{"rendered":"<p>El autor presenta quince conceptos que expresan<strong> el legado del papa Francisco<\/strong> y que interpelan al cristiano, a la Iglesia y a la humanidad con sus propuestas, llenas de sabidur\u00eda, de generosidad y sobre todo de valent\u00eda, porque han puesto a la Iglesia en el disparadero de una reforma irreversible, han removido las conciencias de creyentes y no creyentes y han suscitado reacciones inusitadas de los poderosos.<\/p>\n<p><\/p>\n<p>El <strong>papa Francisco<\/strong> nos hace reflexionar sobre muchas cosas y nos incomoda \u2013advierte el autor\u2013 a quienes estamos bajo las tentaciones del conformismo, de la apat\u00eda o del derrotismo. Quince propuestas de conversi\u00f3n y, por tanto, de crisis, de p\u00e9rdida de viejas seguridades y de apertura a nuevas oportunidades.<\/p>\n<p><\/p>\n<p>Un tesoro a\u00fan escondido para muchos, a la espera de un encuentro con alguien que, a ejemplo de <strong>san Ignacio de Loyola<\/strong>, respondi\u00f3 siempre a su vocaci\u00f3n a base de escucha, discernimiento y determinaci\u00f3n. Y que, en sus \u00faltimos once a\u00f1os de vida, tomando el sayal (y no solo el nombre) del pobrecillo de As\u00eds, ocup\u00f3 la silla de Pedro y se calz\u00f3 las sandalias del Pescador de Galilea.<\/p>\n<p><\/p>\n<p><a href='https:\/\/www.claret.cat\/es\/catalogo\/?b=papa+francisco' rel='noopener noreferrer' target='_blank'><strong>Todos los libros sobre el papa Francisco<\/strong><\/a><\/p>\n","protected":false},"excerpt":{"rendered":"<p>BRU ALONSO, MANUEL MAR\u00cdA<\/p>\n","protected":false},"featured_media":1085908,"template":"","meta":{"_acf_changed":false,"om_disable_all_campaigns":false,"rs_blank_template":"","rs_page_bg_color":"","slide_template_v7":"","inline_featured_image":false,"_monsterinsights_skip_tracking":false,"_monsterinsights_sitenote_active":false,"_monsterinsights_sitenote_note":"","_monsterinsights_sitenote_category":0},"product_brand":[],"product_cat":[491,241,542,92],"product_tag":[],"class_list":{"0":"post-1085683","1":"product","2":"type-product","3":"status-publish","4":"has-post-thumbnail","6":"product_cat-testimonios","7":"product_cat-testimonis","8":"product_cat-vida-religiosa-1_espiritualidad-spa","9":"product_cat-vida-religiosa","11":"first","12":"instock","13":"taxable","14":"shipping-taxable","15":"purchasable","16":"product-type-simple"},"acf":{"autor":"BRU ALONSO, MANUEL MAR\u00cdA","codart":"849715679","libros-coleccion":"","ediciones":"1","encuadernacion":"R\u00fastica","fecha_de_publicacion":"23\/02\/2026","novedad":"1","paginas":"144","subtitulo":"QUINCE PROPUESTAS PARA REFORMAR LA IGLESIA Y CAMBIAR EL MUNDO","orden":"0","portada":"1","idioma":"spa","booktrailer":"","resenas":"","editorial":[{"ID":6157,"post_author":"3","post_date":"2022-07-28 17:46:07","post_date_gmt":"2022-07-28 15:46:07","post_content":"","post_title":"Ciudad Nueva","post_excerpt":"","post_status":"publish","comment_status":"closed","ping_status":"closed","post_password":"","post_name":"ciudad-nueva","to_ping":"","pinged":"","post_modified":"2022-07-28 17:46:07","post_modified_gmt":"2022-07-28 15:46:07","post_content_filtered":"","post_parent":0,"guid":"http:\/\/dev.claret.cat\/editorial\/ciudad-nueva\/","menu_order":0,"post_type":"editorial","post_mime_type":"","comment_count":"0","filter":"raw"}],"linkebook":"","ficha":"","muestra":"","precioebook":"0","presentacion":""},"aioseo_notices":[],"_links":{"self":[{"href":"https:\/\/www.claret.cat\/es\/wp-json\/wp\/v2\/product\/1085683","targetHints":{"allow":["GET"]}}],"collection":[{"href":"https:\/\/www.claret.cat\/es\/wp-json\/wp\/v2\/product"}],"about":[{"href":"https:\/\/www.claret.cat\/es\/wp-json\/wp\/v2\/types\/product"}],"wp:featuredmedia":[{"embeddable":true,"href":"https:\/\/www.claret.cat\/es\/wp-json\/wp\/v2\/media\/1085908"}],"wp:attachment":[{"href":"https:\/\/www.claret.cat\/es\/wp-json\/wp\/v2\/media?parent=1085683"}],"wp:term":[{"taxonomy":"product_brand","embeddable":true,"href":"https:\/\/www.claret.cat\/es\/wp-json\/wp\/v2\/product_brand?post=1085683"},{"taxonomy":"product_cat","embeddable":true,"href":"https:\/\/www.claret.cat\/es\/wp-json\/wp\/v2\/product_cat?post=1085683"},{"taxonomy":"product_tag","embeddable":true,"href":"https:\/\/www.claret.cat\/es\/wp-json\/wp\/v2\/product_tag?post=1085683"}],"curies":[{"name":"wp","href":"https:\/\/api.w.org\/{rel}","templated":true}]}}