{"id":1085686,"date":"2026-02-23T16:45:18","date_gmt":"2026-02-23T15:45:18","guid":{"rendered":"https:\/\/www.claret.cat\/llibre\/hombres-y-mujeres-juntos-9788497156806\/"},"modified":"2026-03-04T13:56:00","modified_gmt":"2026-03-04T12:56:00","slug":"hombres-y-mujeres-juntos-9788497156806","status":"publish","type":"product","link":"https:\/\/www.claret.cat\/es\/libro\/hombres-y-mujeres-juntos-9788497156806\/","title":{"rendered":"HOMBRES Y MUJERES JUNTOS"},"content":{"rendered":"<p><strong><em>\u00abLa Iglesia tiene todav\u00eda mucho que aprender de las mujeres\u00bb<\/em><\/strong>, dijo el papa Francisco.<\/p>\n<p><\/p>\n<p>A menudo se ha considerado al laicado \u2013y especialmente a la mujer\u2013 como colaborador externo m\u00e1s que como protagonista esencial. Sin embargo, el proceso sinodal nos ha recordado una verdad olvidada: la Iglesia es ante todo una comuni\u00f3n de iguales que camina en reciprocidad.<\/p>\n<p><\/p>\n<p>Con un di\u00e1logo interdisciplinar entre te\u00f3logos, psic\u00f3logos y pastores, se nos propone una <strong>\u00abpedagog\u00eda de la diferencia\u00bb <\/strong>que no separa, sino que une, donde el amor es la \u00fanica medida.<\/p>\n","protected":false},"excerpt":{"rendered":"<p>ZERVINO, MARIA LIA; ROSS\u00c9, GERARD; BINGEMER, MARIA CLARA ; RODR\u00cdGUEZ, MARTA<\/p>\n","protected":false},"featured_media":1087708,"template":"","meta":{"_acf_changed":false,"om_disable_all_campaigns":false,"rs_blank_template":"","rs_page_bg_color":"","slide_template_v7":"","inline_featured_image":false,"_monsterinsights_skip_tracking":false,"_monsterinsights_sitenote_active":false,"_monsterinsights_sitenote_note":"","_monsterinsights_sitenote_category":0},"product_brand":[],"product_cat":[511,283,285,419],"product_tag":[],"class_list":{"0":"post-1085686","1":"product","2":"type-product","3":"status-publish","4":"has-post-thumbnail","6":"product_cat-eclesiologia-teologia-1_espiritualidad","7":"product_cat-eclesiologia-teologia","8":"product_cat-pastoral-teologia","9":"product_cat-pastoral-teologia-1_espiritualidad","11":"first","12":"instock","13":"taxable","14":"shipping-taxable","15":"purchasable","16":"product-type-simple"},"acf":{"autor":"ZERVINO, MARIA LIA; ROSS\u00c9, GERARD; BINGEMER, MARIA CLARA ; RODR\u00cdGUEZ, MARTA","codart":"849715680","libros-coleccion":"EKKLESIA : SENDEROS DE COMUNI\u00d3N","ediciones":"1","encuadernacion":"R\u00fastica","fecha_de_publicacion":"23\/02\/2026","novedad":"1","paginas":"180","subtitulo":"HACIA UNA ARMON\u00cdA DE LA DIFERENCIA","orden":"0","portada":"1","idioma":"spa","booktrailer":"","resenas":"","editorial":[{"ID":6157,"post_author":"3","post_date":"2022-07-28 17:46:07","post_date_gmt":"2022-07-28 15:46:07","post_content":"","post_title":"Ciudad Nueva","post_excerpt":"","post_status":"publish","comment_status":"closed","ping_status":"closed","post_password":"","post_name":"ciudad-nueva","to_ping":"","pinged":"","post_modified":"2022-07-28 17:46:07","post_modified_gmt":"2022-07-28 15:46:07","post_content_filtered":"","post_parent":0,"guid":"http:\/\/dev.claret.cat\/editorial\/ciudad-nueva\/","menu_order":0,"post_type":"editorial","post_mime_type":"","comment_count":"0","filter":"raw"}]},"aioseo_notices":[],"_links":{"self":[{"href":"https:\/\/www.claret.cat\/es\/wp-json\/wp\/v2\/product\/1085686","targetHints":{"allow":["GET"]}}],"collection":[{"href":"https:\/\/www.claret.cat\/es\/wp-json\/wp\/v2\/product"}],"about":[{"href":"https:\/\/www.claret.cat\/es\/wp-json\/wp\/v2\/types\/product"}],"wp:featuredmedia":[{"embeddable":true,"href":"https:\/\/www.claret.cat\/es\/wp-json\/wp\/v2\/media\/1087708"}],"wp:attachment":[{"href":"https:\/\/www.claret.cat\/es\/wp-json\/wp\/v2\/media?parent=1085686"}],"wp:term":[{"taxonomy":"product_brand","embeddable":true,"href":"https:\/\/www.claret.cat\/es\/wp-json\/wp\/v2\/product_brand?post=1085686"},{"taxonomy":"product_cat","embeddable":true,"href":"https:\/\/www.claret.cat\/es\/wp-json\/wp\/v2\/product_cat?post=1085686"},{"taxonomy":"product_tag","embeddable":true,"href":"https:\/\/www.claret.cat\/es\/wp-json\/wp\/v2\/product_tag?post=1085686"}],"curies":[{"name":"wp","href":"https:\/\/api.w.org\/{rel}","templated":true}]}}