{"id":1085689,"date":"2026-02-23T16:45:32","date_gmt":"2026-02-23T15:45:32","guid":{"rendered":"https:\/\/www.claret.cat\/llibre\/el-cuerpo-y-la-sangre-del-senor-9788497156783\/"},"modified":"2026-03-05T12:50:52","modified_gmt":"2026-03-05T11:50:52","slug":"el-cuerpo-y-la-sangre-del-senor-9788497156783","status":"publish","type":"product","link":"https:\/\/www.claret.cat\/es\/libro\/el-cuerpo-y-la-sangre-del-senor-9788497156783\/","title":{"rendered":"EL CUERPO Y LA SANGRE DEL SE\u00d1OR"},"content":{"rendered":"<p><strong>Pascasio Radberto<\/strong> (790-859), monje benedic\u00adtino de la <strong>abad\u00eda de Corbie<\/strong> (Francia), es uno de los te\u00f3logos m\u00e1s destacados del siglo IX. Ya en vida fue reconocido por sus comenta\u00adrios exeg\u00e9ticos y teol\u00f3gicos, aunque ha pasa\u00addo a la posteridad por su obra&nbsp;<strong><em>El cuerpo y la sangre del Se\u00f1or<\/em>.<\/strong><\/p>\n<p><\/p>\n<p>Este<strong> tratado eucar\u00edstico <\/strong>es considerado la pri\u00admera exposici\u00f3n sistem\u00e1tica del sacramento del altar en la historia de la teolog\u00eda. Adem\u00e1s, su importancia ha sido notable en los siglos posteriores, hasta la definici\u00f3n del dogma de la transustanciaci\u00f3n en el <strong>Concilio de Trento.<\/strong> A partir de la tradici\u00f3n b\u00edblica y patr\u00edstica, Pascasio Radberto explica la naturaleza de la Eucarist\u00eda, as\u00ed como la importancia de una recta y fructuosa comuni\u00f3n sacramental.<\/p>\n<p><\/p>\n<p>El cuerpo y la sangre del Se\u00f1or fue una obra muy difundida en su tiempo y dio origen a una controversia teol\u00f3gica en torno al modo de la presencia real de Cristo en el sacramen\u00adto. Esta controversia eucar\u00edstica hizo necesa\u00adrio que Pascasio Radberto se defendiera de las acusaciones de sus oponentes en la Ep\u00eds\u00adtola a Fredugardo, donde rebate los argu\u00admentos contrarios y profundiza lo expuesto en su El cuerpo y la sangre del Se\u00f1or.<\/p>\n<p><\/p>\n<p>En esta edici\u00f3n Marcos Torres ofrece la primera traduc\u00adci\u00f3n espa\u00f1ola de&nbsp;<strong><em>De corpore et sanguine Do\u00admini<\/em>,<\/strong> realizada a partir de la edici\u00f3n cr\u00edtica de Beda Paulus en 1969. La obra eucar\u00edstica de Pascasio Radberto est\u00e1 precedida de una in\u00adtroducci\u00f3n sobre el autor, su contexto hist\u00f3\u00adrico y teol\u00f3gico, su obra y los estudios de los que ha sido objeto.<\/p>\n<p><\/p>\n<p>Adem\u00e1s, esta edici\u00f3n incluye una traducci\u00f3n de la&nbsp;<strong><em>Epistola ad Fredugardum<\/em><\/strong>, testimonio singular de c\u00f3mo Pascasio Radberto vivi\u00f3 y respondi\u00f3 a la controversia iniciada en los \u00fal\u00adtimos a\u00f1os de su vida, y que pronto fue con\u00adsiderado en la tradici\u00f3n textual como un ap\u00e9ndice inescindible de El cuerpo y la sangre del Se\u00f1or.<\/p>\n","protected":false},"excerpt":{"rendered":"<p>PASCASIO RADBERTO<\/p>\n","protected":false},"featured_media":1088155,"template":"","meta":{"_acf_changed":false,"om_disable_all_campaigns":false,"rs_blank_template":"","rs_page_bg_color":"","slide_template_v7":"","inline_featured_image":false,"_monsterinsights_skip_tracking":false,"_monsterinsights_sitenote_active":false,"_monsterinsights_sitenote_note":"","_monsterinsights_sitenote_category":0},"product_brand":[],"product_cat":[490,239],"product_tag":[],"class_list":{"0":"post-1085689","1":"product","2":"type-product","3":"status-publish","4":"has-post-thumbnail","6":"product_cat-monastica-espiritualidad-1_espiritualidad","7":"product_cat-monastica","9":"first","10":"instock","11":"taxable","12":"shipping-taxable","13":"purchasable","14":"product-type-simple"},"acf":{"autor":"PASCASIO RADBERTO","codart":"849715678","libros-coleccion":"","ediciones":"1","encuadernacion":"R\u00fastica","fecha_de_publicacion":"23\/02\/2026","novedad":"1","paginas":"376","subtitulo":"","orden":"0","portada":"1","idioma":"spa","booktrailer":"","resenas":"","editorial":[{"ID":6157,"post_author":"3","post_date":"2022-07-28 17:46:07","post_date_gmt":"2022-07-28 15:46:07","post_content":"","post_title":"Ciudad Nueva","post_excerpt":"","post_status":"publish","comment_status":"closed","ping_status":"closed","post_password":"","post_name":"ciudad-nueva","to_ping":"","pinged":"","post_modified":"2022-07-28 17:46:07","post_modified_gmt":"2022-07-28 15:46:07","post_content_filtered":"","post_parent":0,"guid":"http:\/\/dev.claret.cat\/editorial\/ciudad-nueva\/","menu_order":0,"post_type":"editorial","post_mime_type":"","comment_count":"0","filter":"raw"}]},"aioseo_notices":[],"_links":{"self":[{"href":"https:\/\/www.claret.cat\/es\/wp-json\/wp\/v2\/product\/1085689","targetHints":{"allow":["GET"]}}],"collection":[{"href":"https:\/\/www.claret.cat\/es\/wp-json\/wp\/v2\/product"}],"about":[{"href":"https:\/\/www.claret.cat\/es\/wp-json\/wp\/v2\/types\/product"}],"wp:featuredmedia":[{"embeddable":true,"href":"https:\/\/www.claret.cat\/es\/wp-json\/wp\/v2\/media\/1088155"}],"wp:attachment":[{"href":"https:\/\/www.claret.cat\/es\/wp-json\/wp\/v2\/media?parent=1085689"}],"wp:term":[{"taxonomy":"product_brand","embeddable":true,"href":"https:\/\/www.claret.cat\/es\/wp-json\/wp\/v2\/product_brand?post=1085689"},{"taxonomy":"product_cat","embeddable":true,"href":"https:\/\/www.claret.cat\/es\/wp-json\/wp\/v2\/product_cat?post=1085689"},{"taxonomy":"product_tag","embeddable":true,"href":"https:\/\/www.claret.cat\/es\/wp-json\/wp\/v2\/product_tag?post=1085689"}],"curies":[{"name":"wp","href":"https:\/\/api.w.org\/{rel}","templated":true}]}}