{"id":1085696,"date":"2026-02-23T17:25:09","date_gmt":"2026-02-23T16:25:09","guid":{"rendered":"https:\/\/www.claret.cat\/llibre\/poesia-esparsa-i-inedita-9788412891133\/"},"modified":"2026-04-08T12:15:25","modified_gmt":"2026-04-08T10:15:25","slug":"poesia-esparsa-i-inedita-9788412891133","status":"publish","type":"product","link":"https:\/\/www.claret.cat\/es\/libro\/poesia-esparsa-i-inedita-9788412891133\/","title":{"rendered":"POESIA ESPARSA I IN\u00c8DITA"},"content":{"rendered":"<p>L\u2019obra de Pere Ribot \u00e9s d\u2019un gran inter\u00e8s i d\u2019una gran qualitat formal. A banda dels vuit llibres publicats, Ribot t\u00e9 for\u00e7a obra po\u00e8tica no recollida en cap volum, dispersa entre l\u2019Arxiu Municipal de Vilassar de Mar, l\u2019Arxiu Comarcal de la Selva i el fons<\/p>\n","protected":false},"excerpt":{"rendered":"<p>PERE RIBOT I SUNYER<\/p>\n","protected":false},"featured_media":1085697,"template":"","meta":{"_acf_changed":false,"om_disable_all_campaigns":false,"rs_blank_template":"","rs_page_bg_color":"","slide_template_v7":"","inline_featured_image":false,"_monsterinsights_skip_tracking":false,"_monsterinsights_sitenote_active":false,"_monsterinsights_sitenote_note":"","_monsterinsights_sitenote_category":0},"product_brand":[],"product_cat":[121,340],"product_tag":[],"class_list":{"0":"post-1085696","1":"product","2":"type-product","3":"status-publish","4":"has-post-thumbnail","6":"product_cat-poesia","7":"product_cat-poesia-5_otras","9":"first","10":"instock","11":"taxable","12":"shipping-taxable","13":"purchasable","14":"product-type-simple"},"acf":{"autor":"PERE RIBOT I SUNYER","codart":"841289113","libros-coleccion":"","ediciones":"1","encuadernacion":"R\u00fastica","fecha_de_publicacion":"01\/01\/2026","novedad":"1","paginas":"330","subtitulo":"","orden":"0","portada":"0","idioma":"cat","booktrailer":"","resenas":"","editorial":[{"ID":148190,"post_author":"3","post_date":"2022-10-14 11:56:20","post_date_gmt":"2022-10-14 09:56:20","post_content":"","post_title":"GALERADA EDITORIAL","post_excerpt":"","post_status":"publish","comment_status":"closed","ping_status":"closed","post_password":"","post_name":"galerada-editorial","to_ping":"","pinged":"","post_modified":"2022-10-14 11:56:20","post_modified_gmt":"2022-10-14 09:56:20","post_content_filtered":"","post_parent":0,"guid":"http:\/\/dev.claret.cat\/editorial\/galerada-editorial\/","menu_order":0,"post_type":"editorial","post_mime_type":"","comment_count":"0","filter":"raw"}]},"aioseo_notices":[],"_links":{"self":[{"href":"https:\/\/www.claret.cat\/es\/wp-json\/wp\/v2\/product\/1085696","targetHints":{"allow":["GET"]}}],"collection":[{"href":"https:\/\/www.claret.cat\/es\/wp-json\/wp\/v2\/product"}],"about":[{"href":"https:\/\/www.claret.cat\/es\/wp-json\/wp\/v2\/types\/product"}],"wp:featuredmedia":[{"embeddable":true,"href":"https:\/\/www.claret.cat\/es\/wp-json\/wp\/v2\/media\/1085697"}],"wp:attachment":[{"href":"https:\/\/www.claret.cat\/es\/wp-json\/wp\/v2\/media?parent=1085696"}],"wp:term":[{"taxonomy":"product_brand","embeddable":true,"href":"https:\/\/www.claret.cat\/es\/wp-json\/wp\/v2\/product_brand?post=1085696"},{"taxonomy":"product_cat","embeddable":true,"href":"https:\/\/www.claret.cat\/es\/wp-json\/wp\/v2\/product_cat?post=1085696"},{"taxonomy":"product_tag","embeddable":true,"href":"https:\/\/www.claret.cat\/es\/wp-json\/wp\/v2\/product_tag?post=1085696"}],"curies":[{"name":"wp","href":"https:\/\/api.w.org\/{rel}","templated":true}]}}