{"id":1085767,"date":"2026-02-24T14:10:03","date_gmt":"2026-02-24T13:10:03","guid":{"rendered":"https:\/\/www.claret.cat\/llibre\/jardi-vora-el-mar-9788473295017\/"},"modified":"2026-04-13T14:03:19","modified_gmt":"2026-04-13T12:03:19","slug":"jardi-vora-el-mar-9788473295017","status":"publish","type":"product","link":"https:\/\/www.claret.cat\/es\/libro\/jardi-vora-el-mar-9788473295017\/","title":{"rendered":"JARD\u00cd VORA EL MAR"},"content":{"rendered":"<p>Despr\u00e9s de reeditar-les al Club dels Novel\u00b7listes, publiquem les sis novel\u00b7les de Rodoreda en una butxaca atrevida i delicada. Jard\u00ed vora el mar s\u00f3n sis estius, una infinitat de plantes i la mirada curiosa d\u2019un jardiner: Rodoreda construeix una de les seves novel\u00b7les m\u00e9s di\u00e0fanes i belles, plena de nost\u00e0lgia, amors ef\u00edmers i llum.<\/p>\n<p> A trav\u00e9s dels ulls d\u2019un vell jardiner, testimoni silenci\u00f3s i observador, descobrim durant sis estius la vida d\u2019una fam\u00edlia burgesa en una torre vora el mar. Les festes se succeeixen, els amics exc\u00e8ntrics desfilen, el jard\u00ed sembla que els ofereixi el parad\u00eds a la terra. Per\u00f2 sota l\u2019alegria coven realitats dures que no respecten res, ni rics ni pobres: el frac\u00e0s de l\u2019amor i la cruesa de l\u2019instint de superviv\u00e8ncia. Un bell retrat de la decad\u00e8ncia d\u2019un m\u00f3n.<\/p>\n<p> Un cl\u00e0ssic de la literatura catalana.<\/p>\n","protected":false},"excerpt":{"rendered":"<p>MERC\u00c8 RODOREDA<\/p>\n","protected":false},"featured_media":1086837,"template":"","meta":{"_acf_changed":false,"om_disable_all_campaigns":false,"rs_blank_template":"","rs_page_bg_color":"","slide_template_v7":"","inline_featured_image":false,"_monsterinsights_skip_tracking":false,"_monsterinsights_sitenote_active":false,"_monsterinsights_sitenote_note":"","_monsterinsights_sitenote_category":0},"product_brand":[],"product_cat":[127,357],"product_tag":[],"class_list":{"0":"post-1085767","1":"product","2":"type-product","3":"status-publish","4":"has-post-thumbnail","6":"product_cat-novella-contemporania","7":"product_cat-novela-contemporanea","9":"first","10":"instock","11":"taxable","12":"shipping-taxable","13":"purchasable","14":"product-type-simple"},"acf":{"autor":"MERC\u00c8 RODOREDA","codart":"847329501","libros-coleccion":"","ediciones":"1","encuadernacion":"R\u00fastica","fecha_de_publicacion":"01\/02\/2026","novedad":"1","paginas":"243","subtitulo":"","orden":"0","portada":"0","idioma":"cat","booktrailer":"","resenas":"","editorial":[{"ID":6163,"post_author":"3","post_date":"2022-07-28 17:46:15","post_date_gmt":"2022-07-28 15:46:15","post_content":"","post_title":"CLUB EDITOR","post_excerpt":"","post_status":"publish","comment_status":"closed","ping_status":"closed","post_password":"","post_name":"club-editor","to_ping":"","pinged":"","post_modified":"2022-07-28 17:46:15","post_modified_gmt":"2022-07-28 15:46:15","post_content_filtered":"","post_parent":0,"guid":"http:\/\/dev.claret.cat\/editorial\/club-editor\/","menu_order":0,"post_type":"editorial","post_mime_type":"","comment_count":"0","filter":"raw"}]},"aioseo_notices":[],"_links":{"self":[{"href":"https:\/\/www.claret.cat\/es\/wp-json\/wp\/v2\/product\/1085767","targetHints":{"allow":["GET"]}}],"collection":[{"href":"https:\/\/www.claret.cat\/es\/wp-json\/wp\/v2\/product"}],"about":[{"href":"https:\/\/www.claret.cat\/es\/wp-json\/wp\/v2\/types\/product"}],"wp:featuredmedia":[{"embeddable":true,"href":"https:\/\/www.claret.cat\/es\/wp-json\/wp\/v2\/media\/1086837"}],"wp:attachment":[{"href":"https:\/\/www.claret.cat\/es\/wp-json\/wp\/v2\/media?parent=1085767"}],"wp:term":[{"taxonomy":"product_brand","embeddable":true,"href":"https:\/\/www.claret.cat\/es\/wp-json\/wp\/v2\/product_brand?post=1085767"},{"taxonomy":"product_cat","embeddable":true,"href":"https:\/\/www.claret.cat\/es\/wp-json\/wp\/v2\/product_cat?post=1085767"},{"taxonomy":"product_tag","embeddable":true,"href":"https:\/\/www.claret.cat\/es\/wp-json\/wp\/v2\/product_tag?post=1085767"}],"curies":[{"name":"wp","href":"https:\/\/api.w.org\/{rel}","templated":true}]}}