{"id":1085772,"date":"2026-02-24T14:15:02","date_gmt":"2026-02-24T13:15:02","guid":{"rendered":"https:\/\/www.claret.cat\/llibre\/el-carrer-de-les-camelies-9788473295000\/"},"modified":"2026-04-13T18:35:52","modified_gmt":"2026-04-13T16:35:52","slug":"el-carrer-de-les-camelies-9788473295000","status":"publish","type":"product","link":"https:\/\/www.claret.cat\/es\/libro\/el-carrer-de-les-camelies-9788473295000\/","title":{"rendered":"EL CARRER DE LES CAM\u00c8LIES"},"content":{"rendered":"<p>Despr\u00e9s de reeditar-les al Club dels Novel\u00b7listes, publiquem les sis novel\u00b7les de Rodoreda en una butxaca atrevida i delicada. A El carrer de les Cam\u00e8lies una noia abandona l\u2019agulla per fer senyors i no deixar\u00e0 mai la prostituci\u00f3, ni tan sols quan t\u00e9 diners i una torre plena d\u2019est\u00e0tues.<\/p>\n<p> Cec\u00edlia Ce camina i camina per Barcelona. \u00bfQu\u00e8 busca? Rodoreda ho sabia i moltes de les seves lectores tamb\u00e9: la seva identitat perduda per\u00f2 tamb\u00e9 les seves fantasies sexuals, perqu\u00e8 com diu Stefanie Kremser al postfaci: \u201cels homes i les dones, com que no tenim remei, ens fem servir els uns als altres. Que l\u2019\u00fas i l\u2019ab\u00fas \u2014si cal\u2014 siguin mutus.\u201d<\/p>\n<p> Un viatge al fons de la nit, una exploraci\u00f3 de la intemp\u00e8rie d\u2019una Barcelona on unes cames pertorben els homes all\u00e0 on passen \u2014per la Rambla on tot comen\u00e7a, per l\u2019Eixample on \u00e9s engabiada en un pis, per les barraques del Carmel on es despulla entre una xapa de zenc i un paraigua de seda&#8230; Una de les peces m\u00e9s fortes de l\u2019obra rodorediana.<\/p>\n<p> \u201cLa Cec\u00edlia \u00e9s una supervivent. Segueix caminant, mai no s\u2019atura ni perd la serenitat. S\u2019aixeca, torna a caure, continua. Al final \u00e9s una veritable hero\u00efna que ha apr\u00e8s a conviure amb les seves ferides i que sap aprofitar-se d\u2019aquesta nova for\u00e7a. Una ca\u00e7adora que esdev\u00e9 presa. Massa forta per morir com a v\u00edctima, fins i tot com a v\u00edctima de violacions m\u00faltiples, com a esclava sexual, com a dona amb moments de psicosi\u201d Stefanie Kremser<\/p>\n<p> \u201cEl dolor no es paeix, s\u2019hi conviu i es transforma, demostra Cec\u00edlia Ce. Per aix\u00f2 la vida de la protagonista \u00e9s plena d\u2019hist\u00f2ries que es desenvolupen gradualment per\u00f2 que han de concloure bruscament, en una roda que Rodoreda sap que si comet\u00e9s l\u2019error de trigar massa en girar, simplement s\u2019aturaria.\u201d Cl\u00e0udia Rius a N\u00favol<\/p>\n<p> \u201cEn molts passatges fa l\u2019efecte que Rodoreda es va arribar a sentir m\u00e9s a prop d\u2019aquest personatge que de cap altre que hagu\u00e9s inventat, tot i donar-li la piga d\u2019una diva del Paral\u00b7lel. Nom\u00e9s una Cec\u00edlia molt a prop d\u2019ella mateixa podria haver afirmat que \u201cl\u2019amor era la difer\u00e8ncia que hi ha entre tot el que \u00e9s igual\u201d.\u201d Eva V\u00e0zquez a El Punt Avui \u2013 Aquell cactus florit<\/p>\n<p> \u201cPaga la pena abocar-se de cap a El carrer de les Cam\u00e8lies perqu\u00e8 \u00e9s el retrat d\u2019una dona passiva i morta per dins envoltada d\u2019un temps i d\u2019una societat imm\u00f2bil i buida tamb\u00e9 per dins. (\u2026) Rodoreda, en certa forma, s\u2019avan\u00e7a al seu temps i en una Catalunya en plena dictadura i a la cua d\u2019Europa escriu una obra amb elements que anys m\u00e9s tard serien absolutament propis de les grans novel\u00b7les postmodernes.\u201d Pep Antoni Roig a Nacional.cat <\/p>\n<p> \u201cMig oblidada i menystinguda dins l\u2019obra de Rodoreda, despr\u00e9s de 54 anys de la seva primera publicaci\u00f3, ha estat \u201cretrobada\u201d pel Club Editor. El carrer de les Cam\u00e8lies \u00e9s el soliloqui de Cec\u00edlia Ce. Al llarg de tota la novel\u00b7la es buscar\u00e0 a ella mateixa a trav\u00e9s de la cerca del seus or\u00edgens desconeguts. La seva infantesa ser\u00e0 un recordatori continu que ella \u00e9s la nena recollida pels senyors de la torre; tothom anir\u00e0 ple d\u2019especulacions sobre la identitat dels seus pares.\u201d Laura Ramos a La veu dels llibres<\/p>\n","protected":false},"excerpt":{"rendered":"<p>MERC\u00c8 RODOREDA<\/p>\n","protected":false},"featured_media":1086839,"template":"","meta":{"_acf_changed":false,"om_disable_all_campaigns":false,"rs_blank_template":"","rs_page_bg_color":"","slide_template_v7":"","inline_featured_image":false,"_monsterinsights_skip_tracking":false,"_monsterinsights_sitenote_active":false,"_monsterinsights_sitenote_note":"","_monsterinsights_sitenote_category":0},"product_brand":[],"product_cat":[127,357],"product_tag":[],"class_list":{"0":"post-1085772","1":"product","2":"type-product","3":"status-publish","4":"has-post-thumbnail","6":"product_cat-novella-contemporania","7":"product_cat-novela-contemporanea","9":"first","10":"instock","11":"taxable","12":"shipping-taxable","13":"purchasable","14":"product-type-simple"},"acf":{"autor":"MERC\u00c8 RODOREDA","codart":"847329500","libros-coleccion":"","ediciones":"1","encuadernacion":"R\u00fastica","fecha_de_publicacion":"01\/02\/2026","novedad":"1","paginas":"252","subtitulo":"","orden":"0","portada":"0","idioma":"cat","booktrailer":"","resenas":"","editorial":[{"ID":6163,"post_author":"3","post_date":"2022-07-28 17:46:15","post_date_gmt":"2022-07-28 15:46:15","post_content":"","post_title":"CLUB EDITOR","post_excerpt":"","post_status":"publish","comment_status":"closed","ping_status":"closed","post_password":"","post_name":"club-editor","to_ping":"","pinged":"","post_modified":"2022-07-28 17:46:15","post_modified_gmt":"2022-07-28 15:46:15","post_content_filtered":"","post_parent":0,"guid":"http:\/\/dev.claret.cat\/editorial\/club-editor\/","menu_order":0,"post_type":"editorial","post_mime_type":"","comment_count":"0","filter":"raw"}]},"aioseo_notices":[],"_links":{"self":[{"href":"https:\/\/www.claret.cat\/es\/wp-json\/wp\/v2\/product\/1085772","targetHints":{"allow":["GET"]}}],"collection":[{"href":"https:\/\/www.claret.cat\/es\/wp-json\/wp\/v2\/product"}],"about":[{"href":"https:\/\/www.claret.cat\/es\/wp-json\/wp\/v2\/types\/product"}],"wp:featuredmedia":[{"embeddable":true,"href":"https:\/\/www.claret.cat\/es\/wp-json\/wp\/v2\/media\/1086839"}],"wp:attachment":[{"href":"https:\/\/www.claret.cat\/es\/wp-json\/wp\/v2\/media?parent=1085772"}],"wp:term":[{"taxonomy":"product_brand","embeddable":true,"href":"https:\/\/www.claret.cat\/es\/wp-json\/wp\/v2\/product_brand?post=1085772"},{"taxonomy":"product_cat","embeddable":true,"href":"https:\/\/www.claret.cat\/es\/wp-json\/wp\/v2\/product_cat?post=1085772"},{"taxonomy":"product_tag","embeddable":true,"href":"https:\/\/www.claret.cat\/es\/wp-json\/wp\/v2\/product_tag?post=1085772"}],"curies":[{"name":"wp","href":"https:\/\/api.w.org\/{rel}","templated":true}]}}