{"id":1085775,"date":"2026-02-24T14:15:16","date_gmt":"2026-02-24T13:15:16","guid":{"rendered":"https:\/\/www.claret.cat\/llibre\/donde-nace-la-noche-9788445018798\/"},"modified":"2026-02-25T16:10:22","modified_gmt":"2026-02-25T15:10:22","slug":"donde-nace-la-noche-9788445018798","status":"publish","type":"product","link":"https:\/\/www.claret.cat\/es\/libro\/donde-nace-la-noche-9788445018798\/","title":{"rendered":"DONDE NACE LA NOCHE"},"content":{"rendered":"<p>En esta sobrecogedora aventura de fantas\u00eda, la esperanza y el amor deber\u00e1n vencer incluso a la mism\u00edsima muerte.En lo m\u00e1s profundo de las tierras salvajes de Finlandia, no solo los lobos merodean por los tenebrosos bosques. Cuando la diosa de la muerte ataca su pueblo, la mejor amiga de Siiri, Aina, es arrastrada a Tuonela, el m\u00edtico inframundo.<br \/> Decidida a rescatarla, Siiri emprende un peligroso viaje hacia el norte en busca de la ayuda de un cham\u00e1n legendario, la \u00fanica persona que logr\u00f3 adentrarse en Tuonela y regresar con vida. Solo hay un problema: las leyendas cuentan que el cham\u00e1n lleva mucho tiempo muerto.<br \/> En Tuonela, la cruel Reina Bruja convierte cada instante de la vida de Aina en una pesadilla. Sin embargo, el dios de la muerte tiene planes a\u00fan m\u00e1s oscuros para ella. En su desesperaci\u00f3n por escapar, Aina sella un costoso pacto con \u00e9l, sin imaginar que Siiri prepara un rescate tan imposible como audaz.<br \/> Descubre un tri\u00e1ngulo amoroso que combina friends to lovers, arranged marriage, fated mates y forbidden love con la tensi\u00f3n perfecta de un slow burn inolvidable.<\/p>\n","protected":false},"excerpt":{"rendered":"<p>EMILY RATH<\/p>\n","protected":false},"featured_media":1086251,"template":"","meta":{"_acf_changed":false,"om_disable_all_campaigns":false,"rs_blank_template":"","rs_page_bg_color":"","slide_template_v7":"","inline_featured_image":false,"_monsterinsights_skip_tracking":false,"_monsterinsights_sitenote_active":false,"_monsterinsights_sitenote_note":"","_monsterinsights_sitenote_category":0},"product_brand":[],"product_cat":[133,566,117,363],"product_tag":[],"class_list":{"0":"post-1085775","1":"product","2":"type-product","3":"status-publish","4":"has-post-thumbnail","6":"product_cat-lectures-per-adolescents-12-18-anys","7":"product_cat-juvenil-3_infantil-juvenil-spa-spa","8":"product_cat-juvenil","9":"product_cat-lecturas-por-adolescentes-12-18-anos","11":"first","12":"instock","13":"taxable","14":"shipping-taxable","15":"purchasable","16":"product-type-simple"},"acf":{"autor":"EMILY RATH","codart":"844501879","libros-coleccion":"","ediciones":"1","encuadernacion":"Carton\u00e9","fecha_de_publicacion":"01\/02\/2026","novedad":"1","paginas":"480","subtitulo":"","orden":"0","portada":"0","idioma":"spa","booktrailer":"","resenas":"","editorial":[{"ID":6308,"post_author":"3","post_date":"2022-07-28 17:49:24","post_date_gmt":"2022-07-28 15:49:24","post_content":"","post_title":"Minotauro","post_excerpt":"","post_status":"publish","comment_status":"closed","ping_status":"closed","post_password":"","post_name":"minotauro","to_ping":"","pinged":"","post_modified":"2022-07-28 17:49:24","post_modified_gmt":"2022-07-28 15:49:24","post_content_filtered":"","post_parent":0,"guid":"http:\/\/dev.claret.cat\/editorial\/minotauro\/","menu_order":0,"post_type":"editorial","post_mime_type":"","comment_count":"0","filter":"raw"}]},"aioseo_notices":[],"_links":{"self":[{"href":"https:\/\/www.claret.cat\/es\/wp-json\/wp\/v2\/product\/1085775","targetHints":{"allow":["GET"]}}],"collection":[{"href":"https:\/\/www.claret.cat\/es\/wp-json\/wp\/v2\/product"}],"about":[{"href":"https:\/\/www.claret.cat\/es\/wp-json\/wp\/v2\/types\/product"}],"wp:featuredmedia":[{"embeddable":true,"href":"https:\/\/www.claret.cat\/es\/wp-json\/wp\/v2\/media\/1086251"}],"wp:attachment":[{"href":"https:\/\/www.claret.cat\/es\/wp-json\/wp\/v2\/media?parent=1085775"}],"wp:term":[{"taxonomy":"product_brand","embeddable":true,"href":"https:\/\/www.claret.cat\/es\/wp-json\/wp\/v2\/product_brand?post=1085775"},{"taxonomy":"product_cat","embeddable":true,"href":"https:\/\/www.claret.cat\/es\/wp-json\/wp\/v2\/product_cat?post=1085775"},{"taxonomy":"product_tag","embeddable":true,"href":"https:\/\/www.claret.cat\/es\/wp-json\/wp\/v2\/product_tag?post=1085775"}],"curies":[{"name":"wp","href":"https:\/\/api.w.org\/{rel}","templated":true}]}}