{"id":1085781,"date":"2026-02-24T14:15:42","date_gmt":"2026-02-24T13:15:42","guid":{"rendered":"https:\/\/www.claret.cat\/llibre\/bola-de-drac-i-la-filosofia-9791387748647\/"},"modified":"2026-04-13T14:01:25","modified_gmt":"2026-04-13T12:01:25","slug":"bola-de-drac-i-la-filosofia-9791387748647","status":"publish","type":"product","link":"https:\/\/www.claret.cat\/es\/libro\/bola-de-drac-i-la-filosofia-9791387748647\/","title":{"rendered":"BOLA DE DRAC I LA FILOSOFIA"},"content":{"rendered":"<p>Aquest assaig exhaustiu i revelador repassa la cosmogonia de Bola de Drac, i il\u00b7lustra la manera en qu\u00e8 la hist\u00f2ria, la natura, la tecnologia i l\u2019exist\u00e8ncia humana s\u2019han expressat en les p\u00e0gines del manga m\u00e9s influent de tots els temps, fins a convertir-se en una s\u00e8rie adorada per la inf\u00e0ncia de tot el planeta Terra.<\/p>\n<p>Un nen que viu sol a la muntanya, i que \u00e9s impossible de ferir amb cap tipus d\u2019arma. Un alien\u00edgena enviat a la Terra per exterminar l\u2019esp\u00e8cie humana i conquerir el planeta. L\u2019\u00faltima barricada contra atacs letals de mons llunyans, futurs dist\u00f2pics i dimensions alternatives.<\/p>\n<p>En Goku ha estat tot aix\u00f2 i molt m\u00e9s. Des de les reminisc\u00e8ncies evidents del Superman original fins a l\u2019objecte de culte i adoraci\u00f3 dels \u00faltims anys, Bola de Drac, l\u2019obra m\u00e9s c\u00e8lebre d\u2019Akira Toriyama, ha travessat diferents fases, cadascuna de les quals ha perm\u00e8s elevar el protagonista, els seus aliats i els adversaris a nous nivells de poder. El que no ha canviat mai \u00e9s el seu sentiment de compassi\u00f3 i de respecte per la vida, com tampoc el desig de superaci\u00f3 (i fins i tot de desafiament als d\u00e9us) que ha impr\u00e8s en els seus milions de seguidors.<\/p>\n","protected":false},"excerpt":{"rendered":"<p>CLAUDIO KULESKO<\/p>\n","protected":false},"featured_media":1086043,"template":"","meta":{"_acf_changed":false,"om_disable_all_campaigns":false,"rs_blank_template":"","rs_page_bg_color":"","slide_template_v7":"","inline_featured_image":false,"_monsterinsights_skip_tracking":false,"_monsterinsights_sitenote_active":false,"_monsterinsights_sitenote_note":"","_monsterinsights_sitenote_category":0},"product_brand":[],"product_cat":[165,438],"product_tag":[],"class_list":{"0":"post-1085781","1":"product","2":"type-product","3":"status-publish","4":"has-post-thumbnail","6":"product_cat-historia-i-corrents-filosofia-2_humanitats","7":"product_cat-historia-y-corrientes-filosofia-2_humanidades","9":"first","10":"instock","11":"taxable","12":"shipping-taxable","13":"purchasable","14":"product-type-simple"},"acf":{"autor":"CLAUDIO KULESKO","codart":"138774864","libros-coleccion":"","ediciones":"1","encuadernacion":"Carton\u00e9","fecha_de_publicacion":"01\/02\/2026","novedad":"1","paginas":"118","subtitulo":"FOR\u00c7A, PODER I DEST\u00cd EN LA CONSTRUCCI\u00d3 DE L''HEROI.","orden":"0","portada":"0","idioma":"cat","booktrailer":"","resenas":"","editorial":[{"ID":6146,"post_author":"3","post_date":"2022-07-28 17:45:52","post_date_gmt":"2022-07-28 15:45:52","post_content":"","post_title":"Blackie Books","post_excerpt":"","post_status":"publish","comment_status":"closed","ping_status":"closed","post_password":"","post_name":"blackie-books","to_ping":"","pinged":"","post_modified":"2022-07-28 17:45:52","post_modified_gmt":"2022-07-28 15:45:52","post_content_filtered":"","post_parent":0,"guid":"http:\/\/dev.claret.cat\/editorial\/blackie-books\/","menu_order":0,"post_type":"editorial","post_mime_type":"","comment_count":"0","filter":"raw"}]},"aioseo_notices":[],"_links":{"self":[{"href":"https:\/\/www.claret.cat\/es\/wp-json\/wp\/v2\/product\/1085781","targetHints":{"allow":["GET"]}}],"collection":[{"href":"https:\/\/www.claret.cat\/es\/wp-json\/wp\/v2\/product"}],"about":[{"href":"https:\/\/www.claret.cat\/es\/wp-json\/wp\/v2\/types\/product"}],"wp:featuredmedia":[{"embeddable":true,"href":"https:\/\/www.claret.cat\/es\/wp-json\/wp\/v2\/media\/1086043"}],"wp:attachment":[{"href":"https:\/\/www.claret.cat\/es\/wp-json\/wp\/v2\/media?parent=1085781"}],"wp:term":[{"taxonomy":"product_brand","embeddable":true,"href":"https:\/\/www.claret.cat\/es\/wp-json\/wp\/v2\/product_brand?post=1085781"},{"taxonomy":"product_cat","embeddable":true,"href":"https:\/\/www.claret.cat\/es\/wp-json\/wp\/v2\/product_cat?post=1085781"},{"taxonomy":"product_tag","embeddable":true,"href":"https:\/\/www.claret.cat\/es\/wp-json\/wp\/v2\/product_tag?post=1085781"}],"curies":[{"name":"wp","href":"https:\/\/api.w.org\/{rel}","templated":true}]}}