{"id":1085787,"date":"2026-02-24T14:16:09","date_gmt":"2026-02-24T13:16:09","guid":{"rendered":"https:\/\/www.claret.cat\/llibre\/dragon-ball-y-la-filosofia-9791387748630\/"},"modified":"2026-02-25T10:26:00","modified_gmt":"2026-02-25T09:26:00","slug":"dragon-ball-y-la-filosofia-9791387748630","status":"publish","type":"product","link":"https:\/\/www.claret.cat\/es\/libro\/dragon-ball-y-la-filosofia-9791387748630\/","title":{"rendered":"DRAGON BALL Y LA FILOSOF\u00cdA"},"content":{"rendered":"<p>Este ensayo exhaustivo y revelador repasa la cosmogon\u00eda de Dragon Ball, e ilustra de qu\u00e9 manera la historia, la naturaleza, la tecnolog\u00eda y la existencia humana se han expresado en las p\u00e1ginas del manga m\u00e1s influyente de todos los tiempos, hasta convertirse en una serie adorada por la infancia de todo el planeta Tierra.<\/p>\n<p>Un ni\u00f1o que vive solo en las monta\u00f1as, y que es imposible de herir con ning\u00fan arma conocida. Un alien\u00edgena enviado a la Tierra para exterminar a la especie humana y conquistar el planeta. La \u00faltima barricada contra ataques letales de mundos lejanos, futuros dist\u00f3picos y dimensiones alternativas.<\/p>\n<p>Goku ha sido todo esto, y m\u00e1s. Desde las evidentes reminiscencias del Superman original hasta el objeto de culto y adoraci\u00f3n de los \u00faltimos a\u00f1os, Dragon Ball, la obra m\u00e1s c\u00e9lebre de Akira Toriyama, ha atravesado diferentes fases, cada una de las cuales ha permitido elevar al protagonista, a sus aliados y a sus adversarios a nuevos niveles de poder. Lo que nunca ha cambiado es el sentimiento de compasi\u00f3n y de respeto por la vida que de ella emanan, as\u00ed como el deseo de superaci\u00f3n (e incluso de desaf\u00edo a los dioses) que ha impreso en sus millones de seguidores.<\/p>\n","protected":false},"excerpt":{"rendered":"<p>CLAUDIO KULESKO<\/p>\n","protected":false},"featured_media":1086045,"template":"","meta":{"_acf_changed":false,"om_disable_all_campaigns":false,"rs_blank_template":"","rs_page_bg_color":"","slide_template_v7":"","inline_featured_image":false,"_monsterinsights_skip_tracking":false,"_monsterinsights_sitenote_active":false,"_monsterinsights_sitenote_note":"","_monsterinsights_sitenote_category":0},"product_brand":[],"product_cat":[165,438],"product_tag":[],"class_list":{"0":"post-1085787","1":"product","2":"type-product","3":"status-publish","4":"has-post-thumbnail","6":"product_cat-historia-i-corrents-filosofia-2_humanitats","7":"product_cat-historia-y-corrientes-filosofia-2_humanidades","9":"first","10":"instock","11":"taxable","12":"shipping-taxable","13":"purchasable","14":"product-type-simple"},"acf":{"autor":"CLAUDIO KULESKO","codart":"138774863","libros-coleccion":"","ediciones":"1","encuadernacion":"Carton\u00e9","fecha_de_publicacion":"01\/02\/2026","novedad":"1","paginas":"119","subtitulo":"FUERZA, PODER Y DESTINO EN LA CONSTRUCCI\u00d3N DEL H\u00c9ROE","orden":"0","portada":"0","idioma":"spa","booktrailer":"","resenas":"","editorial":[{"ID":6146,"post_author":"3","post_date":"2022-07-28 17:45:52","post_date_gmt":"2022-07-28 15:45:52","post_content":"","post_title":"Blackie Books","post_excerpt":"","post_status":"publish","comment_status":"closed","ping_status":"closed","post_password":"","post_name":"blackie-books","to_ping":"","pinged":"","post_modified":"2022-07-28 17:45:52","post_modified_gmt":"2022-07-28 15:45:52","post_content_filtered":"","post_parent":0,"guid":"http:\/\/dev.claret.cat\/editorial\/blackie-books\/","menu_order":0,"post_type":"editorial","post_mime_type":"","comment_count":"0","filter":"raw"}]},"aioseo_notices":[],"_links":{"self":[{"href":"https:\/\/www.claret.cat\/es\/wp-json\/wp\/v2\/product\/1085787","targetHints":{"allow":["GET"]}}],"collection":[{"href":"https:\/\/www.claret.cat\/es\/wp-json\/wp\/v2\/product"}],"about":[{"href":"https:\/\/www.claret.cat\/es\/wp-json\/wp\/v2\/types\/product"}],"wp:featuredmedia":[{"embeddable":true,"href":"https:\/\/www.claret.cat\/es\/wp-json\/wp\/v2\/media\/1086045"}],"wp:attachment":[{"href":"https:\/\/www.claret.cat\/es\/wp-json\/wp\/v2\/media?parent=1085787"}],"wp:term":[{"taxonomy":"product_brand","embeddable":true,"href":"https:\/\/www.claret.cat\/es\/wp-json\/wp\/v2\/product_brand?post=1085787"},{"taxonomy":"product_cat","embeddable":true,"href":"https:\/\/www.claret.cat\/es\/wp-json\/wp\/v2\/product_cat?post=1085787"},{"taxonomy":"product_tag","embeddable":true,"href":"https:\/\/www.claret.cat\/es\/wp-json\/wp\/v2\/product_tag?post=1085787"}],"curies":[{"name":"wp","href":"https:\/\/api.w.org\/{rel}","templated":true}]}}