{"id":1085795,"date":"2026-02-24T14:20:15","date_gmt":"2026-02-24T13:20:15","guid":{"rendered":"https:\/\/www.claret.cat\/llibre\/amics-9791399129977\/"},"modified":"2026-02-24T15:40:46","modified_gmt":"2026-02-24T14:40:46","slug":"amics-9791399129977","status":"publish","type":"product","link":"https:\/\/www.claret.cat\/es\/libro\/amics-9791399129977\/","title":{"rendered":"AMICS"},"content":{"rendered":"<p>Un nen recorre sol el cam\u00ed de casa a l\u2019escola. Cada dia es repeteixen les mateixes pors: la foscor d\u2019un t\u00fanel, el lladruc sobtat d\u2019un gos tancat a casa , la pres\u00e8ncia inquietant d\u2019un adult bevedor. L\u2019aparici\u00f3 d\u2019un altre gos al pati de l\u2019escola transforma aquest trajecte quotidi\u00e0 i ajuda el nen a afrontar les seves pors i a enfortir la seva confian\u00e7a. Amics \u00e9s un llibre delicat i proper sobre l\u2019amistat en la infantesa , escrit per Andrea Hensgen i il\u00b7lustrat per B\u00e9atrice Rodriguez, mestra de la narraci\u00f3 sense paraules, autora de Lladre de gallines, La revenja del gall i Un dia de pesca, tots publicats a Libros del Zorro Rojo.<\/p>\n","protected":false},"excerpt":{"rendered":"<p>ANDREA HENSGEN<\/p>\n","protected":false},"featured_media":1085796,"template":"","meta":{"_acf_changed":false,"om_disable_all_campaigns":false,"rs_blank_template":"","rs_page_bg_color":"","slide_template_v7":"","inline_featured_image":false,"_monsterinsights_skip_tracking":false,"_monsterinsights_sitenote_active":false,"_monsterinsights_sitenote_note":"","_monsterinsights_sitenote_category":0},"product_brand":[],"product_cat":[131,361],"product_tag":[],"class_list":{"0":"post-1085795","1":"product","2":"type-product","3":"status-publish","4":"has-post-thumbnail","6":"product_cat-contes-per-infants-0-6-anys","7":"product_cat-cuentos-para-ninos-0-6-anos","9":"first","10":"instock","11":"taxable","12":"shipping-taxable","13":"purchasable","14":"product-type-simple"},"acf":{"autor":"ANDREA HENSGEN","codart":"139912997","libros-coleccion":"","ediciones":"1","encuadernacion":"Carton\u00e9","fecha_de_publicacion":"01\/02\/2026","novedad":"1","paginas":"12","subtitulo":"","orden":"0","portada":"0","idioma":"cat","booktrailer":"","resenas":"","editorial":[{"ID":148435,"post_author":"3","post_date":"2022-10-14 11:58:13","post_date_gmt":"2022-10-14 09:58:13","post_content":"","post_title":"LIBROS DEL ZORRO ROJO","post_excerpt":"","post_status":"publish","comment_status":"closed","ping_status":"closed","post_password":"","post_name":"libros-del-zorro-rojo","to_ping":"","pinged":"","post_modified":"2022-10-14 11:58:13","post_modified_gmt":"2022-10-14 09:58:13","post_content_filtered":"","post_parent":0,"guid":"http:\/\/dev.claret.cat\/editorial\/libros-del-zorro-rojo\/","menu_order":0,"post_type":"editorial","post_mime_type":"","comment_count":"0","filter":"raw"}]},"aioseo_notices":[],"_links":{"self":[{"href":"https:\/\/www.claret.cat\/es\/wp-json\/wp\/v2\/product\/1085795","targetHints":{"allow":["GET"]}}],"collection":[{"href":"https:\/\/www.claret.cat\/es\/wp-json\/wp\/v2\/product"}],"about":[{"href":"https:\/\/www.claret.cat\/es\/wp-json\/wp\/v2\/types\/product"}],"wp:featuredmedia":[{"embeddable":true,"href":"https:\/\/www.claret.cat\/es\/wp-json\/wp\/v2\/media\/1085796"}],"wp:attachment":[{"href":"https:\/\/www.claret.cat\/es\/wp-json\/wp\/v2\/media?parent=1085795"}],"wp:term":[{"taxonomy":"product_brand","embeddable":true,"href":"https:\/\/www.claret.cat\/es\/wp-json\/wp\/v2\/product_brand?post=1085795"},{"taxonomy":"product_cat","embeddable":true,"href":"https:\/\/www.claret.cat\/es\/wp-json\/wp\/v2\/product_cat?post=1085795"},{"taxonomy":"product_tag","embeddable":true,"href":"https:\/\/www.claret.cat\/es\/wp-json\/wp\/v2\/product_tag?post=1085795"}],"curies":[{"name":"wp","href":"https:\/\/api.w.org\/{rel}","templated":true}]}}