{"id":1085798,"date":"2026-02-24T14:20:28","date_gmt":"2026-02-24T13:20:28","guid":{"rendered":"https:\/\/www.claret.cat\/llibre\/de-la-libertad-9791387752576\/"},"modified":"2026-02-25T10:30:44","modified_gmt":"2026-02-25T09:30:44","slug":"de-la-libertad-9791387752576","status":"publish","type":"product","link":"https:\/\/www.claret.cat\/es\/libro\/de-la-libertad-9791387752576\/","title":{"rendered":"DE LA LIBERTAD"},"content":{"rendered":"<p>Entrar en el pensamiento de John Stuart Mill es sumergirnos en el utilitarismo en su esplendor, concebido como herramienta para resolver los asuntos de la vida cotidiana. As\u00ed, en este ensayo cumbre dentro del conjunto de su obra, Mill no nos habla de \u00e9tica, sino de sociedad y civismo, de c\u00f3mo la libertad individual debe constre\u00f1irse al inter\u00e9s colectivo y social. Y nos muestra la importancia de someter a escrutinio todas las cuestiones, incluso aquellas que creemos irrefutables. Porque no se trata de trabajar por un mundo perfecto, sino por uno mejor.<\/p>\n","protected":false},"excerpt":{"rendered":"<p>JOHN STUART MILL<\/p>\n","protected":false},"featured_media":1086047,"template":"","meta":{"_acf_changed":false,"om_disable_all_campaigns":false,"rs_blank_template":"","rs_page_bg_color":"","slide_template_v7":"","inline_featured_image":false,"_monsterinsights_skip_tracking":false,"_monsterinsights_sitenote_active":false,"_monsterinsights_sitenote_note":"","_monsterinsights_sitenote_category":0},"product_brand":[],"product_cat":[373,166,175,445],"product_tag":[],"class_list":{"0":"post-1085798","1":"product","2":"type-product","3":"status-publish","4":"has-post-thumbnail","6":"product_cat-autores","7":"product_cat-autors-filosofia","8":"product_cat-etica","9":"product_cat-etica-filosofia-2_humanidades","11":"first","12":"instock","13":"taxable","14":"shipping-taxable","15":"purchasable","16":"product-type-simple"},"acf":{"autor":"JOHN STUART MILL","codart":"138775257","libros-coleccion":"","ediciones":"1","encuadernacion":"Carton\u00e9","fecha_de_publicacion":"01\/02\/2026","novedad":"1","paginas":"157","subtitulo":"","orden":"0","portada":"0","idioma":"spa","booktrailer":"","resenas":"","editorial":[{"ID":147917,"post_author":"3","post_date":"2022-10-14 11:54:14","post_date_gmt":"2022-10-14 09:54:14","post_content":"","post_title":"EDITORIAL ALMA","post_excerpt":"","post_status":"publish","comment_status":"closed","ping_status":"closed","post_password":"","post_name":"editorial-alma","to_ping":"","pinged":"","post_modified":"2022-10-14 11:54:14","post_modified_gmt":"2022-10-14 09:54:14","post_content_filtered":"","post_parent":0,"guid":"http:\/\/dev.claret.cat\/editorial\/editorial-alma\/","menu_order":0,"post_type":"editorial","post_mime_type":"","comment_count":"0","filter":"raw"}]},"aioseo_notices":[],"_links":{"self":[{"href":"https:\/\/www.claret.cat\/es\/wp-json\/wp\/v2\/product\/1085798","targetHints":{"allow":["GET"]}}],"collection":[{"href":"https:\/\/www.claret.cat\/es\/wp-json\/wp\/v2\/product"}],"about":[{"href":"https:\/\/www.claret.cat\/es\/wp-json\/wp\/v2\/types\/product"}],"wp:featuredmedia":[{"embeddable":true,"href":"https:\/\/www.claret.cat\/es\/wp-json\/wp\/v2\/media\/1086047"}],"wp:attachment":[{"href":"https:\/\/www.claret.cat\/es\/wp-json\/wp\/v2\/media?parent=1085798"}],"wp:term":[{"taxonomy":"product_brand","embeddable":true,"href":"https:\/\/www.claret.cat\/es\/wp-json\/wp\/v2\/product_brand?post=1085798"},{"taxonomy":"product_cat","embeddable":true,"href":"https:\/\/www.claret.cat\/es\/wp-json\/wp\/v2\/product_cat?post=1085798"},{"taxonomy":"product_tag","embeddable":true,"href":"https:\/\/www.claret.cat\/es\/wp-json\/wp\/v2\/product_tag?post=1085798"}],"curies":[{"name":"wp","href":"https:\/\/api.w.org\/{rel}","templated":true}]}}