{"id":1085807,"date":"2026-02-24T14:25:02","date_gmt":"2026-02-24T13:25:02","guid":{"rendered":"https:\/\/www.claret.cat\/llibre\/contra-la-gravetat-9791387833329\/"},"modified":"2026-03-26T17:10:44","modified_gmt":"2026-03-26T16:10:44","slug":"contra-la-gravetat-9791387833329","status":"publish","type":"product","link":"https:\/\/www.claret.cat\/es\/libro\/contra-la-gravetat-9791387833329\/","title":{"rendered":"CONTRA LA GRAVETAT"},"content":{"rendered":"<p>L\u2019EMOCI\u00d3 DELS CASTELLS CONVERTIDA EN REFLEXI\u00d3 FILOS\u00d2FICA. UN ASSAIG QUE ES LLEGEIX COM UNA NOVEL\u00b7LA, UNA CONFESSI\u00d3 I UNA FESTA.<\/p>\n<p> Un cos damunt d\u2019un altre cos. Una pla\u00e7a sencera que aguanta la respiraci\u00f3. L\u2019enxaneta que s\u2019enfila fins a tocar el cel\u2026 A Contra la gravetat, Kevin Prados parteix d\u2019aquesta experi\u00e8ncia f\u00edsica i col\u00b7lectiva per preguntar-se qu\u00e8 vol dir ser casteller avui i per qu\u00e8 continua emocionant-nos. No parla nom\u00e9s d\u2019una tradici\u00f3, sin\u00f3 d\u2019una manera d\u2019estar al m\u00f3n que<br \/> posa a prova el cos, la confian\u00e7a i els vincles.<\/p>\n<p> Aquest llibre \u00e9s un assaig que es llegeix com un relat viscut. Prados hi entrella\u00e7a filosofia, mem\u00f2ria personal i mirada cultural per mostrar com els castells expliquen una hist\u00f2ria \u00e8pica sobre<br \/> la grandesa de l\u2019\u00e9sser hum\u00e0. En l\u2019esfor\u00e7 col\u00b7lectiu, el risc assumit i el contacte f\u00edsic hi emergeixen valors com l\u2019altruisme, la responsabilitat, el coratge i una idea de comunitat que desborda l\u2019individu.<\/p>\n<p> Una mirada contempor\u00e0nia i rigorosa sobre una de les grans tradicions populars catalanes, alhora identit\u00e0ria i universal. Amb un inspirador pr\u00f2leg de Leticia Dolera i il\u00b7lustracions originals de Marina Barber\u00e0.<\/p>\n<p> \u00abENS AJUDA A COMPRENDRE EL SIGNIFICAT HIST\u00d2RIC, FILOS\u00d2FIC I EMOCIONAL DELS CASTELLS I COM LA BONA FILOSOFIA ENS INSPIRA I ENS FA PENSAR EN LA VIDA\u00bb. LETICIA DOLERA<\/p>\n<p> \u00abUN MAGN\u00cdFIC EXEMPLE QUE, QUAN LA FILOSOFIA T\u00c9 ELS PEUS A TERRA, PARADOXALMENT S&#8221;ELEVA, COM ELS CASTELLS\u00bb. FERRAN S\u00c1EZ MATEU<\/p>\n<p> \u00abUN ASSAIG TREPIDANT, PLE D\u2019EMOCI\u00d3, D\u2019ERUDICI\u00d3 I D\u2019ENCERT. UNA LECTURA AMB ESPERIT C\u00cdVIC I CLARIVID\u00c8NCIA\u00bb. MELCIOR COMES<\/p>\n","protected":false},"excerpt":{"rendered":"<p>KEVIN PRADOS<\/p>\n","protected":false},"featured_media":1092994,"template":"","meta":{"_acf_changed":false,"om_disable_all_campaigns":false,"rs_blank_template":"","rs_page_bg_color":"","slide_template_v7":"","inline_featured_image":false,"_monsterinsights_skip_tracking":false,"_monsterinsights_sitenote_active":false,"_monsterinsights_sitenote_note":"","_monsterinsights_sitenote_category":0},"product_brand":[],"product_cat":[373,166,430,153],"product_tag":[],"class_list":{"0":"post-1085807","1":"product","2":"type-product","3":"status-publish","4":"has-post-thumbnail","6":"product_cat-autores","7":"product_cat-autors-filosofia","8":"product_cat-cataluna","9":"product_cat-catalunya","11":"first","12":"instock","13":"taxable","14":"shipping-taxable","15":"purchasable","16":"product-type-simple"},"acf":{"autor":"KEVIN PRADOS","codart":"138783332","libros-coleccion":"","ediciones":"1","encuadernacion":"R\u00fastica","fecha_de_publicacion":"01\/02\/2026","novedad":"1","paginas":"221","subtitulo":"LA FILOSOFIA DELS CASTELLERS","orden":"0","portada":"0","idioma":"cat","booktrailer":"","resenas":"","editorial":[{"ID":6127,"post_author":"3","post_date":"2022-07-28 17:45:28","post_date_gmt":"2022-07-28 15:45:28","post_content":"","post_title":"ARPA EDITORES","post_excerpt":"","post_status":"publish","comment_status":"closed","ping_status":"closed","post_password":"","post_name":"arpa-editores","to_ping":"","pinged":"","post_modified":"2022-07-28 17:45:28","post_modified_gmt":"2022-07-28 15:45:28","post_content_filtered":"","post_parent":0,"guid":"http:\/\/dev.claret.cat\/editorial\/arpa-editores\/","menu_order":0,"post_type":"editorial","post_mime_type":"","comment_count":"0","filter":"raw"}]},"aioseo_notices":[],"_links":{"self":[{"href":"https:\/\/www.claret.cat\/es\/wp-json\/wp\/v2\/product\/1085807","targetHints":{"allow":["GET"]}}],"collection":[{"href":"https:\/\/www.claret.cat\/es\/wp-json\/wp\/v2\/product"}],"about":[{"href":"https:\/\/www.claret.cat\/es\/wp-json\/wp\/v2\/types\/product"}],"wp:featuredmedia":[{"embeddable":true,"href":"https:\/\/www.claret.cat\/es\/wp-json\/wp\/v2\/media\/1092994"}],"wp:attachment":[{"href":"https:\/\/www.claret.cat\/es\/wp-json\/wp\/v2\/media?parent=1085807"}],"wp:term":[{"taxonomy":"product_brand","embeddable":true,"href":"https:\/\/www.claret.cat\/es\/wp-json\/wp\/v2\/product_brand?post=1085807"},{"taxonomy":"product_cat","embeddable":true,"href":"https:\/\/www.claret.cat\/es\/wp-json\/wp\/v2\/product_cat?post=1085807"},{"taxonomy":"product_tag","embeddable":true,"href":"https:\/\/www.claret.cat\/es\/wp-json\/wp\/v2\/product_tag?post=1085807"}],"curies":[{"name":"wp","href":"https:\/\/api.w.org\/{rel}","templated":true}]}}