{"id":1085810,"date":"2026-02-24T14:25:17","date_gmt":"2026-02-24T13:25:17","guid":{"rendered":"https:\/\/www.claret.cat\/llibre\/milindapanha-9788411213974\/"},"modified":"2026-02-25T10:25:18","modified_gmt":"2026-02-25T09:25:18","slug":"milindapanha-9788411213974","status":"publish","type":"product","link":"https:\/\/www.claret.cat\/es\/libro\/milindapanha-9788411213974\/","title":{"rendered":"MILINDAPA\u00d1HA"},"content":{"rendered":"<p>El Milindapa\u00f1ha es uno de los cl\u00e1sicos universales del budismo. Compuesto alrededor del siglo II a.C., la obra consiste en un di\u00e1logo filos\u00f3fico entre un rey de Bactria de linaje hel\u00e9nico, llamado en lengua pali Milinda (y un sabio monje budista llamado Nagasena. <\/p>\n<p>Tras una amena introducci\u00f3n de car\u00e1cter narrativo acerca de las relaciones k\u00e1rmicas entre los dos personajes, del grueso de la obra consiste en una fascinante sesi\u00f3n de preguntas y respuestas, en las que el rey Milinda, como buen sofista griego, pone a prueba la coherencia y el sentido de las ense\u00f1anzas del Buddha, sin escatimar mordacidad. El monje Nagasena responde a todas las preguntas mediante argumentos de car\u00e1cter l\u00f3gico y recurriendo a m\u00faltiples s\u00edmiles po\u00e9ticos y citas de la literatura budista primigenia. <\/p>\n<p>Tenemos ante nosotros una avanzadilla \u2013de m\u00e1s de veinte siglos\u2013 de un budismo ense\u00f1ado a occidentales y una did\u00e1ctica y entretenida puerta de entrada a la filosof\u00eda y la literatura budista antigua.<\/p>\n","protected":false},"excerpt":{"rendered":"<p>AA.VV.<\/p>\n","protected":false},"featured_media":1086041,"template":"","meta":{"_acf_changed":false,"om_disable_all_campaigns":false,"rs_blank_template":"","rs_page_bg_color":"","slide_template_v7":"","inline_featured_image":false,"_monsterinsights_skip_tracking":false,"_monsterinsights_sitenote_active":false,"_monsterinsights_sitenote_note":"","_monsterinsights_sitenote_category":0},"product_brand":[],"product_cat":[544,94],"product_tag":[],"class_list":{"0":"post-1085810","1":"product","2":"type-product","3":"status-publish","4":"has-post-thumbnail","6":"product_cat-religiones","7":"product_cat-religions","9":"first","10":"instock","11":"taxable","12":"shipping-taxable","13":"purchasable","14":"product-type-simple"},"acf":{"autor":"AA.VV.","codart":"841121397","libros-coleccion":"FORA DE COL.LECCI\u00d3","ediciones":"1","encuadernacion":"R\u00fastica","fecha_de_publicacion":"01\/02\/2026","novedad":"1","paginas":"470","subtitulo":"LAS PREGUNTAS DEL REY MILINDAPA\u00d1HA","orden":"0","portada":"0","idioma":"spa","booktrailer":"","resenas":"","editorial":[{"ID":147993,"post_author":"3","post_date":"2022-10-14 11:54:48","post_date_gmt":"2022-10-14 09:54:48","post_content":"","post_title":"Editorial Kair\u00f3s SA","post_excerpt":"","post_status":"publish","comment_status":"closed","ping_status":"closed","post_password":"","post_name":"editorial-kairos-sa","to_ping":"","pinged":"","post_modified":"2022-10-14 11:54:48","post_modified_gmt":"2022-10-14 09:54:48","post_content_filtered":"","post_parent":0,"guid":"http:\/\/dev.claret.cat\/editorial\/editorial-kairos-sa\/","menu_order":0,"post_type":"editorial","post_mime_type":"","comment_count":"0","filter":"raw"}]},"aioseo_notices":[],"_links":{"self":[{"href":"https:\/\/www.claret.cat\/es\/wp-json\/wp\/v2\/product\/1085810","targetHints":{"allow":["GET"]}}],"collection":[{"href":"https:\/\/www.claret.cat\/es\/wp-json\/wp\/v2\/product"}],"about":[{"href":"https:\/\/www.claret.cat\/es\/wp-json\/wp\/v2\/types\/product"}],"wp:featuredmedia":[{"embeddable":true,"href":"https:\/\/www.claret.cat\/es\/wp-json\/wp\/v2\/media\/1086041"}],"wp:attachment":[{"href":"https:\/\/www.claret.cat\/es\/wp-json\/wp\/v2\/media?parent=1085810"}],"wp:term":[{"taxonomy":"product_brand","embeddable":true,"href":"https:\/\/www.claret.cat\/es\/wp-json\/wp\/v2\/product_brand?post=1085810"},{"taxonomy":"product_cat","embeddable":true,"href":"https:\/\/www.claret.cat\/es\/wp-json\/wp\/v2\/product_cat?post=1085810"},{"taxonomy":"product_tag","embeddable":true,"href":"https:\/\/www.claret.cat\/es\/wp-json\/wp\/v2\/product_tag?post=1085810"}],"curies":[{"name":"wp","href":"https:\/\/api.w.org\/{rel}","templated":true}]}}