{"id":1085813,"date":"2026-02-24T14:30:02","date_gmt":"2026-02-24T13:30:02","guid":{"rendered":"https:\/\/www.claret.cat\/llibre\/la-meva-antonia-9788412995077\/"},"modified":"2026-04-16T12:35:47","modified_gmt":"2026-04-16T10:35:47","slug":"la-meva-antonia-9788412995077","status":"publish","type":"product","link":"https:\/\/www.claret.cat\/es\/libro\/la-meva-antonia-9788412995077\/","title":{"rendered":"LA MEVA \u00c0NTONIA"},"content":{"rendered":"<p>Aquesta \u00e9s una hist\u00f2ria de solidaritat. La solidaritat entre els nouvinguts i els que ja hi eren. La solidaritat que fa aixecar un pa\u00eds que ho ha oblidat i \u00e9s a punt de fer-nos-ho oblidar a tots. La solidaritat que ens salvar\u00e0 i que nom\u00e9s pot n\u00e9ixer d\u2019una amistat com la d\u2019en Jim i l\u2019\u00c0ntonia. Perqu\u00e8 \u00abla felicitat \u00e9s aix\u00f2: dissoldre\u2019s en un tot complet i grandi\u00f3s\u00bb.<\/p>\n<p> En Jim Burden \u00e9s advocat i viu a Nova York. \u00c9s qui escriu la hist\u00f2ria de l\u2019\u00c0ntonia, que va con\u00e8ixer a Nebraska quan ell tenia deu anys i ella catorze.<\/p>\n<p> Tots dos hi acabaven d\u2019arribar: ell anava a viure a la granja dels avis perqu\u00e8 els seus pares havien mort; ella venia de Boh\u00e8mia amb tota la seva fam\u00edlia i es va instal\u00b7lar en una granja propera. A tots dos se\u2019ls obria al davant un m\u00f3n nou i ens regalen aquesta hist\u00f2ria d\u2019amistat.<\/p>\n<p> En Jim queda fascinat per la personalitat de l\u2019\u00c0ntonia, un dels personatges m\u00e9s suggestius de Willa Cather. Forta i sensible, intel\u00b7ligent i cr\u00e8dula, descobreix la duresa de la vida dels pioners, que han de conquerir la terra amb les aixades; la crueltat de la condici\u00f3 humana, que la toca de prop; per\u00f2 tamb\u00e9 la bondat de les persones, que la salva.<\/p>\n<p> \u00abN\u2019hi havia prou que s\u2019estigu\u00e9s all\u00e0 dreta entre els fruiters, que pos\u00e9s una m\u00e0 en una pomera jove i que mir\u00e9s amunt cap als fruits, per fer-te sentir tot el que t\u00e9 de bo plantar i cuidar i finalment collir.\u00bb<\/p>\n","protected":false},"excerpt":{"rendered":"<p>WILLA CATHER<\/p>\n","protected":false},"featured_media":1086034,"template":"","meta":{"_acf_changed":false,"om_disable_all_campaigns":false,"rs_blank_template":"","rs_page_bg_color":"","slide_template_v7":"","inline_featured_image":false,"_monsterinsights_skip_tracking":false,"_monsterinsights_sitenote_active":false,"_monsterinsights_sitenote_note":"","_monsterinsights_sitenote_category":0},"product_brand":[],"product_cat":[354,123],"product_tag":[],"class_list":{"0":"post-1085813","1":"product","2":"type-product","3":"status-publish","4":"has-post-thumbnail","6":"product_cat-clasica","7":"product_cat-classica","9":"first","10":"instock","11":"taxable","12":"shipping-taxable","13":"purchasable","14":"product-type-simple"},"acf":{"autor":"WILLA CATHER","codart":"841299507","libros-coleccion":"","ediciones":"1","encuadernacion":"Carton\u00e9","fecha_de_publicacion":"01\/02\/2026","novedad":"1","paginas":"465","subtitulo":"","orden":"0","portada":"0","idioma":"cat","booktrailer":"","resenas":"","editorial":[{"ID":147582,"post_author":"3","post_date":"2022-10-14 11:51:40","post_date_gmt":"2022-10-14 09:51:40","post_content":"","post_title":"Cal Carr\u00e9. Editorial Artesana.","post_excerpt":"","post_status":"publish","comment_status":"closed","ping_status":"closed","post_password":"","post_name":"cal-carre-editorial-artesana","to_ping":"","pinged":"","post_modified":"2022-10-14 11:51:40","post_modified_gmt":"2022-10-14 09:51:40","post_content_filtered":"","post_parent":0,"guid":"http:\/\/dev.claret.cat\/editorial\/cal-carre-editorial-artesana\/","menu_order":0,"post_type":"editorial","post_mime_type":"","comment_count":"0","filter":"raw"}]},"aioseo_notices":[],"_links":{"self":[{"href":"https:\/\/www.claret.cat\/es\/wp-json\/wp\/v2\/product\/1085813","targetHints":{"allow":["GET"]}}],"collection":[{"href":"https:\/\/www.claret.cat\/es\/wp-json\/wp\/v2\/product"}],"about":[{"href":"https:\/\/www.claret.cat\/es\/wp-json\/wp\/v2\/types\/product"}],"wp:featuredmedia":[{"embeddable":true,"href":"https:\/\/www.claret.cat\/es\/wp-json\/wp\/v2\/media\/1086034"}],"wp:attachment":[{"href":"https:\/\/www.claret.cat\/es\/wp-json\/wp\/v2\/media?parent=1085813"}],"wp:term":[{"taxonomy":"product_brand","embeddable":true,"href":"https:\/\/www.claret.cat\/es\/wp-json\/wp\/v2\/product_brand?post=1085813"},{"taxonomy":"product_cat","embeddable":true,"href":"https:\/\/www.claret.cat\/es\/wp-json\/wp\/v2\/product_cat?post=1085813"},{"taxonomy":"product_tag","embeddable":true,"href":"https:\/\/www.claret.cat\/es\/wp-json\/wp\/v2\/product_tag?post=1085813"}],"curies":[{"name":"wp","href":"https:\/\/api.w.org\/{rel}","templated":true}]}}