{"id":1085816,"date":"2026-02-24T14:30:15","date_gmt":"2026-02-24T13:30:15","guid":{"rendered":"https:\/\/www.claret.cat\/llibre\/algo-quedara-de-mi-9791387605735\/"},"modified":"2026-02-25T19:15:25","modified_gmt":"2026-02-25T18:15:25","slug":"algo-quedara-de-mi-9791387605735","status":"publish","type":"product","link":"https:\/\/www.claret.cat\/es\/libro\/algo-quedara-de-mi-9791387605735\/","title":{"rendered":"ALGO QUEDAR\u00c1 DE M\u00cd"},"content":{"rendered":"<p>Non omnis moriar, no todo lo m\u00edo morir\u00e1. As\u00ed lo expres\u00f3 en un famoso verso el poeta Horacio. Esta es la historia de diez mujeres que escogieron el bando de la libertad y la justicia en los tiempos del Tercer Reich. Ven\u00edan de diversos pa\u00edses europeos y de distintas filiaciones pol\u00edticas, or\u00edgenes sociales, credos y convicciones. Pero eran valientes, odiaban la tiran\u00eda y nada las detuvo a la hora de defender, incluso enfrent\u00e1ndose a la deportaci\u00f3n, la tortura y la muerte, la libertad y la dignidad de sus respectivos pueblos sometidos a la atrocidad de una ideolog\u00eda asesina: el nazismo. Cinco de ellas morir\u00edan y otras cinco sobrevivir\u00edan y dedicar\u00edan el resto de su vida a dar testimonio y mantener viva la memoria, a trav\u00e9s, como dir\u00eda la resistente Germaine Tillion, &#8221;de la fuerza de las palabras&#8221;. Un lugar siniestro las reuni\u00f3. En 1939, hasta la liberaci\u00f3n en 1945, las SS establecieron el mayor campo de concentraci\u00f3n de mujeres del III Reich en la poblaci\u00f3n de Ravensbr\u00fcck, en Alemania. Cinco de estas hero\u00ednas pertenec\u00edan a la Resistencia francesa: la etn\u00f3loga Germaine Tillion, la dramaturga Charlotte Delbo, la joven arist\u00f3crata Anne de Bauffremont-Courtenay, la brigadista Lise London, y la estudiante y sobrina del l\u00edder de la Francia Libre, Genevi\u00e8ve de Gaulle. A ellas se un\u00edan una testigo de los campos de concentraci\u00f3n nazis y sovi\u00e9ticos de aquellos d\u00edas, la alemana Margarete Buber-Neumann; la periodista checa, y fiel amiga de Kafka, Milena Jesensk\u00e1; la monja rusa, miembro de la Resistencia francesa, Marie Skobtsova, santa de la Iglesia ortodoxa; la esp\u00eda brit\u00e1nica Violette Szabo y la poeta polaca Graz?yna Chrostowska, ejecutada vilmente con tan solo veinti\u00fan a\u00f1os.<\/p>\n","protected":false},"excerpt":{"rendered":"<p>MERCEDES MONMANY<\/p>\n","protected":false},"featured_media":1086495,"template":"","meta":{"_acf_changed":false,"om_disable_all_campaigns":false,"rs_blank_template":"","rs_page_bg_color":"","slide_template_v7":"","inline_featured_image":false,"_monsterinsights_skip_tracking":false,"_monsterinsights_sitenote_active":false,"_monsterinsights_sitenote_note":"","_monsterinsights_sitenote_category":0},"product_brand":[],"product_cat":[368,151],"product_tag":[],"class_list":{"0":"post-1085816","1":"product","2":"type-product","3":"status-publish","4":"has-post-thumbnail","6":"product_cat-contemporanea","7":"product_cat-contemporania","9":"first","10":"instock","11":"taxable","12":"shipping-taxable","13":"purchasable","14":"product-type-simple"},"acf":{"autor":"MERCEDES MONMANY","codart":"138760573","libros-coleccion":"","ediciones":"1","encuadernacion":"Carton\u00e9","fecha_de_publicacion":"01\/02\/2026","novedad":"1","paginas":"440","subtitulo":"HISTORIA DE DIEZ HERO\u00cdNAS DE LA RESISTENCIA EN EL CAMPO DE RAVENSBR\u00dcCK","orden":"0","portada":"0","idioma":"spa","booktrailer":"","resenas":"","editorial":[{"ID":6260,"post_author":"3","post_date":"2022-07-28 17:48:23","post_date_gmt":"2022-07-28 15:48:23","post_content":"","post_title":"Galaxia Gutenberg","post_excerpt":"","post_status":"publish","comment_status":"closed","ping_status":"closed","post_password":"","post_name":"galaxia-gutenberg","to_ping":"","pinged":"","post_modified":"2022-07-28 17:48:23","post_modified_gmt":"2022-07-28 15:48:23","post_content_filtered":"","post_parent":0,"guid":"http:\/\/dev.claret.cat\/editorial\/galaxia-gutenberg\/","menu_order":0,"post_type":"editorial","post_mime_type":"","comment_count":"0","filter":"raw"}]},"aioseo_notices":[],"_links":{"self":[{"href":"https:\/\/www.claret.cat\/es\/wp-json\/wp\/v2\/product\/1085816","targetHints":{"allow":["GET"]}}],"collection":[{"href":"https:\/\/www.claret.cat\/es\/wp-json\/wp\/v2\/product"}],"about":[{"href":"https:\/\/www.claret.cat\/es\/wp-json\/wp\/v2\/types\/product"}],"wp:featuredmedia":[{"embeddable":true,"href":"https:\/\/www.claret.cat\/es\/wp-json\/wp\/v2\/media\/1086495"}],"wp:attachment":[{"href":"https:\/\/www.claret.cat\/es\/wp-json\/wp\/v2\/media?parent=1085816"}],"wp:term":[{"taxonomy":"product_brand","embeddable":true,"href":"https:\/\/www.claret.cat\/es\/wp-json\/wp\/v2\/product_brand?post=1085816"},{"taxonomy":"product_cat","embeddable":true,"href":"https:\/\/www.claret.cat\/es\/wp-json\/wp\/v2\/product_cat?post=1085816"},{"taxonomy":"product_tag","embeddable":true,"href":"https:\/\/www.claret.cat\/es\/wp-json\/wp\/v2\/product_tag?post=1085816"}],"curies":[{"name":"wp","href":"https:\/\/api.w.org\/{rel}","templated":true}]}}