{"id":1085819,"date":"2026-02-24T14:35:02","date_gmt":"2026-02-24T13:35:02","guid":{"rendered":"https:\/\/www.claret.cat\/llibre\/amigos-9791399130058\/"},"modified":"2026-02-24T15:40:50","modified_gmt":"2026-02-24T14:40:50","slug":"amigos-9791399130058","status":"publish","type":"product","link":"https:\/\/www.claret.cat\/es\/libro\/amigos-9791399130058\/","title":{"rendered":"AMIGOS"},"content":{"rendered":"<p>Un ni\u00f1o recorre en soledad el camino de la casa al colegio. Cada d\u00eda se repiten los mismos temores: la oscuridad de un t\u00fanel, el ladrido repentino de un perro encerrado, la presencia inquietante de un adulto bebedor. La aparici\u00f3n de otro perro en el patio de la escuela transforma ese trayecto cotidiano y ayuda al ni\u00f1o a enfrentarse a sus miedos y fortalecer su confianza.<\/p>\n<p> Amigos es un libro delicado y cercano sobre la amistad en la infancia, guionado por Andrea Hensgen e ilustrado por B\u00e9atrice Rodriguez, maestra de la narraci\u00f3n sin palabras, autora de Ladr\u00f3n de gallinas, La revancha del gallo y Un d\u00eda de pesca, todos publicados por Libros del Zorro Rojo.<\/p>\n","protected":false},"excerpt":{"rendered":"<p>ANDREA HENSGEN<\/p>\n","protected":false},"featured_media":1085820,"template":"","meta":{"_acf_changed":false,"om_disable_all_campaigns":false,"rs_blank_template":"","rs_page_bg_color":"","slide_template_v7":"","inline_featured_image":false,"_monsterinsights_skip_tracking":false,"_monsterinsights_sitenote_active":false,"_monsterinsights_sitenote_note":"","_monsterinsights_sitenote_category":0},"product_brand":[],"product_cat":[131,361],"product_tag":[],"class_list":{"0":"post-1085819","1":"product","2":"type-product","3":"status-publish","4":"has-post-thumbnail","6":"product_cat-contes-per-infants-0-6-anys","7":"product_cat-cuentos-para-ninos-0-6-anos","9":"first","10":"instock","11":"taxable","12":"shipping-taxable","13":"purchasable","14":"product-type-simple"},"acf":{"autor":"ANDREA HENSGEN","codart":"139913005","libros-coleccion":"","ediciones":"1","encuadernacion":"Carton\u00e9","fecha_de_publicacion":"01\/02\/2026","novedad":"1","paginas":"24","subtitulo":"","orden":"0","portada":"0","idioma":"spa","booktrailer":"","resenas":"","editorial":[{"ID":148435,"post_author":"3","post_date":"2022-10-14 11:58:13","post_date_gmt":"2022-10-14 09:58:13","post_content":"","post_title":"LIBROS DEL ZORRO ROJO","post_excerpt":"","post_status":"publish","comment_status":"closed","ping_status":"closed","post_password":"","post_name":"libros-del-zorro-rojo","to_ping":"","pinged":"","post_modified":"2022-10-14 11:58:13","post_modified_gmt":"2022-10-14 09:58:13","post_content_filtered":"","post_parent":0,"guid":"http:\/\/dev.claret.cat\/editorial\/libros-del-zorro-rojo\/","menu_order":0,"post_type":"editorial","post_mime_type":"","comment_count":"0","filter":"raw"}]},"aioseo_notices":[],"_links":{"self":[{"href":"https:\/\/www.claret.cat\/es\/wp-json\/wp\/v2\/product\/1085819","targetHints":{"allow":["GET"]}}],"collection":[{"href":"https:\/\/www.claret.cat\/es\/wp-json\/wp\/v2\/product"}],"about":[{"href":"https:\/\/www.claret.cat\/es\/wp-json\/wp\/v2\/types\/product"}],"wp:featuredmedia":[{"embeddable":true,"href":"https:\/\/www.claret.cat\/es\/wp-json\/wp\/v2\/media\/1085820"}],"wp:attachment":[{"href":"https:\/\/www.claret.cat\/es\/wp-json\/wp\/v2\/media?parent=1085819"}],"wp:term":[{"taxonomy":"product_brand","embeddable":true,"href":"https:\/\/www.claret.cat\/es\/wp-json\/wp\/v2\/product_brand?post=1085819"},{"taxonomy":"product_cat","embeddable":true,"href":"https:\/\/www.claret.cat\/es\/wp-json\/wp\/v2\/product_cat?post=1085819"},{"taxonomy":"product_tag","embeddable":true,"href":"https:\/\/www.claret.cat\/es\/wp-json\/wp\/v2\/product_tag?post=1085819"}],"curies":[{"name":"wp","href":"https:\/\/api.w.org\/{rel}","templated":true}]}}