{"id":1085828,"date":"2026-02-24T14:35:41","date_gmt":"2026-02-24T13:35:41","guid":{"rendered":"https:\/\/www.claret.cat\/llibre\/sobre-la-amistad-segun-aristoteles-9791387752569\/"},"modified":"2026-02-25T10:31:08","modified_gmt":"2026-02-25T09:31:08","slug":"sobre-la-amistad-segun-aristoteles-9791387752569","status":"publish","type":"product","link":"https:\/\/www.claret.cat\/es\/libro\/sobre-la-amistad-segun-aristoteles-9791387752569\/","title":{"rendered":"SOBRE LA AMISTAD SEG\u00daN ARIST\u00d3TELES"},"content":{"rendered":"<p>Seg\u00fan Arist\u00f3teles, la amistad puede basarse en la utilidad o en el placer, pero solo es verdadera cuando no la mueve el inter\u00e9s. Solo esta une y distingue a las personas virtuosas y solo esta es duradera, pues se cuece a fuego lento. Pero por encima de todo, el gran fil\u00f3sofo concibe la amistad como algo necesario y connatural: el hombre siempre necesita de un amigo. Por eso estas p\u00e1ginas son una gran lecci\u00f3n de vida, que animan a salir de la individualidad y comprender que una existencia completa se basa en caminar junto a otro.<\/p>\n","protected":false},"excerpt":{"rendered":"<p>ARIST\u00d3TELES<\/p>\n","protected":false},"featured_media":1086049,"template":"","meta":{"_acf_changed":false,"om_disable_all_campaigns":false,"rs_blank_template":"","rs_page_bg_color":"","slide_template_v7":"","inline_featured_image":false,"_monsterinsights_skip_tracking":false,"_monsterinsights_sitenote_active":false,"_monsterinsights_sitenote_note":"","_monsterinsights_sitenote_category":0},"product_brand":[],"product_cat":[373,166,445,175],"product_tag":[],"class_list":{"0":"post-1085828","1":"product","2":"type-product","3":"status-publish","4":"has-post-thumbnail","6":"product_cat-autores","7":"product_cat-autors-filosofia","8":"product_cat-etica-filosofia-2_humanidades","9":"product_cat-etica","11":"first","12":"instock","13":"taxable","14":"shipping-taxable","15":"purchasable","16":"product-type-simple"},"acf":{"autor":"ARIST\u00d3TELES","codart":"138775256","libros-coleccion":"","ediciones":"1","encuadernacion":"Carton\u00e9","fecha_de_publicacion":"01\/02\/2026","novedad":"1","paginas":"93","subtitulo":"","orden":"0","portada":"0","idioma":"spa","booktrailer":"","resenas":"","editorial":[{"ID":147917,"post_author":"3","post_date":"2022-10-14 11:54:14","post_date_gmt":"2022-10-14 09:54:14","post_content":"","post_title":"EDITORIAL ALMA","post_excerpt":"","post_status":"publish","comment_status":"closed","ping_status":"closed","post_password":"","post_name":"editorial-alma","to_ping":"","pinged":"","post_modified":"2022-10-14 11:54:14","post_modified_gmt":"2022-10-14 09:54:14","post_content_filtered":"","post_parent":0,"guid":"http:\/\/dev.claret.cat\/editorial\/editorial-alma\/","menu_order":0,"post_type":"editorial","post_mime_type":"","comment_count":"0","filter":"raw"}]},"aioseo_notices":[],"_links":{"self":[{"href":"https:\/\/www.claret.cat\/es\/wp-json\/wp\/v2\/product\/1085828","targetHints":{"allow":["GET"]}}],"collection":[{"href":"https:\/\/www.claret.cat\/es\/wp-json\/wp\/v2\/product"}],"about":[{"href":"https:\/\/www.claret.cat\/es\/wp-json\/wp\/v2\/types\/product"}],"wp:featuredmedia":[{"embeddable":true,"href":"https:\/\/www.claret.cat\/es\/wp-json\/wp\/v2\/media\/1086049"}],"wp:attachment":[{"href":"https:\/\/www.claret.cat\/es\/wp-json\/wp\/v2\/media?parent=1085828"}],"wp:term":[{"taxonomy":"product_brand","embeddable":true,"href":"https:\/\/www.claret.cat\/es\/wp-json\/wp\/v2\/product_brand?post=1085828"},{"taxonomy":"product_cat","embeddable":true,"href":"https:\/\/www.claret.cat\/es\/wp-json\/wp\/v2\/product_cat?post=1085828"},{"taxonomy":"product_tag","embeddable":true,"href":"https:\/\/www.claret.cat\/es\/wp-json\/wp\/v2\/product_tag?post=1085828"}],"curies":[{"name":"wp","href":"https:\/\/api.w.org\/{rel}","templated":true}]}}