{"id":1085831,"date":"2026-02-24T14:35:53","date_gmt":"2026-02-24T13:35:53","guid":{"rendered":"https:\/\/www.claret.cat\/llibre\/la-gran-investigacion-de-la-polinizacion-9786075841649\/"},"modified":"2026-02-24T15:40:59","modified_gmt":"2026-02-24T14:40:59","slug":"la-gran-investigacion-de-la-polinizacion-9786075841649","status":"publish","type":"product","link":"https:\/\/www.claret.cat\/es\/libro\/la-gran-investigacion-de-la-polinizacion-9786075841649\/","title":{"rendered":"LA GRAN INVESTIGACI\u00d3N DE LA POLINIZACI\u00d3N"},"content":{"rendered":"<p>Las flores hacen de nuestro mundo algo hermoso. Pero \u00bfpor qu\u00e9 son tan brillantes y bonitas? \u00bfY c\u00f3mo producen comida?<br \/> \u00a1Averig\u00fc\u00e9moslo juntos en esta gran investigaci\u00f3n sobre la polinizaci\u00f3n!<br \/> En este libro podemos abrir y cerrar ventanas, mirar dentro de una flor, averiguar c\u00f3mo funciona cada parte de ella, conocer a los asombrosos animales que llevan el polen de flor en flor y descubrir c\u00f3mo surgen las frutas y las semillas. Busca entre las p\u00e1ginas a las adorables abejitas que vuelan por todos lados: ellas compartir\u00e1n con nosotros muchos datos interesantes.<br \/> Cuando termines el libro, podr\u00e1s llevar a cabo tu propia investigaci\u00f3n sobre la polinizaci\u00f3n gracias a las instrucciones para crear tu propia \u201cvarita de polinizaci\u00f3n\u201d, con la que podr\u00e1s hacer cosquillas a las flores.<br \/> Toda la informaci\u00f3n cient\u00edfica ha sido revisada por los expertos del Jard\u00edn Bot\u00e1nico Real de Kew.<\/p>\n","protected":false},"excerpt":{"rendered":"<p>DEBORA HOCKING<\/p>\n","protected":false},"featured_media":1085832,"template":"","meta":{"_acf_changed":false,"om_disable_all_campaigns":false,"rs_blank_template":"","rs_page_bg_color":"","slide_template_v7":"","inline_featured_image":false,"_monsterinsights_skip_tracking":false,"_monsterinsights_sitenote_active":false,"_monsterinsights_sitenote_note":"","_monsterinsights_sitenote_category":0},"product_brand":[],"product_cat":[90,540],"product_tag":[],"class_list":{"0":"post-1085831","1":"product","2":"type-product","3":"status-publish","4":"has-post-thumbnail","6":"product_cat-altres","7":"product_cat-otros","9":"first","10":"instock","11":"taxable","12":"shipping-taxable","13":"purchasable","14":"product-type-simple"},"acf":{"autor":"DEBORA HOCKING","codart":"607584164","libros-coleccion":"","ediciones":"1","encuadernacion":"Carton\u00e9","fecha_de_publicacion":"01\/02\/2026","novedad":"1","paginas":"45","subtitulo":"Y C\u00d3MO OBTENEMOS COMIDA DE LAS FLORES","orden":"0","portada":"0","idioma":"spa","booktrailer":"","resenas":"","editorial":[{"ID":6319,"post_author":"3","post_date":"2022-07-28 17:49:38","post_date_gmt":"2022-07-28 15:49:38","post_content":"","post_title":"Oc\u00e9ano Traves\u00eda","post_excerpt":"","post_status":"publish","comment_status":"closed","ping_status":"closed","post_password":"","post_name":"oceano-travesia","to_ping":"","pinged":"","post_modified":"2022-07-28 17:49:38","post_modified_gmt":"2022-07-28 15:49:38","post_content_filtered":"","post_parent":0,"guid":"http:\/\/dev.claret.cat\/editorial\/oceano-travesia\/","menu_order":0,"post_type":"editorial","post_mime_type":"","comment_count":"0","filter":"raw"}]},"aioseo_notices":[],"_links":{"self":[{"href":"https:\/\/www.claret.cat\/es\/wp-json\/wp\/v2\/product\/1085831","targetHints":{"allow":["GET"]}}],"collection":[{"href":"https:\/\/www.claret.cat\/es\/wp-json\/wp\/v2\/product"}],"about":[{"href":"https:\/\/www.claret.cat\/es\/wp-json\/wp\/v2\/types\/product"}],"wp:featuredmedia":[{"embeddable":true,"href":"https:\/\/www.claret.cat\/es\/wp-json\/wp\/v2\/media\/1085832"}],"wp:attachment":[{"href":"https:\/\/www.claret.cat\/es\/wp-json\/wp\/v2\/media?parent=1085831"}],"wp:term":[{"taxonomy":"product_brand","embeddable":true,"href":"https:\/\/www.claret.cat\/es\/wp-json\/wp\/v2\/product_brand?post=1085831"},{"taxonomy":"product_cat","embeddable":true,"href":"https:\/\/www.claret.cat\/es\/wp-json\/wp\/v2\/product_cat?post=1085831"},{"taxonomy":"product_tag","embeddable":true,"href":"https:\/\/www.claret.cat\/es\/wp-json\/wp\/v2\/product_tag?post=1085831"}],"curies":[{"name":"wp","href":"https:\/\/api.w.org\/{rel}","templated":true}]}}