{"id":1085854,"date":"2026-02-24T16:05:02","date_gmt":"2026-02-24T15:05:02","guid":{"rendered":"https:\/\/www.claret.cat\/llibre\/el-trio-terrible-1-superheroes-de-pacotilla-9791388034091\/"},"modified":"2026-02-24T16:15:28","modified_gmt":"2026-02-24T15:15:28","slug":"el-trio-terrible-1-superheroes-de-pacotilla-9791388034091","status":"publish","type":"product","link":"https:\/\/www.claret.cat\/es\/libro\/el-trio-terrible-1-superheroes-de-pacotilla-9791388034091\/","title":{"rendered":"EL TR\u00cdO TERRIBLE, 1. SUPERH\u00c9ROES DE PACOTILLA"},"content":{"rendered":"<p>Una ping\u00fcina que cocina los mejores macarrones con queso, un l\u00e9mur con una caligraf\u00eda perfecta y una cebra un poco frustrada. Tres amigos con los peores superpoderes que te puedas imaginar. Una misi\u00f3n imposible que cambiar\u00e1 sus vidas para siempre.En un mundo donde cada animal posee superpoderes extraordinarios, Zeb, Margarina y Barry tienen los peores&#8230; Mientras Margarina puede convertir cualquier cosa en macarrones con queso y Barry presume de una caligraf\u00eda impecable, Zeb lucha por encontrar utilidad en su habilidad de camuflarse en pasos de cebra porque \u00a1es una cebra! <br \/> As\u00ed que cuando un supervillano amenaza con escapar de la c\u00e1rcel, Zeb convence a sus amigos para emprender una misi\u00f3n que pondr\u00e1 a prueba su val\u00eda como superh\u00e9roes. \u00bfPodr\u00e1n nuestros cuestionables h\u00e9roes demostrar que incluso los poderes m\u00e1s rarunos pueden marcar la diferencia? \u00bfO descubrir\u00e1n que la verdadera grandeza no tiene nada que ver con ser un superh\u00e9roe?<\/p>\n","protected":false},"excerpt":{"rendered":"<p>SWAPNA HADDOW<\/p>\n","protected":false},"featured_media":1085855,"template":"","meta":{"_acf_changed":false,"om_disable_all_campaigns":false,"rs_blank_template":"","rs_page_bg_color":"","slide_template_v7":"","inline_featured_image":false,"_monsterinsights_skip_tracking":false,"_monsterinsights_sitenote_active":false,"_monsterinsights_sitenote_note":"","_monsterinsights_sitenote_category":0},"product_brand":[],"product_cat":[132,362],"product_tag":[],"class_list":{"0":"post-1085854","1":"product","2":"type-product","3":"status-publish","4":"has-post-thumbnail","6":"product_cat-lectures-per-preadolescents-6-12-anys","7":"product_cat-libros-preadolescentes-6-12-anos","9":"first","10":"instock","11":"taxable","12":"shipping-taxable","13":"purchasable","14":"product-type-simple"},"acf":{"autor":"SWAPNA HADDOW","codart":"138803409","libros-coleccion":"FORA DE COL.LECCI\u00d3","ediciones":"1","encuadernacion":"Carton\u00e9","fecha_de_publicacion":"01\/02\/2026","novedad":"1","paginas":"192","subtitulo":"","orden":"0","portada":"0","idioma":"spa","booktrailer":"","resenas":"","editorial":[{"ID":148238,"post_author":"3","post_date":"2022-10-14 11:56:42","post_date_gmt":"2022-10-14 09:56:42","post_content":"","post_title":"Hachette","post_excerpt":"","post_status":"publish","comment_status":"closed","ping_status":"closed","post_password":"","post_name":"hachette","to_ping":"","pinged":"","post_modified":"2022-10-14 11:56:42","post_modified_gmt":"2022-10-14 09:56:42","post_content_filtered":"","post_parent":0,"guid":"http:\/\/dev.claret.cat\/editorial\/hachette\/","menu_order":0,"post_type":"editorial","post_mime_type":"","comment_count":"0","filter":"raw"}]},"aioseo_notices":[],"_links":{"self":[{"href":"https:\/\/www.claret.cat\/es\/wp-json\/wp\/v2\/product\/1085854","targetHints":{"allow":["GET"]}}],"collection":[{"href":"https:\/\/www.claret.cat\/es\/wp-json\/wp\/v2\/product"}],"about":[{"href":"https:\/\/www.claret.cat\/es\/wp-json\/wp\/v2\/types\/product"}],"wp:featuredmedia":[{"embeddable":true,"href":"https:\/\/www.claret.cat\/es\/wp-json\/wp\/v2\/media\/1085855"}],"wp:attachment":[{"href":"https:\/\/www.claret.cat\/es\/wp-json\/wp\/v2\/media?parent=1085854"}],"wp:term":[{"taxonomy":"product_brand","embeddable":true,"href":"https:\/\/www.claret.cat\/es\/wp-json\/wp\/v2\/product_brand?post=1085854"},{"taxonomy":"product_cat","embeddable":true,"href":"https:\/\/www.claret.cat\/es\/wp-json\/wp\/v2\/product_cat?post=1085854"},{"taxonomy":"product_tag","embeddable":true,"href":"https:\/\/www.claret.cat\/es\/wp-json\/wp\/v2\/product_tag?post=1085854"}],"curies":[{"name":"wp","href":"https:\/\/api.w.org\/{rel}","templated":true}]}}