{"id":1085857,"date":"2026-02-24T16:05:16","date_gmt":"2026-02-24T15:05:16","guid":{"rendered":"https:\/\/www.claret.cat\/llibre\/llamas-en-nuncanada-9791370091729\/"},"modified":"2026-02-26T16:56:42","modified_gmt":"2026-02-26T15:56:42","slug":"llamas-en-nuncanada-9791370091729","status":"publish","type":"product","link":"https:\/\/www.claret.cat\/es\/libro\/llamas-en-nuncanada-9791370091729\/","title":{"rendered":"LLAMAS EN NUNCANADA"},"content":{"rendered":"<p>Ven a conocer a los ni\u00f1os de Nuncanada. Te esperan en su hogar perdido en las Monta\u00f1as Rocosas. Y no est\u00e1n solos.En medio de la noche, Riley saca a su hermano peque\u00f1o de la cama para fugarse de su casa de acogida. Quieren encontrar a un grupo de adolescentes que ocupan las ruinas del rancho Nuncanada, donde el infame actor Leaf Winham se ocult\u00f3 de su fama, ocult\u00f3 sus cr\u00edmenes y todo se perdi\u00f3 en un incendio que mostr\u00f3 el asesino que fue.Pero en este refugio de ni\u00f1os salvajes no entran los adultos y, por mucho que Riley espere encontrar un nuevo hogar, algo se oculta en las brasas de Nuncanada, algo que pide un pago horrible a cambio de santuario.<\/p>\n","protected":false},"excerpt":{"rendered":"<p>CATRIONA WARD<\/p>\n","protected":false},"featured_media":1086752,"template":"","meta":{"_acf_changed":false,"om_disable_all_campaigns":false,"rs_blank_template":"","rs_page_bg_color":"","slide_template_v7":"","inline_featured_image":false,"_monsterinsights_skip_tracking":false,"_monsterinsights_sitenote_active":false,"_monsterinsights_sitenote_note":"","_monsterinsights_sitenote_category":0},"product_brand":[],"product_cat":[127,357],"product_tag":[],"class_list":{"0":"post-1085857","1":"product","2":"type-product","3":"status-publish","4":"has-post-thumbnail","6":"product_cat-novella-contemporania","7":"product_cat-novela-contemporanea","9":"first","10":"instock","11":"taxable","12":"shipping-taxable","13":"purchasable","14":"product-type-simple"},"acf":{"autor":"CATRIONA WARD","codart":"137009172","libros-coleccion":"","ediciones":"1","encuadernacion":"R\u00fastica","fecha_de_publicacion":"01\/02\/2026","novedad":"1","paginas":"287","subtitulo":"","orden":"0","portada":"0","idioma":"spa","booktrailer":"","resenas":"","editorial":[{"ID":6119,"post_author":"3","post_date":"2022-07-28 17:45:18","post_date_gmt":"2022-07-28 15:45:18","post_content":"","post_title":"Alianza Editorial","post_excerpt":"","post_status":"publish","comment_status":"closed","ping_status":"closed","post_password":"","post_name":"alianza-editorial","to_ping":"","pinged":"","post_modified":"2022-07-28 17:45:18","post_modified_gmt":"2022-07-28 15:45:18","post_content_filtered":"","post_parent":0,"guid":"http:\/\/dev.claret.cat\/editorial\/alianza-editorial\/","menu_order":0,"post_type":"editorial","post_mime_type":"","comment_count":"0","filter":"raw"}]},"aioseo_notices":[],"_links":{"self":[{"href":"https:\/\/www.claret.cat\/es\/wp-json\/wp\/v2\/product\/1085857","targetHints":{"allow":["GET"]}}],"collection":[{"href":"https:\/\/www.claret.cat\/es\/wp-json\/wp\/v2\/product"}],"about":[{"href":"https:\/\/www.claret.cat\/es\/wp-json\/wp\/v2\/types\/product"}],"wp:featuredmedia":[{"embeddable":true,"href":"https:\/\/www.claret.cat\/es\/wp-json\/wp\/v2\/media\/1086752"}],"wp:attachment":[{"href":"https:\/\/www.claret.cat\/es\/wp-json\/wp\/v2\/media?parent=1085857"}],"wp:term":[{"taxonomy":"product_brand","embeddable":true,"href":"https:\/\/www.claret.cat\/es\/wp-json\/wp\/v2\/product_brand?post=1085857"},{"taxonomy":"product_cat","embeddable":true,"href":"https:\/\/www.claret.cat\/es\/wp-json\/wp\/v2\/product_cat?post=1085857"},{"taxonomy":"product_tag","embeddable":true,"href":"https:\/\/www.claret.cat\/es\/wp-json\/wp\/v2\/product_tag?post=1085857"}],"curies":[{"name":"wp","href":"https:\/\/api.w.org\/{rel}","templated":true}]}}