{"id":1085863,"date":"2026-02-24T16:10:02","date_gmt":"2026-02-24T15:10:02","guid":{"rendered":"https:\/\/www.claret.cat\/llibre\/1500-curiosidades-loquisimas-sobre-todo-9788414359969\/"},"modified":"2026-03-26T16:46:06","modified_gmt":"2026-03-26T15:46:06","slug":"1500-curiosidades-loquisimas-sobre-todo-9788414359969","status":"publish","type":"product","link":"https:\/\/www.claret.cat\/es\/libro\/1500-curiosidades-loquisimas-sobre-todo-9788414359969\/","title":{"rendered":"1500 CURIOSIDADES LOQU\u00cdSIMAS SOBRE TODO"},"content":{"rendered":"<p>\u00a1Prep\u00e1rate para alucinar: aqu\u00ed descubrir\u00e1s datos tan locos que hasta los leones querr\u00e1n cont\u00e1rselos a los astronautas!\u00a1El mundo est\u00e1 lleno de curiosidades para todos los gustos! Desde animales que hacen cosas incre\u00edbles hasta comida que fue moneda y ahora viaja al espacio. La ciencia y la tecnolog\u00eda nos sorprenden con inventos locos y robots que ayudan a astronautas. Y si te apasiona la historia, prep\u00e1rate para conocer faraones con pelucas, gladiadores vegetarianos y emperadores atacados por conejos. Son solo algunas de las 1500 curiosidades loqu\u00edsimas que llenan este libro.<\/p>\n","protected":false},"excerpt":{"rendered":"<p>LAURA BAKER<\/p>\n","protected":false},"featured_media":1085864,"template":"","meta":{"_acf_changed":false,"om_disable_all_campaigns":false,"rs_blank_template":"","rs_page_bg_color":"","slide_template_v7":"","inline_featured_image":false,"_monsterinsights_skip_tracking":false,"_monsterinsights_sitenote_active":false,"_monsterinsights_sitenote_note":"","_monsterinsights_sitenote_category":0},"product_brand":[],"product_cat":[132,362],"product_tag":[],"class_list":{"0":"post-1085863","1":"product","2":"type-product","3":"status-publish","4":"has-post-thumbnail","6":"product_cat-lectures-per-preadolescents-6-12-anys","7":"product_cat-libros-preadolescentes-6-12-anos","9":"first","10":"instock","11":"taxable","12":"shipping-taxable","13":"purchasable","14":"product-type-simple"},"acf":{"autor":"LAURA BAKER","codart":"841435996","libros-coleccion":"Ocio Y Conocimientos - Ocio Y Conocimien","ediciones":"1","encuadernacion":"R\u00fastica","fecha_de_publicacion":"01\/02\/2026","novedad":"1","paginas":"157","subtitulo":"INVENTOS, PEL\u00cdCULAS, ANIMALES, VOLCANES, CHOCOLATE...","orden":"0","portada":"0","idioma":"spa","booktrailer":"","resenas":"","editorial":[{"ID":147433,"post_author":"3","post_date":"2022-10-14 11:50:32","post_date_gmt":"2022-10-14 09:50:32","post_content":"","post_title":"ANAYA INFANTIL Y JUVENIL","post_excerpt":"","post_status":"publish","comment_status":"closed","ping_status":"closed","post_password":"","post_name":"anaya-infantil-y-juvenil","to_ping":"","pinged":"","post_modified":"2022-10-14 11:50:32","post_modified_gmt":"2022-10-14 09:50:32","post_content_filtered":"","post_parent":0,"guid":"http:\/\/dev.claret.cat\/editorial\/anaya-infantil-y-juvenil\/","menu_order":0,"post_type":"editorial","post_mime_type":"","comment_count":"0","filter":"raw"}]},"aioseo_notices":[],"_links":{"self":[{"href":"https:\/\/www.claret.cat\/es\/wp-json\/wp\/v2\/product\/1085863","targetHints":{"allow":["GET"]}}],"collection":[{"href":"https:\/\/www.claret.cat\/es\/wp-json\/wp\/v2\/product"}],"about":[{"href":"https:\/\/www.claret.cat\/es\/wp-json\/wp\/v2\/types\/product"}],"wp:featuredmedia":[{"embeddable":true,"href":"https:\/\/www.claret.cat\/es\/wp-json\/wp\/v2\/media\/1085864"}],"wp:attachment":[{"href":"https:\/\/www.claret.cat\/es\/wp-json\/wp\/v2\/media?parent=1085863"}],"wp:term":[{"taxonomy":"product_brand","embeddable":true,"href":"https:\/\/www.claret.cat\/es\/wp-json\/wp\/v2\/product_brand?post=1085863"},{"taxonomy":"product_cat","embeddable":true,"href":"https:\/\/www.claret.cat\/es\/wp-json\/wp\/v2\/product_cat?post=1085863"},{"taxonomy":"product_tag","embeddable":true,"href":"https:\/\/www.claret.cat\/es\/wp-json\/wp\/v2\/product_tag?post=1085863"}],"curies":[{"name":"wp","href":"https:\/\/api.w.org\/{rel}","templated":true}]}}