{"id":1085871,"date":"2026-02-24T16:20:07","date_gmt":"2026-02-24T15:20:07","guid":{"rendered":"https:\/\/www.claret.cat\/llibre\/komorebi-9788419721549\/"},"modified":"2026-02-24T16:45:46","modified_gmt":"2026-02-24T15:45:46","slug":"komorebi-9788419721549","status":"publish","type":"product","link":"https:\/\/www.claret.cat\/es\/libro\/komorebi-9788419721549\/","title":{"rendered":"KOMOREBI"},"content":{"rendered":"<p>No som amigues: som mare i filla, per\u00f2 per sort el drama nom\u00e9s ens agrada a les pel\u00b7l\u00edcules. Descobrim que ens caiem b\u00e9 i ens agrada viatjar juntes, ara que potser \u00e9s una mica tard perqu\u00e8 ella ja t\u00e9 la seva vida i jo he recuperat la meva.\u00bb Aquest llibre no \u00e9s nom\u00e9s sobre un viatge al Jap\u00f3, o sobre els llocs visitats; \u00e9s sobretot la relaci\u00f3 d\u2019una mare i una filla durant el viatge; sobre la relaci\u00f3 de l\u2019autora amb el Jap\u00f3, amb fragments de viatges anteriors, d\u2019hist\u00f2ries, i de llocs i moments concrets. La hist\u00f2ria d\u2019un amic japon\u00e8s i el seu casament. La nit en un monestir budista, amb preg\u00e0ria inclosa. La trobada amb en Lovin\u2019 Hood a Takanawa. Les pors geol\u00f2giques i les ll\u00e0grimes at\u00f2miques, l\u2019escarabat gegant d\u2019un roof restaurant a Kioto, els aeroports, els Onsens, els gats, els ocells&#8230; En definitiva, Komorebi \u00e9s una constel\u00b7laci\u00f3 de records i emocions, una cr\u00f2nica\u00edntima que va m\u00e9s enll\u00e0 del simple relat de viatge.<\/p>\n","protected":false},"excerpt":{"rendered":"<p>F\u00daLVIA NICOL\u00c1S TOLOSA<\/p>\n","protected":false},"featured_media":1085872,"template":"","meta":{"_acf_changed":false,"om_disable_all_campaigns":false,"rs_blank_template":"","rs_page_bg_color":"","slide_template_v7":"","inline_featured_image":false,"_monsterinsights_skip_tracking":false,"_monsterinsights_sitenote_active":false,"_monsterinsights_sitenote_note":"","_monsterinsights_sitenote_category":0},"product_brand":[],"product_cat":[127,357],"product_tag":[],"class_list":{"0":"post-1085871","1":"product","2":"type-product","3":"status-publish","4":"has-post-thumbnail","6":"product_cat-novella-contemporania","7":"product_cat-novela-contemporanea","9":"first","10":"instock","11":"taxable","12":"shipping-taxable","13":"purchasable","14":"product-type-simple"},"acf":{"autor":"F\u00daLVIA NICOL\u00c1S TOLOSA","codart":"841972154","libros-coleccion":"","ediciones":"1","encuadernacion":"Carton\u00e9","fecha_de_publicacion":"01\/03\/2026","novedad":"1","paginas":"172","subtitulo":"","orden":"0","portada":"0","idioma":"cat","booktrailer":"","resenas":"","editorial":[{"ID":6384,"post_author":"3","post_date":"2022-07-28 17:51:02","post_date_gmt":"2022-07-28 15:51:02","post_content":"","post_title":"Univers Llibres","post_excerpt":"","post_status":"publish","comment_status":"closed","ping_status":"closed","post_password":"","post_name":"univers-llibres","to_ping":"","pinged":"","post_modified":"2022-07-28 17:51:02","post_modified_gmt":"2022-07-28 15:51:02","post_content_filtered":"","post_parent":0,"guid":"http:\/\/dev.claret.cat\/editorial\/univers-llibres\/","menu_order":0,"post_type":"editorial","post_mime_type":"","comment_count":"0","filter":"raw"}]},"aioseo_notices":[],"_links":{"self":[{"href":"https:\/\/www.claret.cat\/es\/wp-json\/wp\/v2\/product\/1085871","targetHints":{"allow":["GET"]}}],"collection":[{"href":"https:\/\/www.claret.cat\/es\/wp-json\/wp\/v2\/product"}],"about":[{"href":"https:\/\/www.claret.cat\/es\/wp-json\/wp\/v2\/types\/product"}],"wp:featuredmedia":[{"embeddable":true,"href":"https:\/\/www.claret.cat\/es\/wp-json\/wp\/v2\/media\/1085872"}],"wp:attachment":[{"href":"https:\/\/www.claret.cat\/es\/wp-json\/wp\/v2\/media?parent=1085871"}],"wp:term":[{"taxonomy":"product_brand","embeddable":true,"href":"https:\/\/www.claret.cat\/es\/wp-json\/wp\/v2\/product_brand?post=1085871"},{"taxonomy":"product_cat","embeddable":true,"href":"https:\/\/www.claret.cat\/es\/wp-json\/wp\/v2\/product_cat?post=1085871"},{"taxonomy":"product_tag","embeddable":true,"href":"https:\/\/www.claret.cat\/es\/wp-json\/wp\/v2\/product_tag?post=1085871"}],"curies":[{"name":"wp","href":"https:\/\/api.w.org\/{rel}","templated":true}]}}