{"id":1085877,"date":"2026-02-24T16:20:34","date_gmt":"2026-02-24T15:20:34","guid":{"rendered":"https:\/\/www.claret.cat\/llibre\/dentro-de-un-mes-dentro-de-un-ano-9788412983791\/"},"modified":"2026-02-25T19:50:51","modified_gmt":"2026-02-25T18:50:51","slug":"dentro-de-un-mes-dentro-de-un-ano-9788412983791","status":"publish","type":"product","link":"https:\/\/www.claret.cat\/es\/libro\/dentro-de-un-mes-dentro-de-un-ano-9788412983791\/","title":{"rendered":"DENTRO DE UN MES, DENTRO DE UN A\u00d1O"},"content":{"rendered":"<p>Este lunes, como cada lunes, el matrimonio de moda, formado por Alain y Fanny, propietarios de una editorial, recibe en su casa, en Saint-German-des-Pr\u00e9s, a diferentes personajes del Par\u00eds intelectual: Bernard, un novelista en horas bajas; Jos\u00e9e, una joven rica y despreocupada; B\u00e9atrice, una actriz que tiene prisa por llegar a la fama\u2026 Y, durante un a\u00f1o, cada lunes se volver\u00e1n a encontrar y se mezclar\u00e1n con nuevos invitados, como \u00c9douard, un joven de provincias que se siente desubicado, o la abnegada Nicole, que ha descubierto un secreto\u2026 Con un realismo crudo y un estilo directo, Sagan nos muestra c\u00f3mo se van entrelazando las vidas de estos diez personajes en un Par\u00eds lleno de pasiones, deseos y sue\u00f1os ilusorios. Mientras, los personajes juegan, comen, mienten, se aburren y se enfadan. Y una y otra vez, a pesar de las decepciones, se vuelven a encontrar el lunes siguiente con renovadas esperanzas de felicidad.<\/p>\n","protected":false},"excerpt":{"rendered":"<p>FRAN\u00c7OISE SAGAN<\/p>\n","protected":false},"featured_media":1086517,"template":"","meta":{"_acf_changed":false,"om_disable_all_campaigns":false,"rs_blank_template":"","rs_page_bg_color":"","slide_template_v7":"","inline_featured_image":false,"_monsterinsights_skip_tracking":false,"_monsterinsights_sitenote_active":false,"_monsterinsights_sitenote_note":"","_monsterinsights_sitenote_category":0},"product_brand":[],"product_cat":[354,123],"product_tag":[],"class_list":{"0":"post-1085877","1":"product","2":"type-product","3":"status-publish","4":"has-post-thumbnail","6":"product_cat-clasica","7":"product_cat-classica","9":"first","10":"instock","11":"taxable","12":"shipping-taxable","13":"purchasable","14":"product-type-simple"},"acf":{"autor":"FRAN\u00c7OISE SAGAN","codart":"841298379","libros-coleccion":"","ediciones":"1","encuadernacion":"R\u00fastica","fecha_de_publicacion":"01\/03\/2026","novedad":"1","paginas":"158","subtitulo":"","orden":"0","portada":"0","idioma":"spa","booktrailer":"","resenas":"","editorial":[{"ID":6203,"post_author":"3","post_date":"2022-07-28 17:47:04","post_date_gmt":"2022-07-28 15:47:04","post_content":"","post_title":"EDICIONES INVISIBLES","post_excerpt":"","post_status":"publish","comment_status":"closed","ping_status":"closed","post_password":"","post_name":"ediciones-invisibles","to_ping":"","pinged":"","post_modified":"2022-07-28 17:47:04","post_modified_gmt":"2022-07-28 15:47:04","post_content_filtered":"","post_parent":0,"guid":"http:\/\/dev.claret.cat\/editorial\/ediciones-invisibles\/","menu_order":0,"post_type":"editorial","post_mime_type":"","comment_count":"0","filter":"raw"}]},"aioseo_notices":[],"_links":{"self":[{"href":"https:\/\/www.claret.cat\/es\/wp-json\/wp\/v2\/product\/1085877","targetHints":{"allow":["GET"]}}],"collection":[{"href":"https:\/\/www.claret.cat\/es\/wp-json\/wp\/v2\/product"}],"about":[{"href":"https:\/\/www.claret.cat\/es\/wp-json\/wp\/v2\/types\/product"}],"wp:featuredmedia":[{"embeddable":true,"href":"https:\/\/www.claret.cat\/es\/wp-json\/wp\/v2\/media\/1086517"}],"wp:attachment":[{"href":"https:\/\/www.claret.cat\/es\/wp-json\/wp\/v2\/media?parent=1085877"}],"wp:term":[{"taxonomy":"product_brand","embeddable":true,"href":"https:\/\/www.claret.cat\/es\/wp-json\/wp\/v2\/product_brand?post=1085877"},{"taxonomy":"product_cat","embeddable":true,"href":"https:\/\/www.claret.cat\/es\/wp-json\/wp\/v2\/product_cat?post=1085877"},{"taxonomy":"product_tag","embeddable":true,"href":"https:\/\/www.claret.cat\/es\/wp-json\/wp\/v2\/product_tag?post=1085877"}],"curies":[{"name":"wp","href":"https:\/\/api.w.org\/{rel}","templated":true}]}}