{"id":1085880,"date":"2026-02-24T16:20:47","date_gmt":"2026-02-24T15:20:47","guid":{"rendered":"https:\/\/www.claret.cat\/llibre\/daqui-a-un-mes-daqui-a-un-any-9791399051278\/"},"modified":"2026-03-04T18:30:06","modified_gmt":"2026-03-04T17:30:06","slug":"daqui-a-un-mes-daqui-a-un-any-9791399051278","status":"publish","type":"product","link":"https:\/\/www.claret.cat\/es\/libro\/daqui-a-un-mes-daqui-a-un-any-9791399051278\/","title":{"rendered":"D&#8217;AQU\u00cd A UN MES, D&#8217;AQU\u00cd A UN ANY"},"content":{"rendered":"<p>Aquest dilluns, com cada dilluns, el matrimoni de moda, format per l\u2019Alain i la Fanny, propietaris d\u2019una editorial, rep a casa seva, a Saint-German-des-Pr\u00e9s, diferents personatges del Par\u00eds intel\u00b7lectual: en Bernard, un novel\u00b7lista en hores baixes; la Jos\u00e9e, una jove rica i despreocupada; la B\u00e9atrice, una actriu que t\u00e9 pressa per arribar a la fama\u2026 I, durant un any, cada dilluns es tornaran a trobar i es barrejaran amb nous convidats, com \u00c9douard, un jove de prov\u00edncies que se sent fora de lloc, o l\u2019abnegada Nicole, que ha descobert un secret&#8230; <br \/> Amb un realisme cru i un estil directe, Sagan ens mostra com es van entrella\u00e7ant les vides d\u2019aquests deu personatges en un Par\u00eds ple de passions, desitjos i somnis il\u00b7lusoris. Mentrestant, els personatges juguen, mengen, menteixen, s\u2019avorreixen i s\u2019enfaden. I una vegada i una altra, tot i les decepcions, es tornen a trobar el dilluns seg\u00fcent amb esperances renovades de felicitat.<\/p>\n","protected":false},"excerpt":{"rendered":"<p>FRAN\u00c7OISE SAGAN<\/p>\n","protected":false},"featured_media":1086515,"template":"","meta":{"_acf_changed":false,"om_disable_all_campaigns":false,"rs_blank_template":"","rs_page_bg_color":"","slide_template_v7":"","inline_featured_image":false,"_monsterinsights_skip_tracking":false,"_monsterinsights_sitenote_active":false,"_monsterinsights_sitenote_note":"","_monsterinsights_sitenote_category":0},"product_brand":[],"product_cat":[354,123],"product_tag":[],"class_list":{"0":"post-1085880","1":"product","2":"type-product","3":"status-publish","4":"has-post-thumbnail","6":"product_cat-clasica","7":"product_cat-classica","9":"first","10":"instock","11":"taxable","12":"shipping-taxable","13":"purchasable","14":"product-type-simple"},"acf":{"autor":"FRAN\u00c7OISE SAGAN","codart":"139905127","libros-coleccion":"","ediciones":"1","encuadernacion":"R\u00fastica","fecha_de_publicacion":"01\/03\/2026","novedad":"1","paginas":"158","subtitulo":"","orden":"0","portada":"0","idioma":"cat","booktrailer":"","resenas":"","editorial":[{"ID":6392,"post_author":"3","post_date":"2022-07-28 17:51:10","post_date_gmt":"2022-07-28 15:51:10","post_content":"","post_title":"Viena","post_excerpt":"","post_status":"publish","comment_status":"closed","ping_status":"closed","post_password":"","post_name":"viena","to_ping":"","pinged":"","post_modified":"2022-07-28 17:51:10","post_modified_gmt":"2022-07-28 15:51:10","post_content_filtered":"","post_parent":0,"guid":"http:\/\/dev.claret.cat\/editorial\/viena\/","menu_order":0,"post_type":"editorial","post_mime_type":"","comment_count":"0","filter":"raw"}]},"aioseo_notices":[],"_links":{"self":[{"href":"https:\/\/www.claret.cat\/es\/wp-json\/wp\/v2\/product\/1085880","targetHints":{"allow":["GET"]}}],"collection":[{"href":"https:\/\/www.claret.cat\/es\/wp-json\/wp\/v2\/product"}],"about":[{"href":"https:\/\/www.claret.cat\/es\/wp-json\/wp\/v2\/types\/product"}],"wp:featuredmedia":[{"embeddable":true,"href":"https:\/\/www.claret.cat\/es\/wp-json\/wp\/v2\/media\/1086515"}],"wp:attachment":[{"href":"https:\/\/www.claret.cat\/es\/wp-json\/wp\/v2\/media?parent=1085880"}],"wp:term":[{"taxonomy":"product_brand","embeddable":true,"href":"https:\/\/www.claret.cat\/es\/wp-json\/wp\/v2\/product_brand?post=1085880"},{"taxonomy":"product_cat","embeddable":true,"href":"https:\/\/www.claret.cat\/es\/wp-json\/wp\/v2\/product_cat?post=1085880"},{"taxonomy":"product_tag","embeddable":true,"href":"https:\/\/www.claret.cat\/es\/wp-json\/wp\/v2\/product_tag?post=1085880"}],"curies":[{"name":"wp","href":"https:\/\/api.w.org\/{rel}","templated":true}]}}