{"id":1085883,"date":"2026-02-24T16:25:07","date_gmt":"2026-02-24T15:25:07","guid":{"rendered":"https:\/\/www.claret.cat\/llibre\/de-la-caverna-al-cosmos-9791387800161\/"},"modified":"2026-03-20T13:40:23","modified_gmt":"2026-03-20T12:40:23","slug":"de-la-caverna-al-cosmos-9791387800161","status":"publish","type":"product","link":"https:\/\/www.claret.cat\/es\/libro\/de-la-caverna-al-cosmos-9791387800161\/","title":{"rendered":"DE LA CAVERNA AL COSMOS"},"content":{"rendered":"<p>La humanitat ha entrat en una nova fase evolutiva, marcada per canvis vertiginosos i escenaris encara inimaginables. La intel\u00b7lig\u00e8ncia artificial, els aven\u00e7os m\u00e8dics, els nous transports o una consci\u00e8ncia ecol\u00f2gica emergent redefineixen el nostre futur i, tot i generar incertesa, s\u00f3n fruit de la nostra pr\u00f2pia activitat biol\u00f2gica, social i tecnol\u00f2gica, i aix\u00f2 s\u00ed que ho podem controlar. Eudald Carbonell, arque\u00f2leg i \u201cpessimista amb esperan\u00e7a\u201d, il\u00b7lumina aquests horitzons des del coneixement profund del passat: de les coves d\u2019Atapuerca fins a la inevitable expansi\u00f3 humana cap a l\u2019espai, un dem\u00e0 que ja ha comen\u00e7at. \u201cIl\u00b7luminar el futur ens serveix per ajudar a construir-lo. Si no fos aix\u00ed, la imaginaci\u00f3 no serviria de res.<\/p>\n","protected":false},"excerpt":{"rendered":"<p>EUDALD CARBONELL I ROURE<\/p>\n","protected":false},"featured_media":1091457,"template":"","meta":{"_acf_changed":false,"om_disable_all_campaigns":false,"rs_blank_template":"","rs_page_bg_color":"","slide_template_v7":"","inline_featured_image":false,"_monsterinsights_skip_tracking":false,"_monsterinsights_sitenote_active":false,"_monsterinsights_sitenote_note":"","_monsterinsights_sitenote_category":0},"product_brand":[],"product_cat":[174,375],"product_tag":[],"class_list":{"0":"post-1085883","1":"product","2":"type-product","3":"status-publish","4":"has-post-thumbnail","6":"product_cat-antropologia","7":"product_cat-antropologia-filosofia-2_humanidades","9":"first","10":"instock","11":"taxable","12":"shipping-taxable","13":"purchasable","14":"product-type-simple"},"acf":{"autor":"EUDALD CARBONELL I ROURE","codart":"138780016","libros-coleccion":"","ediciones":"1","encuadernacion":"R\u00fastica","fecha_de_publicacion":"01\/03\/2026","novedad":"1","paginas":"235","subtitulo":"","orden":"0","portada":"0","idioma":"spa","booktrailer":"","resenas":"","editorial":[{"ID":1056233,"post_author":"3","post_date":"2025-09-30 13:50:26","post_date_gmt":"2025-09-30 11:50:26","post_content":"","post_title":"La Col\u00b7lectiva","post_excerpt":"","post_status":"publish","comment_status":"closed","ping_status":"closed","post_password":"","post_name":"la-collectiva","to_ping":"","pinged":"","post_modified":"2025-09-30 13:50:26","post_modified_gmt":"2025-09-30 11:50:26","post_content_filtered":"","post_parent":0,"guid":"https:\/\/www.claret.cat\/editorial\/la-collectiva\/","menu_order":0,"post_type":"editorial","post_mime_type":"","comment_count":"0","filter":"raw"}]},"aioseo_notices":[],"_links":{"self":[{"href":"https:\/\/www.claret.cat\/es\/wp-json\/wp\/v2\/product\/1085883","targetHints":{"allow":["GET"]}}],"collection":[{"href":"https:\/\/www.claret.cat\/es\/wp-json\/wp\/v2\/product"}],"about":[{"href":"https:\/\/www.claret.cat\/es\/wp-json\/wp\/v2\/types\/product"}],"wp:featuredmedia":[{"embeddable":true,"href":"https:\/\/www.claret.cat\/es\/wp-json\/wp\/v2\/media\/1091457"}],"wp:attachment":[{"href":"https:\/\/www.claret.cat\/es\/wp-json\/wp\/v2\/media?parent=1085883"}],"wp:term":[{"taxonomy":"product_brand","embeddable":true,"href":"https:\/\/www.claret.cat\/es\/wp-json\/wp\/v2\/product_brand?post=1085883"},{"taxonomy":"product_cat","embeddable":true,"href":"https:\/\/www.claret.cat\/es\/wp-json\/wp\/v2\/product_cat?post=1085883"},{"taxonomy":"product_tag","embeddable":true,"href":"https:\/\/www.claret.cat\/es\/wp-json\/wp\/v2\/product_tag?post=1085883"}],"curies":[{"name":"wp","href":"https:\/\/api.w.org\/{rel}","templated":true}]}}