{"id":1085886,"date":"2026-02-24T16:25:20","date_gmt":"2026-02-24T15:25:20","guid":{"rendered":"https:\/\/www.claret.cat\/llibre\/la-pacient-silenciosa-9788419960597\/"},"modified":"2026-02-26T16:55:33","modified_gmt":"2026-02-26T15:55:33","slug":"la-pacient-silenciosa-9788419960597","status":"publish","type":"product","link":"https:\/\/www.claret.cat\/es\/libro\/la-pacient-silenciosa-9788419960597\/","title":{"rendered":"LA PACIENT SILENCIOSA"},"content":{"rendered":"<p>L\u2019Alicia Berenson tenia trenta-tres anys quan va matar el seu marit. Era una pintora cotitzada, les galeries de Londres se la disputaven per exposar-ne les obres. S\u2019estimava el seu marit, se\u2019n preocupava. Fins que un vespre el va lligar a una cadira i li va disparar cinc trets. L\u2019Alicia no va tornar a parlar mai m\u00e9s. Sis anys m\u00e9s tard, en Theo Faber aconsegueix una pla\u00e7a a The Grove, una unitat forense protegida del nord de Londres. En Theo \u00e9s un ambici\u00f3s psicoterapeuta conven\u00e7ut que triomfar\u00e0 all\u00e0 on tants altres han fracassat: est\u00e0 obstinat a ajudar l\u2019Alicia a recuperar la parla, a resoldre el misteri del seu silenci. Aviat descobrir\u00e0 que el mutisme de l\u2019Alicia est\u00e0 m\u00e9s arrelat del que es podria arribar a imaginar. Per\u00f2 si finalment parl\u00e9s, estaria disposat a acceptar la veritat?<\/p>\n","protected":false},"excerpt":{"rendered":"<p>ALEX MICHAELIDES<\/p>\n","protected":false},"featured_media":1086746,"template":"","meta":{"_acf_changed":false,"om_disable_all_campaigns":false,"rs_blank_template":"","rs_page_bg_color":"","slide_template_v7":"","inline_featured_image":false,"_monsterinsights_skip_tracking":false,"_monsterinsights_sitenote_active":false,"_monsterinsights_sitenote_note":"","_monsterinsights_sitenote_category":0},"product_brand":[],"product_cat":[127,357],"product_tag":[],"class_list":{"0":"post-1085886","1":"product","2":"type-product","3":"status-publish","4":"has-post-thumbnail","6":"product_cat-novella-contemporania","7":"product_cat-novela-contemporanea","9":"first","10":"instock","11":"taxable","12":"shipping-taxable","13":"purchasable","14":"product-type-simple"},"acf":{"autor":"ALEX MICHAELIDES","codart":"841996059","libros-coleccion":"","ediciones":"1","encuadernacion":"R\u00fastica","fecha_de_publicacion":"01\/03\/2026","novedad":"1","paginas":"397","subtitulo":"","orden":"0","portada":"0","idioma":"cat","booktrailer":"","resenas":"","editorial":[{"ID":147425,"post_author":"3","post_date":"2022-10-14 11:50:28","post_date_gmt":"2022-10-14 09:50:28","post_content":"","post_title":"Amsterdam","post_excerpt":"","post_status":"publish","comment_status":"closed","ping_status":"closed","post_password":"","post_name":"amsterdam","to_ping":"","pinged":"","post_modified":"2022-10-14 11:50:28","post_modified_gmt":"2022-10-14 09:50:28","post_content_filtered":"","post_parent":0,"guid":"http:\/\/dev.claret.cat\/editorial\/amsterdam\/","menu_order":0,"post_type":"editorial","post_mime_type":"","comment_count":"0","filter":"raw"}]},"aioseo_notices":[],"_links":{"self":[{"href":"https:\/\/www.claret.cat\/es\/wp-json\/wp\/v2\/product\/1085886","targetHints":{"allow":["GET"]}}],"collection":[{"href":"https:\/\/www.claret.cat\/es\/wp-json\/wp\/v2\/product"}],"about":[{"href":"https:\/\/www.claret.cat\/es\/wp-json\/wp\/v2\/types\/product"}],"wp:featuredmedia":[{"embeddable":true,"href":"https:\/\/www.claret.cat\/es\/wp-json\/wp\/v2\/media\/1086746"}],"wp:attachment":[{"href":"https:\/\/www.claret.cat\/es\/wp-json\/wp\/v2\/media?parent=1085886"}],"wp:term":[{"taxonomy":"product_brand","embeddable":true,"href":"https:\/\/www.claret.cat\/es\/wp-json\/wp\/v2\/product_brand?post=1085886"},{"taxonomy":"product_cat","embeddable":true,"href":"https:\/\/www.claret.cat\/es\/wp-json\/wp\/v2\/product_cat?post=1085886"},{"taxonomy":"product_tag","embeddable":true,"href":"https:\/\/www.claret.cat\/es\/wp-json\/wp\/v2\/product_tag?post=1085886"}],"curies":[{"name":"wp","href":"https:\/\/api.w.org\/{rel}","templated":true}]}}