{"id":1085892,"date":"2026-02-24T16:30:17","date_gmt":"2026-02-24T15:30:17","guid":{"rendered":"https:\/\/www.claret.cat\/llibre\/aprenent-de-trementinaire-9788411731928\/"},"modified":"2026-02-25T10:45:30","modified_gmt":"2026-02-25T09:45:30","slug":"aprenent-de-trementinaire-9788411731928","status":"publish","type":"product","link":"https:\/\/www.claret.cat\/es\/libro\/aprenent-de-trementinaire-9788411731928\/","title":{"rendered":"APRENENT DE TREMENTINAIRE"},"content":{"rendered":"<p>Des de fa segles, les trementinaires han aprofitat tot el que l\u2019entorn ens ofereix per preparar remeis, olis i ung\u00fcents, i tenir cura de les seves fam\u00edlies i comunitats, i han passat el saber de la natura degeneraci\u00f3 en generaci\u00f3. Amb aquest llibre, a mig cam\u00ed entre la teoria i el manual, aprendr\u00e0s a preparar els seus remeis, des de la recol\u00b7lecci\u00f3 de plantes fins a la preparaci\u00f3 d\u2019olis, tintures i ung\u00fcents, tot mantenint un vincle profund amb la natura. Tamb\u00e9 entendr\u00e0s els cicles de la lluna, sabr\u00e0s quin \u00e9s el millor moment per sembrar o collir una planta, i recordar\u00e0s com combatre un mal de coll o un refredat, tal com de seg<\/p>\n","protected":false},"excerpt":{"rendered":"<p>OLGA DOMINGO ROJALS<\/p>\n","protected":false},"featured_media":1086064,"template":"","meta":{"_acf_changed":false,"om_disable_all_campaigns":false,"rs_blank_template":"","rs_page_bg_color":"","slide_template_v7":"","inline_featured_image":false,"_monsterinsights_skip_tracking":false,"_monsterinsights_sitenote_active":false,"_monsterinsights_sitenote_note":"","_monsterinsights_sitenote_category":0},"product_brand":[],"product_cat":[90,540,547,97],"product_tag":[],"class_list":{"0":"post-1085892","1":"product","2":"type-product","3":"status-publish","4":"has-post-thumbnail","6":"product_cat-altres","7":"product_cat-otros","8":"product_cat-salud","9":"product_cat-salut","11":"first","12":"instock","13":"taxable","14":"shipping-taxable","15":"purchasable","16":"product-type-simple"},"acf":{"autor":"OLGA DOMINGO ROJALS","codart":"841173192","libros-coleccion":"","ediciones":"1","encuadernacion":"R\u00fastica","fecha_de_publicacion":"01\/03\/2026","novedad":"1","paginas":"169","subtitulo":"","orden":"0","portada":"0","idioma":"cat","booktrailer":"","resenas":"","editorial":[{"ID":147453,"post_author":"3","post_date":"2022-10-14 11:50:42","post_date_gmt":"2022-10-14 09:50:42","post_content":"","post_title":"ARA LLIBRES","post_excerpt":"","post_status":"publish","comment_status":"closed","ping_status":"closed","post_password":"","post_name":"ara-llibres","to_ping":"","pinged":"","post_modified":"2022-10-14 11:50:42","post_modified_gmt":"2022-10-14 09:50:42","post_content_filtered":"","post_parent":0,"guid":"http:\/\/dev.claret.cat\/editorial\/ara-llibres\/","menu_order":0,"post_type":"editorial","post_mime_type":"","comment_count":"0","filter":"raw"}]},"aioseo_notices":[],"_links":{"self":[{"href":"https:\/\/www.claret.cat\/es\/wp-json\/wp\/v2\/product\/1085892","targetHints":{"allow":["GET"]}}],"collection":[{"href":"https:\/\/www.claret.cat\/es\/wp-json\/wp\/v2\/product"}],"about":[{"href":"https:\/\/www.claret.cat\/es\/wp-json\/wp\/v2\/types\/product"}],"wp:featuredmedia":[{"embeddable":true,"href":"https:\/\/www.claret.cat\/es\/wp-json\/wp\/v2\/media\/1086064"}],"wp:attachment":[{"href":"https:\/\/www.claret.cat\/es\/wp-json\/wp\/v2\/media?parent=1085892"}],"wp:term":[{"taxonomy":"product_brand","embeddable":true,"href":"https:\/\/www.claret.cat\/es\/wp-json\/wp\/v2\/product_brand?post=1085892"},{"taxonomy":"product_cat","embeddable":true,"href":"https:\/\/www.claret.cat\/es\/wp-json\/wp\/v2\/product_cat?post=1085892"},{"taxonomy":"product_tag","embeddable":true,"href":"https:\/\/www.claret.cat\/es\/wp-json\/wp\/v2\/product_tag?post=1085892"}],"curies":[{"name":"wp","href":"https:\/\/api.w.org\/{rel}","templated":true}]}}