{"id":1085895,"date":"2026-02-24T16:35:02","date_gmt":"2026-02-24T15:35:02","guid":{"rendered":"https:\/\/www.claret.cat\/llibre\/les-models-de-la-belle-epoque-9788419721617\/"},"modified":"2026-02-26T16:55:56","modified_gmt":"2026-02-26T15:55:56","slug":"les-models-de-la-belle-epoque-9788419721617","status":"publish","type":"product","link":"https:\/\/www.claret.cat\/es\/libro\/les-models-de-la-belle-epoque-9788419721617\/","title":{"rendered":"LES MODELS DE LA BELLE \u00c9POQUE"},"content":{"rendered":"<p>Aquesta \u00e9s la hist\u00f2ria de dues dones que mai es van con\u00e8ixer, per\u00f2 que van viure sense complexos i trencant els esquemes i les convencions socials dels seus temps. Mentre Emilie Fl\u00f6ge, dissenyadora i empres\u00e0ria austr\u00edaca, defensava una nova manera d\u2019entendre la moda i la llibertat a la seva pr\u00f2pia casa de modes, Isabel Llorach, dama de la burgesia barcelonina, es va endinsar en els cercles art\u00edstics de la ciutat i va acabar sent en una de les amfitriones i mecenes clau del panorama cultural. Els seus camins, llunyans per\u00f2 paral\u00b7lels, es van creuar sense que elles ho sabessin: durant els seus respectius viatges a l\u2019Exposici\u00f3 Universal del Par\u00eds m\u00e9s exultant i a trav\u00e9s de dos retrats pintats per Ramon Casas i Gustav Klimt, dels quals van ser les muses. Entre Viena, Barcelona i Par\u00eds, aquesta novel\u00b7la recorre la Belle \u00c9poque a trav\u00e9s de la mirada d\u2019una narradora que s\u2019infiltra en el relat, fins a aconseguir contemplar, en directe, els emblem\u00e0tics retrats.<\/p>\n","protected":false},"excerpt":{"rendered":"<p>BERTA JARD\u00cd SOLER<\/p>\n","protected":false},"featured_media":1086748,"template":"","meta":{"_acf_changed":false,"om_disable_all_campaigns":false,"rs_blank_template":"","rs_page_bg_color":"","slide_template_v7":"","inline_featured_image":false,"_monsterinsights_skip_tracking":false,"_monsterinsights_sitenote_active":false,"_monsterinsights_sitenote_note":"","_monsterinsights_sitenote_category":0},"product_brand":[],"product_cat":[127,357],"product_tag":[],"class_list":{"0":"post-1085895","1":"product","2":"type-product","3":"status-publish","4":"has-post-thumbnail","6":"product_cat-novella-contemporania","7":"product_cat-novela-contemporanea","9":"first","10":"instock","11":"taxable","12":"shipping-taxable","13":"purchasable","14":"product-type-simple"},"acf":{"autor":"BERTA JARD\u00cd SOLER","codart":"841972161","libros-coleccion":"","ediciones":"1","encuadernacion":"R\u00fastica","fecha_de_publicacion":"01\/03\/2026","novedad":"1","paginas":"185","subtitulo":"","orden":"0","portada":"0","idioma":"cat","booktrailer":"","resenas":"","editorial":[{"ID":6384,"post_author":"3","post_date":"2022-07-28 17:51:02","post_date_gmt":"2022-07-28 15:51:02","post_content":"","post_title":"Univers Llibres","post_excerpt":"","post_status":"publish","comment_status":"closed","ping_status":"closed","post_password":"","post_name":"univers-llibres","to_ping":"","pinged":"","post_modified":"2022-07-28 17:51:02","post_modified_gmt":"2022-07-28 15:51:02","post_content_filtered":"","post_parent":0,"guid":"http:\/\/dev.claret.cat\/editorial\/univers-llibres\/","menu_order":0,"post_type":"editorial","post_mime_type":"","comment_count":"0","filter":"raw"}]},"aioseo_notices":[],"_links":{"self":[{"href":"https:\/\/www.claret.cat\/es\/wp-json\/wp\/v2\/product\/1085895","targetHints":{"allow":["GET"]}}],"collection":[{"href":"https:\/\/www.claret.cat\/es\/wp-json\/wp\/v2\/product"}],"about":[{"href":"https:\/\/www.claret.cat\/es\/wp-json\/wp\/v2\/types\/product"}],"wp:featuredmedia":[{"embeddable":true,"href":"https:\/\/www.claret.cat\/es\/wp-json\/wp\/v2\/media\/1086748"}],"wp:attachment":[{"href":"https:\/\/www.claret.cat\/es\/wp-json\/wp\/v2\/media?parent=1085895"}],"wp:term":[{"taxonomy":"product_brand","embeddable":true,"href":"https:\/\/www.claret.cat\/es\/wp-json\/wp\/v2\/product_brand?post=1085895"},{"taxonomy":"product_cat","embeddable":true,"href":"https:\/\/www.claret.cat\/es\/wp-json\/wp\/v2\/product_cat?post=1085895"},{"taxonomy":"product_tag","embeddable":true,"href":"https:\/\/www.claret.cat\/es\/wp-json\/wp\/v2\/product_tag?post=1085895"}],"curies":[{"name":"wp","href":"https:\/\/api.w.org\/{rel}","templated":true}]}}