{"id":1085898,"date":"2026-02-24T16:35:18","date_gmt":"2026-02-24T15:35:18","guid":{"rendered":"https:\/\/www.claret.cat\/llibre\/diari-duna-solitud-9788419960498\/"},"modified":"2026-02-26T16:56:14","modified_gmt":"2026-02-26T15:56:14","slug":"diari-duna-solitud-9788419960498","status":"publish","type":"product","link":"https:\/\/www.claret.cat\/es\/libro\/diari-duna-solitud-9788419960498\/","title":{"rendered":"DIARI D&#8217;UNA SOLITUD"},"content":{"rendered":"<p>May Sarton ens obre les portes de la seva casa ?i del seu cor? per convidar-nos a compartir un any de vida retirada, teixit amb silencis, dubtes i moments d\u2019humor. Envoltada de llibres, flors i gats, Sarton escriu amb una franquesa gaireb\u00e9 dolorosa sobre les seves lluites: la por de la incomunicaci\u00f3, la fragilitat de l\u2019\u00e0nima creadora, el pes de la depressi\u00f3 i la necessitat profunda d\u2019autenticitat. El diari es converteix aix\u00ed en un espai on la paraula esdev\u00e9 la manera de reconciliar la solitud amb la bellesa del m\u00f3n. Entre reflexions sobre l\u2019art i la natura, sobre la disciplina d\u2019escriure i la llibertat d\u2019estimar, Sarton ens revela el seu desig m\u00e9s \u00edntim: viure plenament, fins i tot quan la vida sembla tancada dins el silenci. Diari d\u2019una solitud \u00e9s, en definitiva, un cant a la vida interior, a la for\u00e7a que neix de mirar-se a un mateix amb lucidesa i compassi\u00f3.<\/p>\n","protected":false},"excerpt":{"rendered":"<p>MAY SARTON<\/p>\n","protected":false},"featured_media":1086750,"template":"","meta":{"_acf_changed":false,"om_disable_all_campaigns":false,"rs_blank_template":"","rs_page_bg_color":"","slide_template_v7":"","inline_featured_image":false,"_monsterinsights_skip_tracking":false,"_monsterinsights_sitenote_active":false,"_monsterinsights_sitenote_note":"","_monsterinsights_sitenote_category":0},"product_brand":[],"product_cat":[127,357],"product_tag":[],"class_list":{"0":"post-1085898","1":"product","2":"type-product","3":"status-publish","4":"has-post-thumbnail","6":"product_cat-novella-contemporania","7":"product_cat-novela-contemporanea","9":"first","10":"instock","11":"taxable","12":"shipping-taxable","13":"purchasable","14":"product-type-simple"},"acf":{"autor":"MAY SARTON","codart":"841996049","libros-coleccion":"","ediciones":"1","encuadernacion":"R\u00fastica","fecha_de_publicacion":"01\/03\/2026","novedad":"1","paginas":"239","subtitulo":"","orden":"0","portada":"0","idioma":"cat","booktrailer":"","resenas":"","editorial":[{"ID":147425,"post_author":"3","post_date":"2022-10-14 11:50:28","post_date_gmt":"2022-10-14 09:50:28","post_content":"","post_title":"Amsterdam","post_excerpt":"","post_status":"publish","comment_status":"closed","ping_status":"closed","post_password":"","post_name":"amsterdam","to_ping":"","pinged":"","post_modified":"2022-10-14 11:50:28","post_modified_gmt":"2022-10-14 09:50:28","post_content_filtered":"","post_parent":0,"guid":"http:\/\/dev.claret.cat\/editorial\/amsterdam\/","menu_order":0,"post_type":"editorial","post_mime_type":"","comment_count":"0","filter":"raw"}]},"aioseo_notices":[],"_links":{"self":[{"href":"https:\/\/www.claret.cat\/es\/wp-json\/wp\/v2\/product\/1085898","targetHints":{"allow":["GET"]}}],"collection":[{"href":"https:\/\/www.claret.cat\/es\/wp-json\/wp\/v2\/product"}],"about":[{"href":"https:\/\/www.claret.cat\/es\/wp-json\/wp\/v2\/types\/product"}],"wp:featuredmedia":[{"embeddable":true,"href":"https:\/\/www.claret.cat\/es\/wp-json\/wp\/v2\/media\/1086750"}],"wp:attachment":[{"href":"https:\/\/www.claret.cat\/es\/wp-json\/wp\/v2\/media?parent=1085898"}],"wp:term":[{"taxonomy":"product_brand","embeddable":true,"href":"https:\/\/www.claret.cat\/es\/wp-json\/wp\/v2\/product_brand?post=1085898"},{"taxonomy":"product_cat","embeddable":true,"href":"https:\/\/www.claret.cat\/es\/wp-json\/wp\/v2\/product_cat?post=1085898"},{"taxonomy":"product_tag","embeddable":true,"href":"https:\/\/www.claret.cat\/es\/wp-json\/wp\/v2\/product_tag?post=1085898"}],"curies":[{"name":"wp","href":"https:\/\/api.w.org\/{rel}","templated":true}]}}