{"id":1085901,"date":"2026-02-24T16:35:41","date_gmt":"2026-02-24T15:35:41","guid":{"rendered":"https:\/\/www.claret.cat\/llibre\/histories-de-barcelona-9791387961114\/"},"modified":"2026-03-21T13:55:17","modified_gmt":"2026-03-21T12:55:17","slug":"histories-de-barcelona-9791387961114","status":"publish","type":"product","link":"https:\/\/www.claret.cat\/es\/libro\/histories-de-barcelona-9791387961114\/","title":{"rendered":"HIST\u00d2RIES DE BARCELONA"},"content":{"rendered":"<p>Sab\u00edeu que el Park G\u00fcell amaga uns grafitis secrets, que a Horta hi ha un tresor enterrat i a Nou Barris un aq\u00fceducte soterrat? I que un campanar de Ciutat Vella conserva l\u2019empremta del diable?<br \/> Barcelona \u00e9s plena d\u2019hist\u00f2ries desconegudes. Aquest llibre recull vuitanta curiositats, an\u00e8cdotes i episodis sorprenents de la ciutat, des de fa un mili\u00f3 d\u2019anys, quan els mamuts passejaven per l\u2019Upper Diagonal, fins als nostres dies.<br \/> Hi trobareu la Barcelona que celebrava les Falles de Val\u00e8ncia, descobrireu l\u2019oblidada r\u00e8plica de la Puerta de Alcal\u00e1 que s\u2019al\u00e7ava al capdavall de la Rambla, coneixereu el monument m\u00e9s ef\u00edmer de la ciutat, fet de fruites i verdures, i viatjareu als or\u00edgens dels ic\u00f2nics panots de l\u2019Eixample.<\/p>\n","protected":false},"excerpt":{"rendered":"<p>DAVID MART\u00cdNEZ HERRADA<\/p>\n","protected":false},"featured_media":1086456,"template":"","meta":{"_acf_changed":false,"om_disable_all_campaigns":false,"rs_blank_template":"","rs_page_bg_color":"","slide_template_v7":"","inline_featured_image":false,"_monsterinsights_skip_tracking":false,"_monsterinsights_sitenote_active":false,"_monsterinsights_sitenote_note":"","_monsterinsights_sitenote_category":0},"product_brand":[],"product_cat":[430,153],"product_tag":[],"class_list":{"0":"post-1085901","1":"product","2":"type-product","3":"status-publish","4":"has-post-thumbnail","6":"product_cat-cataluna","7":"product_cat-catalunya","9":"first","10":"instock","11":"taxable","12":"shipping-taxable","13":"purchasable","14":"product-type-simple"},"acf":{"autor":"DAVID MART\u00cdNEZ HERRADA","codart":"138796111","libros-coleccion":"","ediciones":"1","encuadernacion":"R\u00fastica","fecha_de_publicacion":"01\/03\/2026","novedad":"1","paginas":"253","subtitulo":"","orden":"0","portada":"0","idioma":"cat","booktrailer":"","resenas":"","editorial":[{"ID":6392,"post_author":"3","post_date":"2022-07-28 17:51:10","post_date_gmt":"2022-07-28 15:51:10","post_content":"","post_title":"Viena","post_excerpt":"","post_status":"publish","comment_status":"closed","ping_status":"closed","post_password":"","post_name":"viena","to_ping":"","pinged":"","post_modified":"2022-07-28 17:51:10","post_modified_gmt":"2022-07-28 15:51:10","post_content_filtered":"","post_parent":0,"guid":"http:\/\/dev.claret.cat\/editorial\/viena\/","menu_order":0,"post_type":"editorial","post_mime_type":"","comment_count":"0","filter":"raw"}]},"aioseo_notices":[],"_links":{"self":[{"href":"https:\/\/www.claret.cat\/es\/wp-json\/wp\/v2\/product\/1085901","targetHints":{"allow":["GET"]}}],"collection":[{"href":"https:\/\/www.claret.cat\/es\/wp-json\/wp\/v2\/product"}],"about":[{"href":"https:\/\/www.claret.cat\/es\/wp-json\/wp\/v2\/types\/product"}],"wp:featuredmedia":[{"embeddable":true,"href":"https:\/\/www.claret.cat\/es\/wp-json\/wp\/v2\/media\/1086456"}],"wp:attachment":[{"href":"https:\/\/www.claret.cat\/es\/wp-json\/wp\/v2\/media?parent=1085901"}],"wp:term":[{"taxonomy":"product_brand","embeddable":true,"href":"https:\/\/www.claret.cat\/es\/wp-json\/wp\/v2\/product_brand?post=1085901"},{"taxonomy":"product_cat","embeddable":true,"href":"https:\/\/www.claret.cat\/es\/wp-json\/wp\/v2\/product_cat?post=1085901"},{"taxonomy":"product_tag","embeddable":true,"href":"https:\/\/www.claret.cat\/es\/wp-json\/wp\/v2\/product_tag?post=1085901"}],"curies":[{"name":"wp","href":"https:\/\/api.w.org\/{rel}","templated":true}]}}