{"id":1085932,"date":"2026-02-24T17:25:02","date_gmt":"2026-02-24T16:25:02","guid":{"rendered":"https:\/\/www.claret.cat\/llibre\/lultima-pantalla-9791387903336\/"},"modified":"2026-02-24T17:45:30","modified_gmt":"2026-02-24T16:45:30","slug":"lultima-pantalla-9791387903336","status":"publish","type":"product","link":"https:\/\/www.claret.cat\/es\/libro\/lultima-pantalla-9791387903336\/","title":{"rendered":"L&#8217;\u00daLTIMA PANTALLA"},"content":{"rendered":"<p>Una desaparici\u00f3 misteriosa. Un videojoc absorbent. Una \u00faltima pantalla en qu\u00e8 t&#8217;ho jugues tot. Fins a on series capa\u00e7 d&#8217;arribar per poder sortir-ne del joc? <br \/> La Jordina \u2014Jordi per als amics\u2014 \u00e9s una noia de tretze anys addicta als videojocs i diagnosticada amb s\u00edndrome de Tourette. Quan els pares l&#8217;envien a passar l&#8217;estiu a casa dels avis, en un poblet a\u00efllat i sense connexi\u00f3 a internet, sembla que se li trastoca la vida.\u00a0<br \/> Per\u00f2 all\u00e0 descobreix una misteriosa m\u00e0quina recreativa dels anys 80 oblidada en una deixalleria i s\u2019assabenta del misteri que envolta la desaparici\u00f3 d\u2019en Miquel, el millor amic del seu pare. Sense saber com, acaba a dins del videojoc i per sortir-ne haur\u00e0 de superar una s\u00e8rie de proves f\u00edsiques i mentals. Ser\u00e0 capa\u00e7 de passar-se l\u2019\u00faltima pantalla d\u2019aquesta aventura transformadora? Aconseguir\u00e0 resoldre l\u2019enigma d\u2019en Miquel?<br \/> ***<br \/> &#8211; La primera incursi\u00f3 en la literatura middle grade de Mart\u00ed Gironell, un dels autors m\u00e9s reconeguts del nostre pa\u00eds.\u00a0<br \/> &#8211; Llibre d&#8217;aventures, ambientat en el m\u00f3n dels videojocs per a lectors de 9 a 12 anys.<br \/> &#8211; Novel\u00b7la en l&#8217;estela de s\u00e8ries com Amanda Black: molta acci\u00f3 i ritme trepidant, amb un toc de liteartura fant\u00e0stica.<\/p>\n","protected":false},"excerpt":{"rendered":"<p>MART\u00cd GIRONELL<\/p>\n","protected":false},"featured_media":1085933,"template":"","meta":{"_acf_changed":false,"om_disable_all_campaigns":false,"rs_blank_template":"","rs_page_bg_color":"","slide_template_v7":"","inline_featured_image":false,"_monsterinsights_skip_tracking":false,"_monsterinsights_sitenote_active":false,"_monsterinsights_sitenote_note":"","_monsterinsights_sitenote_category":0},"product_brand":[],"product_cat":[132,362],"product_tag":[],"class_list":{"0":"post-1085932","1":"product","2":"type-product","3":"status-publish","4":"has-post-thumbnail","6":"product_cat-lectures-per-preadolescents-6-12-anys","7":"product_cat-libros-preadolescentes-6-12-anos","9":"first","10":"instock","11":"taxable","12":"shipping-taxable","13":"purchasable","14":"product-type-simple"},"acf":{"autor":"MART\u00cd GIRONELL","codart":"138790333","libros-coleccion":"","ediciones":"1","encuadernacion":"Carton\u00e9","fecha_de_publicacion":"01\/02\/2026","novedad":"1","paginas":"176","subtitulo":"","orden":"0","portada":"0","idioma":"cat","booktrailer":"","resenas":"","editorial":[{"ID":6249,"post_author":"3","post_date":"2022-07-28 17:48:09","post_date_gmt":"2022-07-28 15:48:09","post_content":"","post_title":"Estrella Polar","post_excerpt":"","post_status":"publish","comment_status":"closed","ping_status":"closed","post_password":"","post_name":"estrella-polar","to_ping":"","pinged":"","post_modified":"2022-07-28 17:48:09","post_modified_gmt":"2022-07-28 15:48:09","post_content_filtered":"","post_parent":0,"guid":"http:\/\/dev.claret.cat\/editorial\/estrella-polar\/","menu_order":0,"post_type":"editorial","post_mime_type":"","comment_count":"0","filter":"raw"}]},"aioseo_notices":[],"_links":{"self":[{"href":"https:\/\/www.claret.cat\/es\/wp-json\/wp\/v2\/product\/1085932","targetHints":{"allow":["GET"]}}],"collection":[{"href":"https:\/\/www.claret.cat\/es\/wp-json\/wp\/v2\/product"}],"about":[{"href":"https:\/\/www.claret.cat\/es\/wp-json\/wp\/v2\/types\/product"}],"wp:featuredmedia":[{"embeddable":true,"href":"https:\/\/www.claret.cat\/es\/wp-json\/wp\/v2\/media\/1085933"}],"wp:attachment":[{"href":"https:\/\/www.claret.cat\/es\/wp-json\/wp\/v2\/media?parent=1085932"}],"wp:term":[{"taxonomy":"product_brand","embeddable":true,"href":"https:\/\/www.claret.cat\/es\/wp-json\/wp\/v2\/product_brand?post=1085932"},{"taxonomy":"product_cat","embeddable":true,"href":"https:\/\/www.claret.cat\/es\/wp-json\/wp\/v2\/product_cat?post=1085932"},{"taxonomy":"product_tag","embeddable":true,"href":"https:\/\/www.claret.cat\/es\/wp-json\/wp\/v2\/product_tag?post=1085932"}],"curies":[{"name":"wp","href":"https:\/\/api.w.org\/{rel}","templated":true}]}}