{"id":1085937,"date":"2026-02-24T17:25:34","date_gmt":"2026-02-24T16:25:34","guid":{"rendered":"https:\/\/www.claret.cat\/llibre\/luna-lovegood-pocket-potters-5-9791387736132\/"},"modified":"2026-03-28T13:45:29","modified_gmt":"2026-03-28T12:45:29","slug":"luna-lovegood-pocket-potters-5-9791387736132","status":"publish","type":"product","link":"https:\/\/www.claret.cat\/es\/libro\/luna-lovegood-pocket-potters-5-9791387736132\/","title":{"rendered":"LUNA LOVEGOOD (POCKET POTTERS 5)"},"content":{"rendered":"<p>Fans dels llibres de Harry Potter de JK Rowling! Els POCKET POTTERS s\u00f3n les guies imprescindibles de tots els vostres personatges favorits del M\u00f3n M\u00e0gic.Com es van con\u00e8ixer la LUNA i el Harry? Per qu\u00e8 porta ULLERES PSICOD\u00c8LIQUES? Quina b\u00e8stia \u00e9s un GARRINOT BANYARRUGAT? Descobreix tot aix\u00f2 i molt m\u00e9s sobre la Luna Lovegood!<br \/> Amb il\u00b7lustracions viv\u00edssimes que s\u00f3n una festa, els POCKET POTTERS s\u00f3n les imprescindibles miniguies col\u00b7leccionables sobre les hist\u00f2ries de Harry Potter. Tant si est\u00e0s comen\u00e7ant el teu viatge lector com si ja coneixes la Nimbus 2000 o la papallona daurada, cada POCKET POTTER \u00e9s perfecte per compartir-lo o llegir-lo en solitari.<br \/> M\u00e0gia i malifeta t\u2019esperen a l\u2019interior!<\/p>\n","protected":false},"excerpt":{"rendered":"<p>J.K. ROWLING<\/p>\n","protected":false},"featured_media":1085938,"template":"","meta":{"_acf_changed":false,"om_disable_all_campaigns":false,"rs_blank_template":"","rs_page_bg_color":"","slide_template_v7":"","inline_featured_image":false,"_monsterinsights_skip_tracking":false,"_monsterinsights_sitenote_active":false,"_monsterinsights_sitenote_note":"","_monsterinsights_sitenote_category":0},"product_brand":[],"product_cat":[132,362],"product_tag":[],"class_list":{"0":"post-1085937","1":"product","2":"type-product","3":"status-publish","4":"has-post-thumbnail","6":"product_cat-lectures-per-preadolescents-6-12-anys","7":"product_cat-libros-preadolescentes-6-12-anos","9":"first","10":"instock","11":"taxable","12":"shipping-taxable","13":"purchasable","14":"product-type-simple"},"acf":{"autor":"J.K. ROWLING","codart":"138773613","libros-coleccion":"","ediciones":"1","encuadernacion":"Carton\u00e9","fecha_de_publicacion":"01\/02\/2026","novedad":"1","paginas":"32","subtitulo":"","orden":"0","portada":"0","idioma":"cat","booktrailer":"","resenas":"","editorial":[{"ID":6223,"post_author":"3","post_date":"2022-07-28 17:47:32","post_date_gmt":"2022-07-28 15:47:32","post_content":"","post_title":"EDITORIAL EMP\u00daRIES","post_excerpt":"","post_status":"publish","comment_status":"closed","ping_status":"closed","post_password":"","post_name":"editorial-empuries","to_ping":"","pinged":"","post_modified":"2022-07-28 17:47:32","post_modified_gmt":"2022-07-28 15:47:32","post_content_filtered":"","post_parent":0,"guid":"http:\/\/dev.claret.cat\/editorial\/editorial-empuries\/","menu_order":0,"post_type":"editorial","post_mime_type":"","comment_count":"0","filter":"raw"}]},"aioseo_notices":[],"_links":{"self":[{"href":"https:\/\/www.claret.cat\/es\/wp-json\/wp\/v2\/product\/1085937","targetHints":{"allow":["GET"]}}],"collection":[{"href":"https:\/\/www.claret.cat\/es\/wp-json\/wp\/v2\/product"}],"about":[{"href":"https:\/\/www.claret.cat\/es\/wp-json\/wp\/v2\/types\/product"}],"wp:featuredmedia":[{"embeddable":true,"href":"https:\/\/www.claret.cat\/es\/wp-json\/wp\/v2\/media\/1085938"}],"wp:attachment":[{"href":"https:\/\/www.claret.cat\/es\/wp-json\/wp\/v2\/media?parent=1085937"}],"wp:term":[{"taxonomy":"product_brand","embeddable":true,"href":"https:\/\/www.claret.cat\/es\/wp-json\/wp\/v2\/product_brand?post=1085937"},{"taxonomy":"product_cat","embeddable":true,"href":"https:\/\/www.claret.cat\/es\/wp-json\/wp\/v2\/product_cat?post=1085937"},{"taxonomy":"product_tag","embeddable":true,"href":"https:\/\/www.claret.cat\/es\/wp-json\/wp\/v2\/product_tag?post=1085937"}],"curies":[{"name":"wp","href":"https:\/\/api.w.org\/{rel}","templated":true}]}}