{"id":1085940,"date":"2026-02-24T17:25:47","date_gmt":"2026-02-24T16:25:47","guid":{"rendered":"https:\/\/www.claret.cat\/llibre\/professor-dumbledore-pocket-potters-4-9791387736149\/"},"modified":"2026-02-24T17:45:10","modified_gmt":"2026-02-24T16:45:10","slug":"professor-dumbledore-pocket-potters-4-9791387736149","status":"publish","type":"product","link":"https:\/\/www.claret.cat\/es\/libro\/professor-dumbledore-pocket-potters-4-9791387736149\/","title":{"rendered":"PROFESSOR DUMBLEDORE (POCKET POTTERS 4)"},"content":{"rendered":"<p>Fans dels llibres de Harry Potter de JK Rowling! Els POCKET POTTERS s\u00f3n les guies imprescindibles de tots els vostres personatges favorits del M\u00f3n M\u00e0gic.Per qu\u00e8 el DUMBLEDORE \u00e9s un director tan genial? Qu\u00e8 hi posa al seu CROMO DE GRANOTA DE XOCOLATA? Quin \u00e9s el seu equip de QUIDDITCH preferit? Descobreix tot aix\u00f2 i molt m\u00e9s sobre el professor Dumbledore!<br \/> Amb il\u00b7lustracions viv\u00edssimes que s\u00f3n una festa, els POCKET POTTERS s\u00f3n les imprescindibles miniguies col\u00b7leccionables sobre les hist\u00f2ries de Harry Potter. Tant si est\u00e0s comen\u00e7ant el teu viatge lector com si ja coneixes la Nimbus 2000 o la papallona daurada, cada POCKET POTTER \u00e9s perfecte per compartir-lo o llegir-lo en solitari.<br \/> M\u00e0gia i malifeta t\u2019esperen a l\u2019interior!<\/p>\n","protected":false},"excerpt":{"rendered":"<p>J.K. ROWLING<\/p>\n","protected":false},"featured_media":1085941,"template":"","meta":{"_acf_changed":false,"om_disable_all_campaigns":false,"rs_blank_template":"","rs_page_bg_color":"","slide_template_v7":"","inline_featured_image":false,"_monsterinsights_skip_tracking":false,"_monsterinsights_sitenote_active":false,"_monsterinsights_sitenote_note":"","_monsterinsights_sitenote_category":0},"product_brand":[],"product_cat":[132,362],"product_tag":[],"class_list":{"0":"post-1085940","1":"product","2":"type-product","3":"status-publish","4":"has-post-thumbnail","6":"product_cat-lectures-per-preadolescents-6-12-anys","7":"product_cat-libros-preadolescentes-6-12-anos","9":"first","10":"instock","11":"taxable","12":"shipping-taxable","13":"purchasable","14":"product-type-simple"},"acf":{"autor":"J.K. ROWLING","codart":"138773614","libros-coleccion":"","ediciones":"1","encuadernacion":"Carton\u00e9","fecha_de_publicacion":"01\/02\/2026","novedad":"1","paginas":"32","subtitulo":"","orden":"0","portada":"0","idioma":"cat","booktrailer":"","resenas":"","editorial":[{"ID":6223,"post_author":"3","post_date":"2022-07-28 17:47:32","post_date_gmt":"2022-07-28 15:47:32","post_content":"","post_title":"EDITORIAL EMP\u00daRIES","post_excerpt":"","post_status":"publish","comment_status":"closed","ping_status":"closed","post_password":"","post_name":"editorial-empuries","to_ping":"","pinged":"","post_modified":"2022-07-28 17:47:32","post_modified_gmt":"2022-07-28 15:47:32","post_content_filtered":"","post_parent":0,"guid":"http:\/\/dev.claret.cat\/editorial\/editorial-empuries\/","menu_order":0,"post_type":"editorial","post_mime_type":"","comment_count":"0","filter":"raw"}]},"aioseo_notices":[],"_links":{"self":[{"href":"https:\/\/www.claret.cat\/es\/wp-json\/wp\/v2\/product\/1085940","targetHints":{"allow":["GET"]}}],"collection":[{"href":"https:\/\/www.claret.cat\/es\/wp-json\/wp\/v2\/product"}],"about":[{"href":"https:\/\/www.claret.cat\/es\/wp-json\/wp\/v2\/types\/product"}],"wp:featuredmedia":[{"embeddable":true,"href":"https:\/\/www.claret.cat\/es\/wp-json\/wp\/v2\/media\/1085941"}],"wp:attachment":[{"href":"https:\/\/www.claret.cat\/es\/wp-json\/wp\/v2\/media?parent=1085940"}],"wp:term":[{"taxonomy":"product_brand","embeddable":true,"href":"https:\/\/www.claret.cat\/es\/wp-json\/wp\/v2\/product_brand?post=1085940"},{"taxonomy":"product_cat","embeddable":true,"href":"https:\/\/www.claret.cat\/es\/wp-json\/wp\/v2\/product_cat?post=1085940"},{"taxonomy":"product_tag","embeddable":true,"href":"https:\/\/www.claret.cat\/es\/wp-json\/wp\/v2\/product_tag?post=1085940"}],"curies":[{"name":"wp","href":"https:\/\/api.w.org\/{rel}","templated":true}]}}