{"id":1085943,"date":"2026-02-24T17:26:01","date_gmt":"2026-02-24T16:26:01","guid":{"rendered":"https:\/\/www.claret.cat\/llibre\/les-coses-importants-no-son-coses-9791387903596\/"},"modified":"2026-02-25T16:25:27","modified_gmt":"2026-02-25T15:25:27","slug":"les-coses-importants-no-son-coses-9791387903596","status":"publish","type":"product","link":"https:\/\/www.claret.cat\/es\/libro\/les-coses-importants-no-son-coses-9791387903596\/","title":{"rendered":"LES COSES IMPORTANTS (NO S\u00d3N COSES)"},"content":{"rendered":"<p>\u00c0lbum guanyador de la XLIV edici\u00f3 del Premi Infantil Apel\u00b7les Mestres<br \/> Tots hem desitjat alguna vegada tenir m\u00e9s coses. Que siguin m\u00e9s xules, m\u00e9s divertides i, sobretot, m\u00e9s noves! A en Leo i la Llopi els passa el mateix, per aix\u00f2 no paren de demanar\u2026 Potser perqu\u00e8 se senten buits si no ho tenen tot? O potser perqu\u00e8 encara no saben quina \u00e9s la difer\u00e8ncia entre les coses importants&#8230; i les que no ho s\u00f3n.<br \/> Amb el text po\u00e8tic de Mar\u00eda Leach i les acolorides il\u00b7lustracions de Leire Salaberria, Les coses importants (no s\u00f3n coses) ens recorda que el m\u00e9s valu\u00f3s en aquesta vida s\u00f3n els moments compartits amb les persones que estimem.<br \/> ***<br \/> Tem\u00e0tica:<br \/> \u00a0<\/p>\n<p> \u00c0lbum il\u00b7lustrat<br \/> Conte amb valors<\/p>\n<p> Llibre protagonitzat per animals<\/p>\n","protected":false},"excerpt":{"rendered":"<p>MAR\u00cdA LEACH<\/p>\n","protected":false},"featured_media":1086253,"template":"","meta":{"_acf_changed":false,"om_disable_all_campaigns":false,"rs_blank_template":"","rs_page_bg_color":"","slide_template_v7":"","inline_featured_image":false,"_monsterinsights_skip_tracking":false,"_monsterinsights_sitenote_active":false,"_monsterinsights_sitenote_note":"","_monsterinsights_sitenote_category":0},"product_brand":[],"product_cat":[131,361],"product_tag":[],"class_list":{"0":"post-1085943","1":"product","2":"type-product","3":"status-publish","4":"has-post-thumbnail","6":"product_cat-contes-per-infants-0-6-anys","7":"product_cat-cuentos-para-ninos-0-6-anos","9":"first","10":"instock","11":"taxable","12":"shipping-taxable","13":"purchasable","14":"product-type-simple"},"acf":{"autor":"MAR\u00cdA LEACH","codart":"138790359","libros-coleccion":"","ediciones":"1","encuadernacion":"Carton\u00e9","fecha_de_publicacion":"01\/02\/2026","novedad":"1","paginas":"32","subtitulo":"PREMI INFANTIL APEL\u00b7LES MESTRES 2026","orden":"0","portada":"0","idioma":"cat","booktrailer":"","resenas":"","editorial":[{"ID":6249,"post_author":"3","post_date":"2022-07-28 17:48:09","post_date_gmt":"2022-07-28 15:48:09","post_content":"","post_title":"Estrella Polar","post_excerpt":"","post_status":"publish","comment_status":"closed","ping_status":"closed","post_password":"","post_name":"estrella-polar","to_ping":"","pinged":"","post_modified":"2022-07-28 17:48:09","post_modified_gmt":"2022-07-28 15:48:09","post_content_filtered":"","post_parent":0,"guid":"http:\/\/dev.claret.cat\/editorial\/estrella-polar\/","menu_order":0,"post_type":"editorial","post_mime_type":"","comment_count":"0","filter":"raw"}]},"aioseo_notices":[],"_links":{"self":[{"href":"https:\/\/www.claret.cat\/es\/wp-json\/wp\/v2\/product\/1085943","targetHints":{"allow":["GET"]}}],"collection":[{"href":"https:\/\/www.claret.cat\/es\/wp-json\/wp\/v2\/product"}],"about":[{"href":"https:\/\/www.claret.cat\/es\/wp-json\/wp\/v2\/types\/product"}],"wp:featuredmedia":[{"embeddable":true,"href":"https:\/\/www.claret.cat\/es\/wp-json\/wp\/v2\/media\/1086253"}],"wp:attachment":[{"href":"https:\/\/www.claret.cat\/es\/wp-json\/wp\/v2\/media?parent=1085943"}],"wp:term":[{"taxonomy":"product_brand","embeddable":true,"href":"https:\/\/www.claret.cat\/es\/wp-json\/wp\/v2\/product_brand?post=1085943"},{"taxonomy":"product_cat","embeddable":true,"href":"https:\/\/www.claret.cat\/es\/wp-json\/wp\/v2\/product_cat?post=1085943"},{"taxonomy":"product_tag","embeddable":true,"href":"https:\/\/www.claret.cat\/es\/wp-json\/wp\/v2\/product_tag?post=1085943"}],"curies":[{"name":"wp","href":"https:\/\/api.w.org\/{rel}","templated":true}]}}