{"id":1085949,"date":"2026-02-24T17:30:17","date_gmt":"2026-02-24T16:30:17","guid":{"rendered":"https:\/\/www.claret.cat\/llibre\/portara-el-teu-nom-9788466434737\/"},"modified":"2026-03-16T14:05:21","modified_gmt":"2026-03-16T13:05:21","slug":"portara-el-teu-nom-9788466434737","status":"publish","type":"product","link":"https:\/\/www.claret.cat\/es\/libro\/portara-el-teu-nom-9788466434737\/","title":{"rendered":"PORTAR\u00c0 EL TEU NOM"},"content":{"rendered":"<p><strong>Un dest\u00ed marcat per la tra\u00efci\u00f3<\/strong>.<\/p>\n<p> <strong>Una passi\u00f3 capa\u00e7 de canviar-ho tot<\/strong>. Estiu de 1882, Comillas. <strong>L\u2019aparici\u00f3 del cad\u00e0ver d\u2019una dona<\/strong> a la platja sacseja la poblaci\u00f3. Entre acusacions, rumors i secrets familiars, la jove <strong>Mada Riva \u00e9s assenyalada com a culpable de l\u2019assassinat<\/strong>. Per protegir tant el cognom com l\u2019honor, la seva pr\u00f2pia fam\u00edlia dicta la sentencia: <strong>ha de fugir sense deixar rastre<\/strong>. &nbsp;<\/p>\n<p> La Mada arriba a <strong>un Madrid fascinant i ca\u00f2tic<\/strong> on s\u2019enfrontar\u00e0 a la soledat i l\u2019oblit. El seu refugi ser\u00e0 <strong>una llar de noies humils<\/strong>, per\u00f2 el seu talent per la lectura i l\u2019escriptura la portar\u00e0 a treballar per al senyor Gonzalo, que quedar\u00e0 encisat per la seva bellesa i, sobretot, per <strong>la rebel\u00b7lia que li marca la vida<\/strong>. En <strong>una societat que fa callar les dones<\/strong>, la Mada al\u00e7ar\u00e0 la veu i descobrir\u00e0 que <strong>\u00e9s possible estimar sense por i reivindicar el seu nom<\/strong>. <\/p>\n<p> Despr\u00e9s de l\u2019\u00e8xit de <em>Les filles de la criada<\/em>, Sonsoles \u00d3nega torna amb <strong>una inoblidable hist\u00f2ria, la d\u2019una dona forta que va desafiar el seu dest\u00ed.&nbsp;<\/strong><\/p>\n","protected":false},"excerpt":{"rendered":"<p>SONSOLES \u00d3NEGA<\/p>\n","protected":false},"featured_media":1090280,"template":"","meta":{"_acf_changed":false,"om_disable_all_campaigns":false,"rs_blank_template":"","rs_page_bg_color":"","slide_template_v7":"","inline_featured_image":false,"_monsterinsights_skip_tracking":false,"_monsterinsights_sitenote_active":false,"_monsterinsights_sitenote_note":"","_monsterinsights_sitenote_category":0},"product_brand":[],"product_cat":[127,357],"product_tag":[],"class_list":{"0":"post-1085949","1":"product","2":"type-product","3":"status-publish","4":"has-post-thumbnail","6":"product_cat-novella-contemporania","7":"product_cat-novela-contemporanea","9":"first","10":"instock","11":"taxable","12":"shipping-taxable","13":"purchasable","14":"product-type-simple"},"acf":{"autor":"SONSOLES \u00d3NEGA","codart":"846643473","libros-coleccion":"","ediciones":"1","encuadernacion":"Carton\u00e9","fecha_de_publicacion":"01\/02\/2026","novedad":"1","paginas":"480","subtitulo":"","orden":"0","portada":"0","idioma":"cat","booktrailer":"","resenas":"","editorial":[{"ID":6166,"post_author":"3","post_date":"2022-07-28 17:46:19","post_date_gmt":"2022-07-28 15:46:19","post_content":"","post_title":"Columna CAT","post_excerpt":"","post_status":"publish","comment_status":"closed","ping_status":"closed","post_password":"","post_name":"columna-cat","to_ping":"","pinged":"","post_modified":"2022-07-28 17:46:19","post_modified_gmt":"2022-07-28 15:46:19","post_content_filtered":"","post_parent":0,"guid":"http:\/\/dev.claret.cat\/editorial\/columna-cat\/","menu_order":0,"post_type":"editorial","post_mime_type":"","comment_count":"0","filter":"raw"}]},"aioseo_notices":[],"_links":{"self":[{"href":"https:\/\/www.claret.cat\/es\/wp-json\/wp\/v2\/product\/1085949","targetHints":{"allow":["GET"]}}],"collection":[{"href":"https:\/\/www.claret.cat\/es\/wp-json\/wp\/v2\/product"}],"about":[{"href":"https:\/\/www.claret.cat\/es\/wp-json\/wp\/v2\/types\/product"}],"wp:featuredmedia":[{"embeddable":true,"href":"https:\/\/www.claret.cat\/es\/wp-json\/wp\/v2\/media\/1090280"}],"wp:attachment":[{"href":"https:\/\/www.claret.cat\/es\/wp-json\/wp\/v2\/media?parent=1085949"}],"wp:term":[{"taxonomy":"product_brand","embeddable":true,"href":"https:\/\/www.claret.cat\/es\/wp-json\/wp\/v2\/product_brand?post=1085949"},{"taxonomy":"product_cat","embeddable":true,"href":"https:\/\/www.claret.cat\/es\/wp-json\/wp\/v2\/product_cat?post=1085949"},{"taxonomy":"product_tag","embeddable":true,"href":"https:\/\/www.claret.cat\/es\/wp-json\/wp\/v2\/product_tag?post=1085949"}],"curies":[{"name":"wp","href":"https:\/\/api.w.org\/{rel}","templated":true}]}}