{"id":1085955,"date":"2026-02-24T17:30:46","date_gmt":"2026-02-24T16:30:46","guid":{"rendered":"https:\/\/www.claret.cat\/llibre\/orbital-9791387802370\/"},"modified":"2026-02-24T17:45:20","modified_gmt":"2026-02-24T16:45:20","slug":"orbital-9791387802370","status":"publish","type":"product","link":"https:\/\/www.claret.cat\/es\/libro\/orbital-9791387802370\/","title":{"rendered":"ORBITAL"},"content":{"rendered":"<p>Premi Booker 2024. La vida al nostre planeta com no l\u2019havies vist mai abans: una novel\u00b7la fascinant i esperan\u00e7adora.Sis astronautes giren al voltant de la Terra a bord de l\u2019Estaci\u00f3 Espacial Internacional. Duen a terme una missi\u00f3 rutin\u00e0ria. En Pietro s\u2019encarrega de monitorar els microbis; la Chie, la tripulant japonesa, cultiva cristalls de prote\u00efnes; en Shaun, americ\u00e0, observa la reacci\u00f3 de les arrels, i la Nell, del Regne Unit, recull dades sobre el declivi muscular a l\u2019espai. En Roman i l\u2019Anton, que ocupen el m\u00f2dul rus, fan el manteniment del generador d\u2019oxigen.<br \/> Tots participen en les tasques di\u00e0ries i junts observen el silenci\u00f3s planeta blau. En un dia fan setze voltes a la Terra, travessen continents, els cicles de les estacions, contemplen les glaceres i els deserts, les muntanyes i els oceans. Panor\u00e0miques infinites d\u2019una bellesa impactant que els aboquen a reflexionar. Miren com es forma un tif\u00f3 i pateixen per les persones que estimen. La fragilitat de la vida omple les seves converses. Tan lluny de la Terra, i mai no se n\u2019han sentit tan a prop.<br \/> \u00ab\u00c9s un llibre tan bonic que t\u2019has d\u2019ajustar el cor per abastar-lo.\u00bb Max Porter<\/p>\n","protected":false},"excerpt":{"rendered":"<p>SAMANTHA HARVEY<\/p>\n","protected":false},"featured_media":1085956,"template":"","meta":{"_acf_changed":false,"om_disable_all_campaigns":false,"rs_blank_template":"","rs_page_bg_color":"","slide_template_v7":"","inline_featured_image":false,"_monsterinsights_skip_tracking":false,"_monsterinsights_sitenote_active":false,"_monsterinsights_sitenote_note":"","_monsterinsights_sitenote_category":0},"product_brand":[],"product_cat":[127,357],"product_tag":[],"class_list":{"0":"post-1085955","1":"product","2":"type-product","3":"status-publish","4":"has-post-thumbnail","6":"product_cat-novella-contemporania","7":"product_cat-novela-contemporanea","9":"first","10":"instock","11":"taxable","12":"shipping-taxable","13":"purchasable","14":"product-type-simple"},"acf":{"autor":"SAMANTHA HARVEY","codart":"138780237","libros-coleccion":"","ediciones":"1","encuadernacion":"R\u00fastica","fecha_de_publicacion":"01\/02\/2026","novedad":"1","paginas":"192","subtitulo":"","orden":"0","portada":"0","idioma":"cat","booktrailer":"","resenas":"","editorial":[{"ID":6281,"post_author":"3","post_date":"2022-07-28 17:48:50","post_date_gmt":"2022-07-28 15:48:50","post_content":"","post_title":"LABUTXACA","post_excerpt":"","post_status":"publish","comment_status":"closed","ping_status":"closed","post_password":"","post_name":"labutxaca","to_ping":"","pinged":"","post_modified":"2022-07-28 17:48:50","post_modified_gmt":"2022-07-28 15:48:50","post_content_filtered":"","post_parent":0,"guid":"http:\/\/dev.claret.cat\/editorial\/labutxaca\/","menu_order":0,"post_type":"editorial","post_mime_type":"","comment_count":"0","filter":"raw"}]},"aioseo_notices":[],"_links":{"self":[{"href":"https:\/\/www.claret.cat\/es\/wp-json\/wp\/v2\/product\/1085955","targetHints":{"allow":["GET"]}}],"collection":[{"href":"https:\/\/www.claret.cat\/es\/wp-json\/wp\/v2\/product"}],"about":[{"href":"https:\/\/www.claret.cat\/es\/wp-json\/wp\/v2\/types\/product"}],"wp:featuredmedia":[{"embeddable":true,"href":"https:\/\/www.claret.cat\/es\/wp-json\/wp\/v2\/media\/1085956"}],"wp:attachment":[{"href":"https:\/\/www.claret.cat\/es\/wp-json\/wp\/v2\/media?parent=1085955"}],"wp:term":[{"taxonomy":"product_brand","embeddable":true,"href":"https:\/\/www.claret.cat\/es\/wp-json\/wp\/v2\/product_brand?post=1085955"},{"taxonomy":"product_cat","embeddable":true,"href":"https:\/\/www.claret.cat\/es\/wp-json\/wp\/v2\/product_cat?post=1085955"},{"taxonomy":"product_tag","embeddable":true,"href":"https:\/\/www.claret.cat\/es\/wp-json\/wp\/v2\/product_tag?post=1085955"}],"curies":[{"name":"wp","href":"https:\/\/api.w.org\/{rel}","templated":true}]}}