{"id":1085958,"date":"2026-02-24T17:35:14","date_gmt":"2026-02-24T16:35:14","guid":{"rendered":"https:\/\/www.claret.cat\/llibre\/ales-de-sang-edicio-especial-limitada-amb-cantells-decorats-9791387802394\/"},"modified":"2026-02-24T17:45:25","modified_gmt":"2026-02-24T16:45:25","slug":"ales-de-sang-edicio-especial-limitada-amb-cantells-decorats-9791387802394","status":"publish","type":"product","link":"https:\/\/www.claret.cat\/es\/libro\/ales-de-sang-edicio-especial-limitada-amb-cantells-decorats-9791387802394\/","title":{"rendered":"ALES DE SANG. EDICI\u00d3 ESPECIAL LIMITADA AMB CANTELLS DECORATS"},"content":{"rendered":"<p>Vola o mor\u2026 Nova edici\u00f3 limitada del fenomen de fantasia juvenil del moment, ara amb un cap\u00edtol in\u00e8dit i a un preu irresistible.<br \/> \u00abLa novel\u00b7la de fantasia m\u00e9s brutalment addictiva que he llegit en una d\u00e8cada.\u00bb \u2014 TRACY WOLFF, autora de la S\u00e8rie Crave.La Violet Sorrengail creia que quan fes els vint anys s\u2019uniria al Quadrant d\u2019Escribes per viure una vida tranquil\u00b7la, estudiant els seus estimats llibres i les hist\u00f2ries antigues que tant la fascinaven. Per\u00f2 per ordre de la seva mare, la temuda generala comandant, la Violet es veu obligada a unir-se als milers de candidats que lluiten per formar part de l\u2019elit de Navarre: els genets de drac.<br \/> Quan ets m\u00e9s petita i fr\u00e0gil que els altres la teva vida corre perill, perqu\u00e8 els dracs no es vinculen amb humans febles; de fet, els incineren. A m\u00e9s d\u2019aix\u00f2, amb m\u00e9s genets que dracs disponibles, bona part dels candidats mataria la Violet per millorar les seves probabilitats d\u2019\u00e8xit; uns altres, com el despietat Xaden Riorson, el l\u00edder d\u2019ala m\u00e9s poder\u00f3s del quadrant, l\u2019assassinarien simplement pel fet de ser la filla de la generala comandant. Per sobreviure, haur\u00e0 d\u2019afinar al m\u00e0xim el seu enginy.<br \/> Dia rere dia, la guerra que es lliura a l\u2019exterior de l\u2019acad\u00e8mia esdev\u00e9 m\u00e9s letal, les defenses del regne es debiliten i els morts augmenten. Per si no n\u2019hi hagu\u00e9s prou, la Violet sospita que els l\u00edders de Navarre amaguen un terrible secret.<br \/> Amistat, rivalitat i passi\u00f3&#8230; A l\u2019Acad\u00e8mia de Guerra Basgiath tots tenen una agenda oculta i saben que un cop a dins nom\u00e9s hi ha dues possibilitats: graduar-se o morir.<\/p>\n","protected":false},"excerpt":{"rendered":"<p>REBECCA YARROS<\/p>\n","protected":false},"featured_media":1085959,"template":"","meta":{"_acf_changed":false,"om_disable_all_campaigns":false,"rs_blank_template":"","rs_page_bg_color":"","slide_template_v7":"","inline_featured_image":false,"_monsterinsights_skip_tracking":false,"_monsterinsights_sitenote_active":false,"_monsterinsights_sitenote_note":"","_monsterinsights_sitenote_category":0},"product_brand":[],"product_cat":[133,566,117,363],"product_tag":[],"class_list":{"0":"post-1085958","1":"product","2":"type-product","3":"status-publish","4":"has-post-thumbnail","6":"product_cat-lectures-per-adolescents-12-18-anys","7":"product_cat-juvenil-3_infantil-juvenil-spa-spa","8":"product_cat-juvenil","9":"product_cat-lecturas-por-adolescentes-12-18-anos","11":"first","12":"instock","13":"taxable","14":"shipping-taxable","15":"purchasable","16":"product-type-simple"},"acf":{"autor":"REBECCA YARROS","codart":"138780239","libros-coleccion":"","ediciones":"1","encuadernacion":"R\u00fastica","fecha_de_publicacion":"01\/02\/2026","novedad":"1","paginas":"768","subtitulo":"SERIE EMPIRI, 1","orden":"0","portada":"0","idioma":"cat","booktrailer":"","resenas":"","editorial":[{"ID":6281,"post_author":"3","post_date":"2022-07-28 17:48:50","post_date_gmt":"2022-07-28 15:48:50","post_content":"","post_title":"LABUTXACA","post_excerpt":"","post_status":"publish","comment_status":"closed","ping_status":"closed","post_password":"","post_name":"labutxaca","to_ping":"","pinged":"","post_modified":"2022-07-28 17:48:50","post_modified_gmt":"2022-07-28 15:48:50","post_content_filtered":"","post_parent":0,"guid":"http:\/\/dev.claret.cat\/editorial\/labutxaca\/","menu_order":0,"post_type":"editorial","post_mime_type":"","comment_count":"0","filter":"raw"}]},"aioseo_notices":[],"_links":{"self":[{"href":"https:\/\/www.claret.cat\/es\/wp-json\/wp\/v2\/product\/1085958","targetHints":{"allow":["GET"]}}],"collection":[{"href":"https:\/\/www.claret.cat\/es\/wp-json\/wp\/v2\/product"}],"about":[{"href":"https:\/\/www.claret.cat\/es\/wp-json\/wp\/v2\/types\/product"}],"wp:featuredmedia":[{"embeddable":true,"href":"https:\/\/www.claret.cat\/es\/wp-json\/wp\/v2\/media\/1085959"}],"wp:attachment":[{"href":"https:\/\/www.claret.cat\/es\/wp-json\/wp\/v2\/media?parent=1085958"}],"wp:term":[{"taxonomy":"product_brand","embeddable":true,"href":"https:\/\/www.claret.cat\/es\/wp-json\/wp\/v2\/product_brand?post=1085958"},{"taxonomy":"product_cat","embeddable":true,"href":"https:\/\/www.claret.cat\/es\/wp-json\/wp\/v2\/product_cat?post=1085958"},{"taxonomy":"product_tag","embeddable":true,"href":"https:\/\/www.claret.cat\/es\/wp-json\/wp\/v2\/product_tag?post=1085958"}],"curies":[{"name":"wp","href":"https:\/\/api.w.org\/{rel}","templated":true}]}}