{"id":1085962,"date":"2026-02-24T17:40:02","date_gmt":"2026-02-24T16:40:02","guid":{"rendered":"https:\/\/www.claret.cat\/llibre\/la-segona-vida-de-ginebra-vern-9788466434652\/"},"modified":"2026-04-18T12:55:17","modified_gmt":"2026-04-18T10:55:17","slug":"la-segona-vida-de-ginebra-vern-9788466434652","status":"publish","type":"product","link":"https:\/\/www.claret.cat\/es\/libro\/la-segona-vida-de-ginebra-vern-9788466434652\/","title":{"rendered":"LA SEGONA VIDA DE GINEBRA VERN"},"content":{"rendered":"<p><strong class='ql-size-large'>PREMI RAMON LLULL 2026 <\/strong><\/p>\n<p><\/p>\n<p><strong class='ql-size-large'><em>Quan l\u2019amor posa a prova la veritat<\/em><\/strong><\/p>\n<p><\/p>\n<p>Quan un diari local de Texas publica un ins\u00f2lit anunci en qu\u00e8 <strong>una dona felicita el seu marit i l\u2019amant pel fill que esperen<\/strong>, la periodista en hores baixes <strong>Ginebra Vern <\/strong>rep a Barcelona l\u2019enc\u00e0rrec d\u2019escriure\u2019n un article viral.<\/p>\n<p><\/p>\n<p>El que havia de ser una pe\u00e7a de r\u00e0pid consum es converteix en el detonant d\u2019<strong>una transformaci\u00f3 inesperada<\/strong> que l\u2019obligar\u00e0 a replantejar-se <strong>la forma de mirar el m\u00f3n i la pr\u00f2pia exist\u00e8ncia<\/strong>.<\/p>\n<p><\/p>\n<p>Amb una prosa precisai intensa ,<strong><em> La segona vida de Ginebra Vern<\/em><\/strong> \u00e9s una novel\u00b7la poderosa sobre <strong>els l\u00edmits entre els secrets i la veritat<\/strong>, la necessitat de construir relats per sobreviure i <strong>la for\u00e7a dels vincles que anomenem amor<\/strong>.<\/p>\n<p><\/p>\n<blockquote><p>\u00abUna novel\u00b7la que m\u2019ha trasbalsat, que m\u2019ha tocat i que pot arribar a tots els p\u00fablics\u00bb. Estel Sol\u00e9<\/p><\/blockquote>\n<blockquote><p>\u00abUn llibre que es transforma en un artefacte molt potent\u00bb. Gerard Quintana<\/p><\/blockquote>\n","protected":false},"excerpt":{"rendered":"<p>AGN\u00c8S MARQU\u00c8S<\/p>\n","protected":false},"featured_media":1092960,"template":"","meta":{"_acf_changed":false,"om_disable_all_campaigns":false,"rs_blank_template":"","rs_page_bg_color":"","slide_template_v7":"","inline_featured_image":false,"_monsterinsights_skip_tracking":false,"_monsterinsights_sitenote_active":false,"_monsterinsights_sitenote_note":"","_monsterinsights_sitenote_category":0},"product_brand":[],"product_cat":[307,127,357],"product_tag":[],"class_list":{"0":"post-1085962","1":"product","2":"type-product","3":"status-publish","4":"has-post-thumbnail","6":"product_cat-catala","7":"product_cat-novella-contemporania","8":"product_cat-novela-contemporanea","10":"first","11":"instock","12":"taxable","13":"shipping-taxable","14":"purchasable","15":"product-type-simple"},"acf":{"autor":"AGN\u00c8S MARQU\u00c8S","codart":"846643465","libros-coleccion":"","ediciones":"1","encuadernacion":"Carton\u00e9","fecha_de_publicacion":"01\/02\/2026","novedad":"1","paginas":"280","subtitulo":"PREMI RAMON LLULL 2026","orden":"4","portada":"1","idioma":"cat","booktrailer":"","resenas":"","editorial":[{"ID":6166,"post_author":"3","post_date":"2022-07-28 17:46:19","post_date_gmt":"2022-07-28 15:46:19","post_content":"","post_title":"Columna CAT","post_excerpt":"","post_status":"publish","comment_status":"closed","ping_status":"closed","post_password":"","post_name":"columna-cat","to_ping":"","pinged":"","post_modified":"2022-07-28 17:46:19","post_modified_gmt":"2022-07-28 15:46:19","post_content_filtered":"","post_parent":0,"guid":"http:\/\/dev.claret.cat\/editorial\/columna-cat\/","menu_order":0,"post_type":"editorial","post_mime_type":"","comment_count":"0","filter":"raw"}],"linkebook":"","ficha":"","muestra":"","precioebook":"0","presentacion":""},"aioseo_notices":[],"_links":{"self":[{"href":"https:\/\/www.claret.cat\/es\/wp-json\/wp\/v2\/product\/1085962","targetHints":{"allow":["GET"]}}],"collection":[{"href":"https:\/\/www.claret.cat\/es\/wp-json\/wp\/v2\/product"}],"about":[{"href":"https:\/\/www.claret.cat\/es\/wp-json\/wp\/v2\/types\/product"}],"wp:featuredmedia":[{"embeddable":true,"href":"https:\/\/www.claret.cat\/es\/wp-json\/wp\/v2\/media\/1092960"}],"wp:attachment":[{"href":"https:\/\/www.claret.cat\/es\/wp-json\/wp\/v2\/media?parent=1085962"}],"wp:term":[{"taxonomy":"product_brand","embeddable":true,"href":"https:\/\/www.claret.cat\/es\/wp-json\/wp\/v2\/product_brand?post=1085962"},{"taxonomy":"product_cat","embeddable":true,"href":"https:\/\/www.claret.cat\/es\/wp-json\/wp\/v2\/product_cat?post=1085962"},{"taxonomy":"product_tag","embeddable":true,"href":"https:\/\/www.claret.cat\/es\/wp-json\/wp\/v2\/product_tag?post=1085962"}],"curies":[{"name":"wp","href":"https:\/\/api.w.org\/{rel}","templated":true}]}}