{"id":1085967,"date":"2026-02-24T17:55:23","date_gmt":"2026-02-24T16:55:23","guid":{"rendered":"https:\/\/www.claret.cat\/llibre\/alas-de-sangre-edicion-especial-limitada-con-cantos-decorados-9788408316084\/"},"modified":"2026-02-24T18:25:57","modified_gmt":"2026-02-24T17:25:57","slug":"alas-de-sangre-edicion-especial-limitada-con-cantos-decorados-9788408316084","status":"publish","type":"product","link":"https:\/\/www.claret.cat\/es\/libro\/alas-de-sangre-edicion-especial-limitada-con-cantos-decorados-9788408316084\/","title":{"rendered":"ALAS DE SANGRE. EDICI\u00d3N ESPECIAL LIMITADA CON CANTOS DECORADOS"},"content":{"rendered":"<p>Vuela&#8230; o muere. Nueva edici\u00f3n limitada del fen\u00f3meno de fantas\u00eda juvenil del momento, ahora con un nuevo cap\u00edtulo in\u00e9dito y a un precio irresistible.<br \/> \u00ab\u00a1La novela de fantas\u00eda m\u00e1s brutalmente adictiva que he le\u00eddo en una d\u00e9cada!\u00bb Tracy Wolff, autora de la Serie CraveViolet Sorrengail cre\u00eda que a sus veinte a\u00f1os se unir\u00eda al Cuadrante de Escribas para llevar una vida tranquila, estudiando sus amados libros y las historias antiguas que tanto le fascinan. Sin embargo, por \u00f3rdenes de su madre, la temida comandante general, debe unirse a los miles de candidatos que, en el Colegio de Guerra Basgiath, luchan por formar parte de la \u00e9lite de Navarre: los jinetes de drag\u00f3n.<br \/> Cuando eres m\u00e1s peque\u00f1a y fr\u00e1gil que los dem\u00e1s tu vida corre peligro, porque los dragones no se vinculan con humanos d\u00e9biles; de hecho, los incineran. A esto se le suma que, con m\u00e1s jinetes que dragones disponibles, buena parte de los candidatos matar\u00eda a Violet con tal de mejorar sus probabilidades de \u00e9xito; y hay otros, como el despiadado Xaden Riorson, el l\u00edder de ala m\u00e1s poderoso del Cuadrante de Jinetes, que la asesinar\u00edan simplemente por ser la hija de la comandante general. Para sobrevivir, necesitar\u00e1 aprovechar al m\u00e1ximo todo su ingenio.<br \/> D\u00eda tras d\u00eda, la guerra que se libra en el exterior del Colegio se torna m\u00e1s letal, las defensas del reino se debilitan y los muertos aumentan. Por si fuera poco, Violet sospecha que los l\u00edderes de Navarre esconden un terrible secreto.<br \/> Amistad, rivalidad y pasi\u00f3n&#8230; En el Colegio de Guerra Basgiath todos tienen un plan oculto y saben que, una vez dentro, solo hay dos posibilidades: graduarse o morir.<\/p>\n","protected":false},"excerpt":{"rendered":"<p>REBECCA YARROS<\/p>\n","protected":false},"featured_media":1085968,"template":"","meta":{"_acf_changed":false,"om_disable_all_campaigns":false,"rs_blank_template":"","rs_page_bg_color":"","slide_template_v7":"","inline_featured_image":false,"_monsterinsights_skip_tracking":false,"_monsterinsights_sitenote_active":false,"_monsterinsights_sitenote_note":"","_monsterinsights_sitenote_category":0},"product_brand":[],"product_cat":[133,566,117,363],"product_tag":[],"class_list":{"0":"post-1085967","1":"product","2":"type-product","3":"status-publish","4":"has-post-thumbnail","6":"product_cat-lectures-per-adolescents-12-18-anys","7":"product_cat-juvenil-3_infantil-juvenil-spa-spa","8":"product_cat-juvenil","9":"product_cat-lecturas-por-adolescentes-12-18-anos","11":"first","12":"instock","13":"taxable","14":"shipping-taxable","15":"purchasable","16":"product-type-simple"},"acf":{"autor":"REBECCA YARROS","codart":"840831608","libros-coleccion":"","ediciones":"1","encuadernacion":"R\u00fastica","fecha_de_publicacion":"01\/02\/2026","novedad":"1","paginas":"800","subtitulo":"SERIE EMP\u00cdREO, 1","orden":"0","portada":"0","idioma":"spa","booktrailer":"","resenas":"","editorial":[{"ID":6233,"post_author":"3","post_date":"2022-07-28 17:47:48","post_date_gmt":"2022-07-28 15:47:48","post_content":"","post_title":"EDITORIAL PLANETA","post_excerpt":"","post_status":"publish","comment_status":"closed","ping_status":"closed","post_password":"","post_name":"editorial-planeta","to_ping":"","pinged":"","post_modified":"2022-07-28 17:47:48","post_modified_gmt":"2022-07-28 15:47:48","post_content_filtered":"","post_parent":0,"guid":"http:\/\/dev.claret.cat\/editorial\/editorial-planeta\/","menu_order":0,"post_type":"editorial","post_mime_type":"","comment_count":"0","filter":"raw"}]},"aioseo_notices":[],"_links":{"self":[{"href":"https:\/\/www.claret.cat\/es\/wp-json\/wp\/v2\/product\/1085967","targetHints":{"allow":["GET"]}}],"collection":[{"href":"https:\/\/www.claret.cat\/es\/wp-json\/wp\/v2\/product"}],"about":[{"href":"https:\/\/www.claret.cat\/es\/wp-json\/wp\/v2\/types\/product"}],"wp:featuredmedia":[{"embeddable":true,"href":"https:\/\/www.claret.cat\/es\/wp-json\/wp\/v2\/media\/1085968"}],"wp:attachment":[{"href":"https:\/\/www.claret.cat\/es\/wp-json\/wp\/v2\/media?parent=1085967"}],"wp:term":[{"taxonomy":"product_brand","embeddable":true,"href":"https:\/\/www.claret.cat\/es\/wp-json\/wp\/v2\/product_brand?post=1085967"},{"taxonomy":"product_cat","embeddable":true,"href":"https:\/\/www.claret.cat\/es\/wp-json\/wp\/v2\/product_cat?post=1085967"},{"taxonomy":"product_tag","embeddable":true,"href":"https:\/\/www.claret.cat\/es\/wp-json\/wp\/v2\/product_tag?post=1085967"}],"curies":[{"name":"wp","href":"https:\/\/api.w.org\/{rel}","templated":true}]}}